{"id":10103,"date":"2023-07-07T14:39:25","date_gmt":"2023-07-07T07:39:25","guid":{"rendered":"https:\/\/prima.com.vn\/product\/ch\u01b0a%20ph\u00e2n%20lo\u1ea1i\/tranh-xuyen-thau-hinh-doi-chim-thuong-xuan\/"},"modified":"2026-01-02T14:19:33","modified_gmt":"2026-01-02T07:19:33","slug":"tranh-xuyen-thau-hinh-doi-chim-thuong-xuan","status":"publish","type":"product","link":"https:\/\/prima.com.vn\/en\/product\/prima-art\/chu-de\/\/tranh-xuyen-thau-hinh-doi-chim-thuong-xuan\/","title":{"rendered":"Tranh M\u1ef9 Ngh\u1ec7 Ph\u1ee7 V\u00e0ng 24K PRIMA ART -Xuy\u00ean th\u1ea5u \u0111\u00f4i chim th\u01b0\u1eddng xu\u00e2n"},"content":{"rendered":"<p class=\"QN2lPu\">Chim ch\u00e0o m\u00e0o hay c\u00f2n g\u1ecdi l\u00e0 chim tr\u01b0\u1eddng xu\u00e2n t\u1eeb l\u00e2u \u0111\u00e3 tr\u1edf th\u00e0nh bi\u1ec3u t\u01b0\u1ee3ng c\u1ee7a s\u1ef1 th\u1ecbnh v\u01b0\u1ee3ng, b\u00ecnh an v\u00e0 h\u1ea1nh ph\u00fac.<\/p>\n<p class=\"QN2lPu\">V\u1edbi ch\u1ea5t li\u1ec7u v\u00e0ng 24K cao c\u1ea5p k\u1ebft h\u1ee3p nh\u1ecbp nh\u00e0ng v\u1edbi k\u1ef9 thu\u1eadt t\u1ea1o t\u00e1c \u0111i\u00eau luy\u1ec7n c\u1ee7a ngh\u1ec7 nh\u00e2n Prima, h\u00ecnh \u1ea3nh \u0111\u00f4i chim tr\u01b0\u1eddng xu\u00e2n b\u00ean nh\u00e0nh c\u00e2y mang th\u00f4ng \u0111i\u1ec7p nh\u01b0 m\u1ed9t l\u1eddi c\u1ea7u ch\u00fac h\u1ea1nh ph\u00fac m\u00e0 Prima mong mu\u1ed1n g\u1eedi g\u1eafm th\u00f4ng qua t\u00e1c ph\u1ea9m.<\/p>\n<p class=\"QN2lPu\">Ngo\u00e0i ra, v\u1edbi khung k\u00ednh xuy\u00ean th\u1ea5u \u0111\u01b0\u1ee3c bao b\u1ecdc ch\u1ea5t li\u1ec7u g\u1ed7, t\u00e1c ph\u1ea9m n\u00e0y c\u00f3 th\u1ec3 ph\u00f9 h\u1ee3p v\u1edbi nhi\u1ec1u kh\u00f4ng gian kh\u00e1c nhau nh\u01b0 ph\u00f2ng kh\u00e1ch \u0111\u1ec3 thu h\u00fat n\u0103ng l\u01b0\u1ee3ng t\u01b0\u01a1i m\u1edbi ho\u1eb7c \u0111\u1eb7t ph\u00f2ng ng\u1ee7 thay l\u1eddi ch\u00fac b\u00e1ch ni\u00ean giai l\u00e3o \u0111\u1ebfn c\u1eb7p \u0111\u00f4i<\/p>\n<p class=\"QN2lPu\">\u0110\u1ed1i v\u1edbi nh\u1eefng c\u1eb7p \u0111\u00f4i \u0111\u00e3 ho\u1eb7c \u0111ang b\u01b0\u1edbc v\u00e0o chuy\u1ebfn h\u00e0nh tr\u00ecnh x\u00e2y d\u1ef1ng t\u1ed5 \u1ea5m d\u01b0\u1edbi m\u1ed9t m\u00e1i nh\u00e0, t\u00e1c ph\u1ea9m \u201c\u0110\u00f4i chim tr\u01b0\u1eddng xu\u00e2n\u201d kh\u00f4ng ch\u1ec9 mang l\u1ea1i ngu\u1ed3n sinh kh\u00ed t\u00edch c\u1ef1c cho ng\u00f4i nh\u00e0 m\u00e0 c\u00f2n l\u00e0 l\u1eddi c\u1ea7u ch\u00fac v\u1ec1 m\u1ed9t cu\u1ed9c s\u1ed1ng h\u1ea1nh ph\u00fac, y\u00ean b\u00ecnh.<\/p>\n<div class=\"QN2lPu\">\n<div><picture class=\"UkIsx8\"><source class=\"UkIsx8\" srcset=\"https:\/\/down-vn.img.susercontent.com\/file\/vn-11134208-7ra0g-m7bsgqr802yk41@resize_w875_nl.webp 1x, https:\/\/down-vn.img.susercontent.com\/file\/vn-11134208-7ra0g-m7bsgqr802yk41@resize_w1750_nl.webp 2x\" type=\"image\/webp\" \/><img fetchpriority=\"high\" decoding=\"async\" class=\"uXN1L5 lazyload GqYslU\" src=\"https:\/\/down-vn.img.susercontent.com\/file\/vn-11134208-7ra0g-m7bsgqr802yk41\" srcset=\"https:\/\/down-vn.img.susercontent.com\/file\/vn-11134208-7ra0g-m7bsgqr802yk41@resize_w875_nl 1x, https:\/\/down-vn.img.susercontent.com\/file\/vn-11134208-7ra0g-m7bsgqr802yk41@resize_w1750_nl 2x\" width=\"987\" height=\"494\" \/><\/picture><\/div>\n<\/div>\n<p class=\"QN2lPu\">\ud83d\udc8cCH\u1ea4T LI\u1ec6U &amp; C\u00c1CH S\u1eec D\u1ee4NG<\/p>\n<p class=\"QN2lPu\">\u2022 Ch\u1ea5t li\u1ec7u: Tranh Ph\u1ee7 V\u00e0ng 24K<\/p>\n<p class=\"QN2lPu\">\u2022 Xu\u1ea5t x\u1ee9: Vi\u1ec7t Nam<\/p>\n<p class=\"QN2lPu\">\ud83d\udc8cCH\u00cdNH S\u00c1CH B\u1ea2O H\u00c0NH<\/p>\n<p class=\"QN2lPu\">\u0110\u00e2y l\u00e0 s\u1ea3n ph\u1ea9m s\u00e1ng t\u1ea1o ch\u1ea5t l\u01b0\u1ee3ng cao c\u1ee7a th\u01b0\u01a1ng hi\u1ec7u PRIMA ART, \u0111\u01b0\u1ee3c thi\u1ebft k\u1ebf v\u00e0 ch\u1ebf t\u1ea1o quy tr\u00ecnh nghi\u00eam ng\u1eb7t c\u1ee7a Cty TNHH Pranda Vi\u1ec7t Nam, th\u00e0nh vi\u00ean c\u1ee7a T\u1eadp \u0111o\u00e0n Pranda, Th\u00e1i Lan. M\u1ed7i s\u1ea3n ph\u1ea9m PRIMA t\u00e1c ph\u1ea9m ngh\u1ec7 thu\u1eadt th\u1ee7 c\u00f4ng s\u1eed d\u1ee5ng v\u00e0ng 24K, ch\u1ebf t\u00e1c b\u1edfi c\u00e1c th\u1ee3 kim ho\u00e0n c\u00f3 tay ngh\u1ec1 cao v\u1edbi k\u1ef9 thu\u1eadt hi\u1ec7n \u0111\u1ea1i.<\/p>\n<p class=\"QN2lPu\">\ud83d\udc8cQuy \u0111\u1ecbnh v\u00e0 \u0111i\u1ec1u ki\u1ec7n:<\/p>\n<p class=\"QN2lPu\">Th\u1eddi h\u1ea1n b\u1ea3o h\u00e0nh 02 n\u0103m k\u1ec3 t\u1eeb ng\u00e0y mua ghi tr\u00ean phi\u1ebfu\/th\u1ebb b\u1ea3o h\u00e0nh.<\/p>\n<p class=\"QN2lPu\">\u2714\ufe0fS\u1ea3n ph\u1ea9m \u0111\u01b0\u1ee3c b\u1ea3o h\u00e0nh trong c\u00e1c tr\u01b0\u1eddng h\u1ee3p sau:<\/p>\n<p class=\"QN2lPu\">&#8211; L\u1ed7i k\u1ef9 thu\u1eadt s\u1ea3n ph\u1ea9m ph\u00e1t sinh trong qu\u00e1 tr\u00ecnh s\u1ea3n xu\u1ea5t, \u0111\u01b0\u1ee3c ki\u1ec3m tra b\u1edfi Cty TNHH Pranda Vi\u1ec7t Nam.<\/p>\n<p class=\"QN2lPu\">&#8211; Th\u1eddi gian b\u1ea3o h\u00e0nh c\u00f2n hi\u1ec7u l\u1ef1c. Phi\u1ebfu\/th\u1ebb b\u1ea3o h\u00e0nh c\u00f2n nguy\u00ean v\u00e0 \u0111\u1ea7y \u0111\u1ee7 th\u00f4ng tin s\u1ea3n ph\u1ea9m.<\/p>\n<p class=\"QN2lPu\">\ud83d\udc8cS\u1ea3n ph\u1ea9m kh\u00f4ng \u0111\u01b0\u1ee3c b\u1ea3o h\u00e0nh trong c\u00e1c tr\u01b0\u1eddng h\u1ee3p sau:<\/p>\n<p class=\"QN2lPu\">&#8211; H\u01b0 h\u1ea1i do (i) s\u1eed d\u1ee5ng \/ v\u1eadn chuy\u1ec3n kh\u00f4ng \u0111\u00fang c\u00e1ch, sai m\u1ee5c \u0111\u00edch, t\u1ef1 \u00fd thay \u0111\u1ed5i \/ s\u1eeda ch\u1eefa c\u00e1c linh ki\u1ec7n v.v\u2026v\u00e0 s\u1ea3n ph\u1ea9m kh\u00f4ng c\u00f2n nguy\u00ean tr\u1ea1ng nh\u01b0 s\u1ea3n ph\u1ea9m ban \u0111\u1ea7u, (ii) b\u1ea5t kh\u1ea3 kh\u00e1ng (kh\u00ed h\u1eadu, chi\u1ebfn tranh, v.v).<\/p>\n<p class=\"QN2lPu\">&#8211; Kh\u00e1ch h\u00e0ng c\u00f3 th\u1ec3 ph\u1ea3i tr\u1ea3 ph\u00ed b\u1ea3o h\u00e0nh ho\u1eb7c s\u1eeda ch\u1eefa.<\/p>\n<p class=\"QN2lPu\">&#8211; Th\u1eddi gian b\u1ea3o h\u00e0nh ho\u1eb7c s\u1eeda ch\u1eefa t\u1eeb 10 ng\u00e0y t\u1ea1i H\u1ed3 Ch\u00ed Minh v\u00e0 t\u1eeb 14 ng\u00e0y t\u1ea1i H\u00e0 N\u1ed9i. C\u00e1c tr\u01b0\u1eddng h\u1ee3p s\u1ea3n ph\u1ea9m b\u1ecb h\u01b0 h\u1ecfng n\u1eb7ng \u0111\u01b0\u1ee3c quy\u1ebft \u0111\u1ecbnh b\u1edfi Cty TNHH Pranda Vi\u1ec7t Nam, th\u1eddi gian s\u1ebd m\u1ea5t kho\u1ea3ng t\u1eeb 25 \u0111\u1ebfn 30 ng\u00e0y t\u00f9y tr\u01b0\u1eddng h\u1ee3p.<\/p>\n<p class=\"QN2lPu\">\u2714\ufe0fCH\u00cdNH S\u00c1CH TH\u00c2U \u0110\u1ed4I<\/p>\n<p class=\"QN2lPu\">PRIMA Vi\u1ec7t Nam KH\u00d4NG NH\u1eacN TH\u00c2U \u0110\u1ed4I \u0110\u1ed0I V\u1edaI S\u1ea2N PH\u1ea8M TRANH &amp; QU\u00c0 T\u1eb6NG V\u00c0NG<\/p>\n<p class=\"QN2lPu\">*L\u01afU \u00dd: GI\u00c1 S\u1ea2N PH\u1ea8M CH\u01afA BAO G\u1ed2M PH\u00cd V\u1eacN CHUY\u1ec2N<\/p>\n<p>Exquisite handcrafted gold-coated artwork:<\/p>\n<p>\u2022PRIMA ART is crafted using a unique technique: Pure 24K gold is processed into fine particles and carefully coated onto a special base material. Skilled artisans then meticulously cut, carve, and assemble each detail by hand, creating vivid, dimensional, and highly valuable works of art. <\/p>","protected":false},"excerpt":{"rendered":"<p class=\"QN2lPu\">Chim ch\u00e0o m\u00e0o hay c\u00f2n g\u1ecdi l\u00e0 chim tr\u01b0\u1eddng xu\u00e2n t\u1eeb l\u00e2u \u0111\u00e3 tr\u1edf th\u00e0nh bi\u1ec3u t\u01b0\u1ee3ng c\u1ee7a s\u1ef1 th\u1ecbnh v\u01b0\u1ee3ng, b\u00ecnh an v\u00e0 h\u1ea1nh ph\u00fac.<\/p>\n<p class=\"QN2lPu\">V\u1edbi ch\u1ea5t li\u1ec7u v\u00e0ng 24K cao c\u1ea5p k\u1ebft h\u1ee3p nh\u1ecbp nh\u00e0ng v\u1edbi k\u1ef9 thu\u1eadt t\u1ea1o t\u00e1c \u0111i\u00eau luy\u1ec7n c\u1ee7a ngh\u1ec7 nh\u00e2n Prima, h\u00ecnh \u1ea3nh \u0111\u00f4i chim tr\u01b0\u1eddng xu\u00e2n b\u00ean nh\u00e0nh c\u00e2y mang th\u00f4ng \u0111i\u1ec7p nh\u01b0 m\u1ed9t l\u1eddi c\u1ea7u ch\u00fac h\u1ea1nh ph\u00fac m\u00e0 Prima mong mu\u1ed1n g\u1eedi g\u1eafm th\u00f4ng qua t\u00e1c ph\u1ea9m.<\/p>\n<p class=\"QN2lPu\">Ngo\u00e0i ra, v\u1edbi khung k\u00ednh xuy\u00ean th\u1ea5u \u0111\u01b0\u1ee3c bao b\u1ecdc ch\u1ea5t li\u1ec7u g\u1ed7, t\u00e1c ph\u1ea9m n\u00e0y c\u00f3 th\u1ec3 ph\u00f9 h\u1ee3p v\u1edbi nhi\u1ec1u kh\u00f4ng gian kh\u00e1c nhau nh\u01b0 ph\u00f2ng kh\u00e1ch \u0111\u1ec3 thu h\u00fat n\u0103ng l\u01b0\u1ee3ng t\u01b0\u01a1i m\u1edbi ho\u1eb7c \u0111\u1eb7t ph\u00f2ng ng\u1ee7 thay l\u1eddi ch\u00fac b\u00e1ch ni\u00ean giai l\u00e3o \u0111\u1ebfn c\u1eb7p \u0111\u00f4i<\/p>\n<p class=\"QN2lPu\">\u0110\u1ed1i v\u1edbi nh\u1eefng c\u1eb7p \u0111\u00f4i \u0111\u00e3 ho\u1eb7c \u0111ang b\u01b0\u1edbc v\u00e0o chuy\u1ebfn h\u00e0nh tr\u00ecnh x\u00e2y d\u1ef1ng t\u1ed5 \u1ea5m d\u01b0\u1edbi m\u1ed9t m\u00e1i nh\u00e0, t\u00e1c ph\u1ea9m \u201c\u0110\u00f4i chim tr\u01b0\u1eddng xu\u00e2n\u201d kh\u00f4ng ch\u1ec9 mang l\u1ea1i ngu\u1ed3n sinh kh\u00ed t\u00edch c\u1ef1c cho ng\u00f4i nh\u00e0 m\u00e0 c\u00f2n l\u00e0 l\u1eddi c\u1ea7u ch\u00fac v\u1ec1 m\u1ed9t cu\u1ed9c s\u1ed1ng h\u1ea1nh ph\u00fac, y\u00ean b\u00ecnh.<\/p>","protected":false},"featured_media":8474,"comment_status":"open","ping_status":"closed","template":"","meta":[],"product_cat":[376,294,250,372,247,249,374,375,127,259],"product_tag":[],"class_list":{"0":"post-10103","1":"product","2":"type-product","3":"status-publish","4":"has-post-thumbnail","6":"product_cat-crystaline","7":"product_cat-phong-cach-song","8":"product_cat-qua-mung-cuoi","9":"product_cat-qua-mung-tan-gia","10":"product_cat-qua-tang-sinh-nhat","11":"product_cat-qua-tang-tri-an","12":"product_cat-trang-tri-nha-cua","13":"product_cat-trang-tri-van-phong","14":"product_cat-tranh-vang","15":"product_cat-vang-24k-metal-prima-art","17":"first","18":"instock","19":"shipping-taxable","20":"purchasable","21":"product-type-simple"},"acf":[],"_links":{"self":[{"href":"https:\/\/prima.com.vn\/en\/wp-json\/wp\/v2\/product\/10103","targetHints":{"allow":["GET"]}}],"collection":[{"href":"https:\/\/prima.com.vn\/en\/wp-json\/wp\/v2\/product"}],"about":[{"href":"https:\/\/prima.com.vn\/en\/wp-json\/wp\/v2\/types\/product"}],"replies":[{"embeddable":true,"href":"https:\/\/prima.com.vn\/en\/wp-json\/wp\/v2\/comments?post=10103"}],"version-history":[{"count":9,"href":"https:\/\/prima.com.vn\/en\/wp-json\/wp\/v2\/product\/10103\/revisions"}],"predecessor-version":[{"id":16004,"href":"https:\/\/prima.com.vn\/en\/wp-json\/wp\/v2\/product\/10103\/revisions\/16004"}],"wp:featuredmedia":[{"embeddable":true,"href":"https:\/\/prima.com.vn\/en\/wp-json\/wp\/v2\/media\/8474"}],"wp:attachment":[{"href":"https:\/\/prima.com.vn\/en\/wp-json\/wp\/v2\/media?parent=10103"}],"wp:term":[{"taxonomy":"product_cat","embeddable":true,"href":"https:\/\/prima.com.vn\/en\/wp-json\/wp\/v2\/product_cat?post=10103"},{"taxonomy":"product_tag","embeddable":true,"href":"https:\/\/prima.com.vn\/en\/wp-json\/wp\/v2\/product_tag?post=10103"}],"curies":[{"name":"wp","href":"https:\/\/api.w.org\/{rel}","templated":true}]}}