{"id":10100,"date":"2023-07-07T14:39:22","date_gmt":"2023-07-07T07:39:22","guid":{"rendered":"https:\/\/prima.com.vn\/product\/ch\u01b0a%20ph\u00e2n%20lo\u1ea1i\/tranh-hinh-linh-vat-tuoi-suu-khung-vang-2021\/"},"modified":"2026-01-02T14:16:01","modified_gmt":"2026-01-02T07:16:01","slug":"tranh-hinh-linh-vat-tuoi-suu-khung-vang-2021","status":"publish","type":"product","link":"https:\/\/prima.com.vn\/en\/product\/prima-art\/chu-de\/\/tranh-hinh-linh-vat-tuoi-suu-khung-vang-2021\/","title":{"rendered":"Tranh M\u1ef9 Ngh\u1ec7 Ph\u1ee7 V\u00e0ng 24K PRIMA ART -Linh v\u1eadt Tu\u1ed5i S\u1eedu khung V\u00e0ng"},"content":{"rendered":"<p>Tranh h\u00ecnh con Tr\u00e2u v\u00e0 \u0111\u1ed3ng ti\u1ec1n v\u00e0ng khung v\u00e0ng<br \/>\nK\u00edch th\u01b0\u1edbc : 18 x 18 cm (Cao x R\u1ed9ng )<br \/>\nCh\u1ea5t li\u1ec7u : V\u00e0ng 24K (99.9% )<\/p>\n<p>S\u1ea3n ph\u1ea9m n\u1eb1m trong b\u1ed9 s\u01b0u t\u1eadp 12 con Gi\u00e1p<br \/>\nTranh \u201cTr\u00e2u V\u00e0ng T\u00e0i L\u1ed9c\u201d \u0111\u01b0\u1ee3c ngh\u1ec7 nh\u00e2n Prima Art t\u1ec9 m\u1ec9 ch\u1ebf t\u00e1c tr\u00ean ch\u1ea5t li\u1ec7u v\u00e0ng 24K. \u0110i\u1ec3m thu h\u00fat \u1edf t\u00e1c ph\u1ea9m c\u00f2n th\u1ec3 hi\u1ec7n \u1edf h\u00ecnh \u1ea3nh con Tr\u00e2u V\u00e0ng \u0111\u1ee9ng tr\u00ean \u0111\u1ed1ng ti\u1ec1n b\u1ea1c, v\u1edbi m\u1ed9t \u00fd ngh\u0129a mang \u0111\u1ebfn nhi\u1ec1u t\u00e0i l\u1ed9c may m\u1eafn d\u00e0nh cho gia ch\u1ee7.<\/p>\n<p>Exquisite handcrafted gold-coated artwork:<\/p>\n<p>\u2022PRIMA ART is crafted using a unique technique: Pure 24K gold is processed into fine particles and carefully coated onto a special base material. Skilled artisans then meticulously cut, carve, and assemble each detail by hand, creating vivid, dimensional, and highly valuable works of art. <\/p>","protected":false},"excerpt":{"rendered":"<p>T\u00e1c ph\u1ea9m Tr\u00e2u V\u00e0ng T\u00e0i L\u1ed9c kh\u1eafc h\u1ecda h\u00ecnh \u1ea3nh ch\u00fa tr\u00e2u v\u00e0ng v\u1eefng b\u01b0\u1edbc tr\u00ean \u0111\u1ed1ng t\u00e0i b\u1ea3o, bi\u1ec3u t\u01b0\u1ee3ng cho s\u1ee9c m\u1ea1nh, s\u1ef1 ch\u0103m ch\u1ec9 v\u00e0 th\u1ecbnh v\u01b0\u1ee3ng. T\u00e1c ph\u1ea9m mang \u00fd ngh\u0129a v\u1ec1 tinh th\u1ea7n lao \u0111\u1ed9ng b\u1ec1n b\u1ec9, n\u1ed7 l\u1ef1c kh\u00f4ng ng\u1eebng \u0111\u1ec3 \u0111\u1ea1t \u0111\u01b0\u1ee3c th\u00e0nh c\u00f4ng v\u00e0 gi\u00e0u c\u00f3, \u0111\u1ed3ng th\u1eddi lan t\u1ecfa ngu\u1ed3n n\u0103ng l\u01b0\u1ee3ng c\u1ee7a s\u1ef1 ki\u00ean c\u01b0\u1eddng v\u00e0 ph\u00fa qu\u00fd cho kh\u00f4ng gian tr\u01b0ng b\u00e0y.<\/p>","protected":false},"featured_media":11235,"comment_status":"open","ping_status":"closed","template":"","meta":[],"product_cat":[382,134,372,379,247,381,378,375,127,259],"product_tag":[],"class_list":{"0":"post-10100","1":"product","2":"type-product","3":"status-publish","4":"has-post-thumbnail","6":"product_cat-may-man-chu-de","7":"product_cat-phong-thuy-thinh-vuong","8":"product_cat-qua-mung-tan-gia","9":"product_cat-qua-mung-thang-tien-qua-tang-tri-anqua-tang","10":"product_cat-qua-tang-sinh-nhat","11":"product_cat-sung-tuc-thinh-vuong","12":"product_cat-trang-tri-nha-cua-qua-tang-tri-anqua-tang","13":"product_cat-trang-tri-van-phong","14":"product_cat-tranh-vang","15":"product_cat-vang-24k-metal-prima-art","17":"first","18":"instock","19":"shipping-taxable","20":"purchasable","21":"product-type-simple"},"acf":[],"_links":{"self":[{"href":"https:\/\/prima.com.vn\/en\/wp-json\/wp\/v2\/product\/10100","targetHints":{"allow":["GET"]}}],"collection":[{"href":"https:\/\/prima.com.vn\/en\/wp-json\/wp\/v2\/product"}],"about":[{"href":"https:\/\/prima.com.vn\/en\/wp-json\/wp\/v2\/types\/product"}],"replies":[{"embeddable":true,"href":"https:\/\/prima.com.vn\/en\/wp-json\/wp\/v2\/comments?post=10100"}],"version-history":[{"count":9,"href":"https:\/\/prima.com.vn\/en\/wp-json\/wp\/v2\/product\/10100\/revisions"}],"predecessor-version":[{"id":16396,"href":"https:\/\/prima.com.vn\/en\/wp-json\/wp\/v2\/product\/10100\/revisions\/16396"}],"wp:featuredmedia":[{"embeddable":true,"href":"https:\/\/prima.com.vn\/en\/wp-json\/wp\/v2\/media\/11235"}],"wp:attachment":[{"href":"https:\/\/prima.com.vn\/en\/wp-json\/wp\/v2\/media?parent=10100"}],"wp:term":[{"taxonomy":"product_cat","embeddable":true,"href":"https:\/\/prima.com.vn\/en\/wp-json\/wp\/v2\/product_cat?post=10100"},{"taxonomy":"product_tag","embeddable":true,"href":"https:\/\/prima.com.vn\/en\/wp-json\/wp\/v2\/product_tag?post=10100"}],"curies":[{"name":"wp","href":"https:\/\/api.w.org\/{rel}","templated":true}]}}