{"id":10085,"date":"2023-07-07T14:39:11","date_gmt":"2023-07-07T07:39:11","guid":{"rendered":"https:\/\/prima.com.vn\/product\/ch\u01b0a%20ph\u00e2n%20lo\u1ea1i\/cong-vang-quyen-quy\/"},"modified":"2026-01-02T14:20:37","modified_gmt":"2026-01-02T07:20:37","slug":"cong-vang-quyen-quy","status":"publish","type":"product","link":"https:\/\/prima.com.vn\/en\/product\/prima-art\/chu-de\/bieu-tuong\/cong-vang-quyen-quy\/","title":{"rendered":"Tranh M\u1ef9 Ngh\u1ec7 Ph\u1ee7 V\u00e0ng 24K PRIMA ART -C\u00d4NG V\u00e0ng QUY\u1ec0N QU\u00dd"},"content":{"rendered":"<p>L\u1eddi ch\u00fac n\u00e0y kh\u00f4ng ch\u1ec9 d\u00e0nh cho nh\u1eefng ng\u01b0 d\u00e2n, nh\u1eefng nh\u00e0 bu\u00f4n tr\u00ean bi\u1ec3n m\u00e0 n\u00f3 tr\u1edf n\u00ean th\u1ecbnh h\u00e0nh, \u0111\u1eb7c bi\u1ec7t l\u00e0 v\u1edbi gi\u1edbi doanh nh\u00e2n. H\u1ecd lu\u00f4n mong mu\u1ed1n c\u00f4ng vi\u1ec7c l\u00e0m \u0103n kinh doanh \u0111\u01b0\u1ee3c thu\u1eadn l\u1ee3i v\u00e0 h\u1ecd treo tranh thuy\u1ec1n bu\u1ed3m phong th\u1ee7y<br \/>\nB\u1ee9c tranh thuy\u1ec1n v\u00e0 bi\u1ec3n n\u00e0y n\u00ean \u0111\u01b0\u1ee3c treo \u1edf ph\u00f2ng kh\u00e1ch ho\u1eb7c ph\u00f2ng l\u00e0m vi\u1ec7c, ngo\u00e0i ra c\u0169ng c\u1ea7n ch\u00fa \u00fd treo tranh thu\u1eadn bu\u1ed3m xu\u00f4i gi\u00f3 ph\u1ea3i \u0111\u1ec3 h\u01b0\u1edbng thuy\u1ec1n \u0111i v\u00e0o trong nh\u00e0, h\u00e0m \u00fd mang v\u1eadn may, ti\u1ec1n t\u00e0i v\u00e0o nh\u00e0, kh\u00f4ng n\u00ean treo h\u01b0\u1edbng ng\u01b0\u1ee3c l\u1ea1i s\u1ebd l\u00e0m v\u1eadn kh\u00ed \u0111i ra.<\/p>\n<p>\ud83d\udc8cCH\u00cdNH S\u00c1CH B\u1ea2O H\u00c0NH<\/p>\n<p>\u0110\u00e2y l\u00e0 s\u1ea3n ph\u1ea9m s\u00e1ng t\u1ea1o ch\u1ea5t l\u01b0\u1ee3ng cao c\u1ee7a th\u01b0\u01a1ng hi\u1ec7u PRIMA ART, \u0111\u01b0\u1ee3c thi\u1ebft k\u1ebf v\u00e0 ch\u1ebf t\u1ea1o quy tr\u00ecnh nghi\u00eam ng\u1eb7t c\u1ee7a Cty TNHH Pranda Vi\u1ec7t Nam, th\u00e0nh vi\u00ean c\u1ee7a T\u1eadp \u0111o\u00e0n Pranda, Th\u00e1i Lan. M\u1ed7i s\u1ea3n ph\u1ea9m PRIMA t\u00e1c ph\u1ea9m ngh\u1ec7 thu\u1eadt th\u1ee7 c\u00f4ng s\u1eed d\u1ee5ng v\u00e0ng 24K, ch\u1ebf t\u00e1c b\u1edfi c\u00e1c th\u1ee3 kim ho\u00e0n c\u00f3 tay ngh\u1ec1 cao v\u1edbi k\u1ef9 thu\u1eadt hi\u1ec7n \u0111\u1ea1i.<\/p>\n<p>\ud83d\udc8cQuy \u0111\u1ecbnh v\u00e0 \u0111i\u1ec1u ki\u1ec7n:<\/p>\n<p>Th\u1eddi h\u1ea1n b\u1ea3o h\u00e0nh 02 n\u0103m k\u1ec3 t\u1eeb ng\u00e0y mua ghi tr\u00ean phi\u1ebfu\/th\u1ebb b\u1ea3o h\u00e0nh.<\/p>\n<p>\u2714\ufe0fS\u1ea3n ph\u1ea9m \u0111\u01b0\u1ee3c b\u1ea3o h\u00e0nh trong c\u00e1c tr\u01b0\u1eddng h\u1ee3p sau:<\/p>\n<p>&#8211; L\u1ed7i k\u1ef9 thu\u1eadt s\u1ea3n ph\u1ea9m ph\u00e1t sinh trong qu\u00e1 tr\u00ecnh s\u1ea3n xu\u1ea5t, \u0111\u01b0\u1ee3c ki\u1ec3m tra b\u1edfi Cty TNHH Pranda Vi\u1ec7t Nam.<\/p>\n<p>&#8211; Th\u1eddi gian b\u1ea3o h\u00e0nh c\u00f2n hi\u1ec7u l\u1ef1c. Phi\u1ebfu\/th\u1ebb b\u1ea3o h\u00e0nh c\u00f2n nguy\u00ean v\u00e0 \u0111\u1ea7y \u0111\u1ee7 th\u00f4ng tin s\u1ea3n ph\u1ea9m.<\/p>\n<p>\ud83d\udc8cS\u1ea3n ph\u1ea9m kh\u00f4ng \u0111\u01b0\u1ee3c b\u1ea3o h\u00e0nh trong c\u00e1c tr\u01b0\u1eddng h\u1ee3p sau:<\/p>\n<p>&#8211; H\u01b0 h\u1ea1i do (i) s\u1eed d\u1ee5ng \/ v\u1eadn chuy\u1ec3n kh\u00f4ng \u0111\u00fang c\u00e1ch, sai m\u1ee5c \u0111\u00edch, t\u1ef1 \u00fd thay \u0111\u1ed5i \/ s\u1eeda ch\u1eefa c\u00e1c linh ki\u1ec7n v.v\u2026v\u00e0 s\u1ea3n ph\u1ea9m kh\u00f4ng c\u00f2n nguy\u00ean tr\u1ea1ng nh\u01b0 s\u1ea3n ph\u1ea9m ban \u0111\u1ea7u, (ii) b\u1ea5t kh\u1ea3 kh\u00e1ng (kh\u00ed h\u1eadu, chi\u1ebfn tranh, v.v).<\/p>\n<p>&#8211; Kh\u00e1ch h\u00e0ng c\u00f3 th\u1ec3 ph\u1ea3i tr\u1ea3 ph\u00ed b\u1ea3o h\u00e0nh ho\u1eb7c s\u1eeda ch\u1eefa.<\/p>\n<p>&#8211; Th\u1eddi gian b\u1ea3o h\u00e0nh ho\u1eb7c s\u1eeda ch\u1eefa t\u1eeb 10 ng\u00e0y t\u1ea1i H\u1ed3 Ch\u00ed Minh v\u00e0 t\u1eeb 14 ng\u00e0y t\u1ea1i H\u00e0 N\u1ed9i. C\u00e1c tr\u01b0\u1eddng h\u1ee3p s\u1ea3n ph\u1ea9m b\u1ecb h\u01b0 h\u1ecfng n\u1eb7ng \u0111\u01b0\u1ee3c quy\u1ebft \u0111\u1ecbnh b\u1edfi Cty TNHH Pranda Vi\u1ec7t Nam, th\u1eddi gian s\u1ebd m\u1ea5t kho\u1ea3ng t\u1eeb 25 \u0111\u1ebfn 30 ng\u00e0y t\u00f9y tr\u01b0\u1eddng h\u1ee3p.<\/p>\n<p>\u2714\ufe0fCH\u00cdNH S\u00c1CH TH\u00c2U \u0110\u1ed4I<\/p>\n<p>PRIMA Vi\u1ec7t Nam KH\u00d4NG NH\u1eacN TH\u00c2U \u0110\u1ed4I \u0110\u1ed0I V\u1edaI S\u1ea2N PH\u1ea8M TRANH &amp; QU\u00c0 T\u1eb6NG V\u00c0NG<\/p>\n<p>*L\u01afU \u00dd: GI\u00c1 S\u1ea2N PH\u1ea8M CH\u01afA BAO G\u1ed2M PH\u00cd V\u1eacN CHUY\u1ec2N<\/p>\n<p>\ud83d\udc8c MI\u1ec4N PH\u00cd V\u1eacN CHUY\u1ec2N khu v\u1ef1c n\u1ed9i th\u00e0nh H\u1ed2 CH\u00cd MINH v\u00e0 H\u00c0 N\u1ed8I<\/p>\n<p>Exquisite handcrafted gold-coated artwork:<\/p>\n<p>\u2022PRIMA ART is crafted using a unique technique: Pure 24K gold is processed into fine particles and carefully coated onto a special base material. Skilled artisans then meticulously cut, carve, and assemble each detail by hand, creating vivid, dimensional, and highly valuable works of art. <\/p>","protected":false},"excerpt":{"rendered":"<p>T\u00e1c ph\u1ea9m NOBLE Peafowl, C\u00f4ng V\u00e0ng Quy\u1ec1n Qu\u00fd kh\u1eafc h\u1ecda h\u00ecnh \u1ea3nh ch\u00fa c\u00f4ng ki\u00eau sa \u0111\u1ee9ng tr\u00ean c\u00e0nh mai gi\u1eefa khu v\u01b0\u1eddn xanh m\u01b0\u1edbt, t\u01b0\u1ee3ng tr\u01b0ng cho v\u1ebb \u0111\u1eb9p, s\u1ef1 thanh l\u1ecbch v\u00e0 cu\u1ed9c s\u1ed1ng v\u01b0\u01a1ng gi\u1ea3. Trong phong th\u1ee7y, c\u00f4ng c\u00f2n l\u00e0 bi\u1ec3u t\u01b0\u1ee3ng c\u1ee7a th\u1ecbnh v\u01b0\u1ee3ng, sung t\u00fac nh\u1edd b\u1ed9 \u0111u\u00f4i s\u1eb7c s\u1ee1 t\u1ef1a nh\u1eefng \u0111\u1ed3ng ti\u1ec1n c\u1ed5 mang \u0111\u1ebfn ph\u00fac kh\u00ed d\u1ed3i d\u00e0o. \u0110\u01b0\u1ee3c \u0111\u1eb7t trong khung tranh cao c\u1ea5p, t\u00e1c ph\u1ea9m mang l\u1ea1i n\u00e9t cu\u1ed1n h\u00fat v\u01b0\u1ee3t th\u1eddi gian cho m\u1ecdi kh\u00f4ng gian tr\u01b0ng b\u00e0y.<\/p>","protected":false},"featured_media":11273,"comment_status":"open","ping_status":"closed","template":"","meta":[],"product_cat":[380,134,372,373,247,249,381,374,375,127,259],"product_tag":[299],"class_list":{"0":"post-10085","1":"product","2":"type-product","3":"status-publish","4":"has-post-thumbnail","6":"product_cat-may-man","7":"product_cat-phong-thuy-thinh-vuong","8":"product_cat-qua-mung-tan-gia","9":"product_cat-qua-mung-thang-tien","10":"product_cat-qua-tang-sinh-nhat","11":"product_cat-qua-tang-tri-an","12":"product_cat-sung-tuc-thinh-vuong","13":"product_cat-trang-tri-nha-cua","14":"product_cat-trang-tri-van-phong","15":"product_cat-tranh-vang","16":"product_cat-vang-24k-metal-prima-art","17":"product_tag-position-1","19":"first","20":"instock","21":"shipping-taxable","22":"purchasable","23":"product-type-simple"},"acf":[],"_links":{"self":[{"href":"https:\/\/prima.com.vn\/en\/wp-json\/wp\/v2\/product\/10085","targetHints":{"allow":["GET"]}}],"collection":[{"href":"https:\/\/prima.com.vn\/en\/wp-json\/wp\/v2\/product"}],"about":[{"href":"https:\/\/prima.com.vn\/en\/wp-json\/wp\/v2\/types\/product"}],"replies":[{"embeddable":true,"href":"https:\/\/prima.com.vn\/en\/wp-json\/wp\/v2\/comments?post=10085"}],"version-history":[{"count":12,"href":"https:\/\/prima.com.vn\/en\/wp-json\/wp\/v2\/product\/10085\/revisions"}],"predecessor-version":[{"id":16379,"href":"https:\/\/prima.com.vn\/en\/wp-json\/wp\/v2\/product\/10085\/revisions\/16379"}],"wp:featuredmedia":[{"embeddable":true,"href":"https:\/\/prima.com.vn\/en\/wp-json\/wp\/v2\/media\/11273"}],"wp:attachment":[{"href":"https:\/\/prima.com.vn\/en\/wp-json\/wp\/v2\/media?parent=10085"}],"wp:term":[{"taxonomy":"product_cat","embeddable":true,"href":"https:\/\/prima.com.vn\/en\/wp-json\/wp\/v2\/product_cat?post=10085"},{"taxonomy":"product_tag","embeddable":true,"href":"https:\/\/prima.com.vn\/en\/wp-json\/wp\/v2\/product_tag?post=10085"}],"curies":[{"name":"wp","href":"https:\/\/api.w.org\/{rel}","templated":true}]}}