{"id":10077,"date":"2023-07-07T14:38:59","date_gmt":"2023-07-07T07:38:59","guid":{"rendered":"https:\/\/prima.com.vn\/product\/ch\u01b0a%20ph\u00e2n%20lo\u1ea1i\/doi-chim-chao-mao-01\/"},"modified":"2026-01-02T14:19:34","modified_gmt":"2026-01-02T07:19:34","slug":"doi-chim-chao-mao-01","status":"publish","type":"product","link":"https:\/\/prima.com.vn\/en\/product\/prima-art\/chu-de\/\/doi-chim-chao-mao-01\/","title":{"rendered":"Tranh M\u1ef9 Ngh\u1ec7 Ph\u1ee7 V\u00e0ng 24K PRIMA ART -\u0110\u00d4I CHIM CH\u00c0O M\u00c0O &#8211; 01"},"content":{"rendered":"<p>Qu\u1ea3 l\u1ef1u c\u00f3 nhi\u1ec1u h\u1ea1t, \u201c H\u1ea1t\u201d ch\u1eef h\u00e1n g\u1ecdi l\u00e0 \u201ct\u1eed\u201d \u0111\u1ed3ng \u00e2m v\u1edbi \u201ct\u1eed\u201d c\u00f3 ngh\u0129a l\u00e0 \u2018\u201dcon c\u00e1i\u201d. Do \u0111\u00f3 qu\u1ea3 l\u1ef1u \u0111\u01b0\u1ee3c d\u00f9ng bi\u1ec3u tr\u01b0ng cho s\u1ef1 \u0111\u00f4ng con. H\u00ecnh h\u1ecda n\u00e0y th\u01b0\u1eddng th\u1ec3 hi\u1ec7n qu\u1ea3 l\u1ef1u chin khi t\u00e1ch v\u1ecf ra \u0111\u1ec3 l\u1ed9 nh\u1eefng h\u1ea1t \u0111\u1ecf g\u1ecdi l\u00e0 \u201c l\u1ef1u n\u1edf tr\u0103m con\u201d ho\u1eb7c \u201c l\u1ef1u h\u00e9 mi\u1ec7ng c\u01b0\u1eddi\u201d<br \/>\nTranh v\u00e0ng hai qu\u1ea3 l\u1ef1u \u0111\u01b0\u1ee3c d\u00f9ng l\u00e0m qu\u00e0 t\u1eb7ng c\u00f4 d\u00e2u ch\u00fa r\u1ec3 trong h\u00f4n l\u1ec5 c\u00f9ng v\u1edbi l\u1eddi ch\u00fac s\u1edbm sinh qu\u00fd t\u1eed.<br \/>\nNgo\u00e0i ra c\u00f3 th\u1ec3 treo tranh qu\u1ea3 l\u1ef1u theo h\u01b0\u1edbng may m\u1eafn ph\u00f2ng v\u1ee3 ch\u1ed3ng ho\u1eb7c ph\u00f2ng kh\u00e1ch.<\/p>\n<p>\ud83d\udc8cCH\u00cdNH S\u00c1CH B\u1ea2O H\u00c0NH<\/p>\n<p>\u0110\u00e2y l\u00e0 s\u1ea3n ph\u1ea9m s\u00e1ng t\u1ea1o ch\u1ea5t l\u01b0\u1ee3ng cao c\u1ee7a th\u01b0\u01a1ng hi\u1ec7u PRIMA ART, \u0111\u01b0\u1ee3c thi\u1ebft k\u1ebf v\u00e0 ch\u1ebf t\u1ea1o quy tr\u00ecnh nghi\u00eam ng\u1eb7t c\u1ee7a Cty TNHH Pranda Vi\u1ec7t Nam, th\u00e0nh vi\u00ean c\u1ee7a T\u1eadp \u0111o\u00e0n Pranda, Th\u00e1i Lan. M\u1ed7i s\u1ea3n ph\u1ea9m PRIMA t\u00e1c ph\u1ea9m ngh\u1ec7 thu\u1eadt th\u1ee7 c\u00f4ng s\u1eed d\u1ee5ng v\u00e0ng 24K, ch\u1ebf t\u00e1c b\u1edfi c\u00e1c th\u1ee3 kim ho\u00e0n c\u00f3 tay ngh\u1ec1 cao v\u1edbi k\u1ef9 thu\u1eadt hi\u1ec7n \u0111\u1ea1i.<\/p>\n<p>\ud83d\udc8cQuy \u0111\u1ecbnh v\u00e0 \u0111i\u1ec1u ki\u1ec7n:<\/p>\n<p>Th\u1eddi h\u1ea1n b\u1ea3o h\u00e0nh 02 n\u0103m k\u1ec3 t\u1eeb ng\u00e0y mua ghi tr\u00ean phi\u1ebfu\/th\u1ebb b\u1ea3o h\u00e0nh.<\/p>\n<p>\u2714\ufe0fS\u1ea3n ph\u1ea9m \u0111\u01b0\u1ee3c b\u1ea3o h\u00e0nh trong c\u00e1c tr\u01b0\u1eddng h\u1ee3p sau:<\/p>\n<p>&#8211; L\u1ed7i k\u1ef9 thu\u1eadt s\u1ea3n ph\u1ea9m ph\u00e1t sinh trong qu\u00e1 tr\u00ecnh s\u1ea3n xu\u1ea5t, \u0111\u01b0\u1ee3c ki\u1ec3m tra b\u1edfi Cty TNHH Pranda Vi\u1ec7t Nam.<\/p>\n<p>&#8211; Th\u1eddi gian b\u1ea3o h\u00e0nh c\u00f2n hi\u1ec7u l\u1ef1c. Phi\u1ebfu\/th\u1ebb b\u1ea3o h\u00e0nh c\u00f2n nguy\u00ean v\u00e0 \u0111\u1ea7y \u0111\u1ee7 th\u00f4ng tin s\u1ea3n ph\u1ea9m.<\/p>\n<p>\ud83d\udc8cS\u1ea3n ph\u1ea9m kh\u00f4ng \u0111\u01b0\u1ee3c b\u1ea3o h\u00e0nh trong c\u00e1c tr\u01b0\u1eddng h\u1ee3p sau:<\/p>\n<p>&#8211; H\u01b0 h\u1ea1i do (i) s\u1eed d\u1ee5ng \/ v\u1eadn chuy\u1ec3n kh\u00f4ng \u0111\u00fang c\u00e1ch, sai m\u1ee5c \u0111\u00edch, t\u1ef1 \u00fd thay \u0111\u1ed5i \/ s\u1eeda ch\u1eefa c\u00e1c linh ki\u1ec7n v.v\u2026v\u00e0 s\u1ea3n ph\u1ea9m kh\u00f4ng c\u00f2n nguy\u00ean tr\u1ea1ng nh\u01b0 s\u1ea3n ph\u1ea9m ban \u0111\u1ea7u, (ii) b\u1ea5t kh\u1ea3 kh\u00e1ng (kh\u00ed h\u1eadu, chi\u1ebfn tranh, v.v).<\/p>\n<p>&#8211; Kh\u00e1ch h\u00e0ng c\u00f3 th\u1ec3 ph\u1ea3i tr\u1ea3 ph\u00ed b\u1ea3o h\u00e0nh ho\u1eb7c s\u1eeda ch\u1eefa.<\/p>\n<p>&#8211; Th\u1eddi gian b\u1ea3o h\u00e0nh ho\u1eb7c s\u1eeda ch\u1eefa t\u1eeb 10 ng\u00e0y t\u1ea1i H\u1ed3 Ch\u00ed Minh v\u00e0 t\u1eeb 14 ng\u00e0y t\u1ea1i H\u00e0 N\u1ed9i. C\u00e1c tr\u01b0\u1eddng h\u1ee3p s\u1ea3n ph\u1ea9m b\u1ecb h\u01b0 h\u1ecfng n\u1eb7ng \u0111\u01b0\u1ee3c quy\u1ebft \u0111\u1ecbnh b\u1edfi Cty TNHH Pranda Vi\u1ec7t Nam, th\u1eddi gian s\u1ebd m\u1ea5t kho\u1ea3ng t\u1eeb 25 \u0111\u1ebfn 30 ng\u00e0y t\u00f9y tr\u01b0\u1eddng h\u1ee3p.<\/p>\n<p>\u2714\ufe0fCH\u00cdNH S\u00c1CH TH\u00c2U \u0110\u1ed4I<\/p>\n<p>PRIMA Vi\u1ec7t Nam KH\u00d4NG NH\u1eacN TH\u00c2U \u0110\u1ed4I \u0110\u1ed0I V\u1edaI S\u1ea2N PH\u1ea8M TRANH &amp; QU\u00c0 T\u1eb6NG V\u00c0NG<\/p>\n<p>*L\u01afU \u00dd: GI\u00c1 S\u1ea2N PH\u1ea8M CH\u01afA BAO G\u1ed2M PH\u00cd V\u1eacN CHUY\u1ec2N<\/p>\n<p>\ud83d\udc8c MI\u1ec4N PH\u00cd V\u1eacN CHUY\u1ec2N khu v\u1ef1c n\u1ed9i th\u00e0nh H\u1ed2 CH\u00cd MINH v\u00e0 H\u00c0 N\u1ed8I<\/p>\n<p>Exquisite handcrafted gold-coated artwork:<\/p>\n<p>\u2022PRIMA ART is crafted using a unique technique: Pure 24K gold is processed into fine particles and carefully coated onto a special base material. Skilled artisans then meticulously cut, carve, and assemble each detail by hand, creating vivid, dimensional, and highly valuable works of art. <\/p>","protected":false},"excerpt":{"rendered":"<p>L\u1ea5y c\u1ea3m h\u1ee9ng t\u1eeb hoa c\u1ecf thi\u00ean nhi\u00ean b\u1ed1n m\u00f9a h\u1ed9i t\u1ee5, B\u1ed9 s\u01b0u t\u1eadp S\u1eafc M\u00e0u mang l\u00e0n gi\u00f3 m\u1edbi \u0111\u1ebfn v\u1edbi ng\u01b0\u1eddi th\u01b0\u1edfng th\u1ee9c tranh b\u1edfi n\u00e9t \u0111\u1eb9p t\u1ef1 nhi\u00ean, th\u00e2n thu\u1ed9c nh\u01b0ng kh\u00f4ng k\u00e9m ph\u1ea7n s\u1ed1ng \u0111\u1ed9ng qua h\u00ecnh \u1ea3nh Hoa \u0111\u00e0o, Hoa Lan v\u00e0 \u0110\u00f4i chim. T\u00e1c ph\u1ea9m ngh\u1ec7 thu\u1eadt c\u1eaft g\u1ecdt tinh x\u1ea3o tr\u00ean t\u1ea5m v\u00e0ng n\u00e0y th\u1ec3 hi\u1ec7n \u0110\u00f4i Chim Ch\u00e0o M\u00e0o M\u1eebng H\u1ea1nh Ph\u00fac, t\u01b0\u1ee3ng tr\u01b0ng cho s\u1ef1 sum v\u1ea7y \u0111\u1ea7m \u1ea5m, vui v\u1ebb trong gia \u0111\u00ecnh, mong mu\u1ed1n cu\u1ed9c s\u1ed1ng lu\u00f4n nhi\u1ec1u ni\u1ec1m vui. Ho\u00e0n h\u1ea3o cho nh\u1eefng ai lu\u00f4n t\u00ecm ki\u1ebfm s\u1ef1 t\u01b0\u01a1i m\u1edbi v\u00e0 nh\u1eb9 nh\u00e0ng, t\u00e1c ph\u1ea9m n\u00e0y t\u1ea1o \u1ea5n t\u01b0\u1ee3ng m\u1ea1nh v\u1edbi s\u1ef1 t\u0129nh l\u1eb7ng v\u00e0 ni\u1ec1m vui r\u1ed9n r\u00e0ng.<\/p>","protected":false},"featured_media":8651,"comment_status":"open","ping_status":"closed","template":"","meta":[],"product_cat":[333,134,372,249,374,127,259],"product_tag":[],"class_list":{"0":"post-10077","1":"product","2":"type-product","3":"status-publish","4":"has-post-thumbnail","6":"product_cat-hanh-phuc-va-truong-tho","7":"product_cat-phong-thuy-thinh-vuong","8":"product_cat-qua-mung-tan-gia","9":"product_cat-qua-tang-tri-an","10":"product_cat-trang-tri-nha-cua","11":"product_cat-tranh-vang","12":"product_cat-vang-24k-metal-prima-art","14":"first","15":"instock","16":"shipping-taxable","17":"purchasable","18":"product-type-simple"},"acf":[],"_links":{"self":[{"href":"https:\/\/prima.com.vn\/en\/wp-json\/wp\/v2\/product\/10077","targetHints":{"allow":["GET"]}}],"collection":[{"href":"https:\/\/prima.com.vn\/en\/wp-json\/wp\/v2\/product"}],"about":[{"href":"https:\/\/prima.com.vn\/en\/wp-json\/wp\/v2\/types\/product"}],"replies":[{"embeddable":true,"href":"https:\/\/prima.com.vn\/en\/wp-json\/wp\/v2\/comments?post=10077"}],"version-history":[{"count":8,"href":"https:\/\/prima.com.vn\/en\/wp-json\/wp\/v2\/product\/10077\/revisions"}],"predecessor-version":[{"id":16178,"href":"https:\/\/prima.com.vn\/en\/wp-json\/wp\/v2\/product\/10077\/revisions\/16178"}],"wp:featuredmedia":[{"embeddable":true,"href":"https:\/\/prima.com.vn\/en\/wp-json\/wp\/v2\/media\/8651"}],"wp:attachment":[{"href":"https:\/\/prima.com.vn\/en\/wp-json\/wp\/v2\/media?parent=10077"}],"wp:term":[{"taxonomy":"product_cat","embeddable":true,"href":"https:\/\/prima.com.vn\/en\/wp-json\/wp\/v2\/product_cat?post=10077"},{"taxonomy":"product_tag","embeddable":true,"href":"https:\/\/prima.com.vn\/en\/wp-json\/wp\/v2\/product_tag?post=10077"}],"curies":[{"name":"wp","href":"https:\/\/api.w.org\/{rel}","templated":true}]}}