{"id":10038,"date":"2023-07-07T14:38:39","date_gmt":"2023-07-07T07:38:39","guid":{"rendered":"https:\/\/prima.com.vn\/product\/ch\u01b0a%20ph\u00e2n%20lo\u1ea1i\/chim-phung-hoang-va-cong-hoa\/"},"modified":"2026-01-02T14:20:33","modified_gmt":"2026-01-02T07:20:33","slug":"chim-phung-hoang-va-cong-hoa","status":"publish","type":"product","link":"https:\/\/prima.com.vn\/en\/product\/prima-art\/chu-de\/\/chim-phung-hoang-va-cong-hoa\/","title":{"rendered":"Tranh M\u1ef9 Ngh\u1ec7 Ph\u1ee7 V\u00e0ng 24K PRIMA ART -CHIM PH\u1ee4NG HO\u00c0NG V\u00c0 C\u1ed4NG HOA"},"content":{"rendered":"<p>L\u00e0 m\u1ed9t trong t\u1ee9 linh v\u00e0 l\u00e0 bi\u1ec3u t\u01b0\u1ee3ng ch\u00ednh c\u1ee7a phong th\u1ee7y,<br \/>\nV\u1edbi truy\u1ec1n thuy\u1ebft h\u1ed3i sinh t\u1eeb \u0111\u1ed1ng tro t\u00e0n, ph\u01b0\u1ee3ng ho\u00e0ng tr\u1edf th\u00e0nh bi\u1ec3u t\u01b0\u1ee3ng c\u1ee7a quy\u1ec1n n\u0103ng v\u00e0 s\u1ee9c m\u1ea1nh b\u1ea5t kh\u1ea3 chi\u1ebfn b\u1ea1i. Ph\u01b0\u1ee3ng ho\u00e0ng r\u1ea5t h\u1ee3p v\u1edbi qu\u00fd nh\u00e2n tu\u1ed5i Th\u00ecn, T\u1ef5, S\u1eedu. Khi treo tranh ph\u01b0\u1ee3ng ho\u00e0ng, h\u00e3y ch\u00fa \u00fd \u0111\u1eb7t tranh tr\u00ean cao t\u1ea1i h\u01b0\u1edbng \u0110\u00f4ng nam, h\u01b0\u1edbng \u0110\u00f4ng b\u1eafc ho\u1eb7c h\u01b0\u1edbng ch\u00ednh T\u00e2y c\u1ee7a ng\u00f4i nh\u00e0. Kh\u00f4ng ch\u1ec9 thu h\u00fat v\u01b0\u1ee3ng kh\u00ed cho gia \u0111\u00ecnh lu\u00f4n sung t\u00fac v\u00e0 g\u1eb7p nhi\u1ec1u may m\u1eafn, ph\u01b0\u1ee3ng ho\u00e0ng &#8211; bi\u1ec3u t\u01b0\u1ee3ng c\u1ee7a s\u1ef1 h\u1ed3i sinh &#8211; c\u00f2n mang \u0111\u1ebfn nhi\u1ec1u v\u1eadn h\u1ed9i cho con \u0111\u01b0\u1eddng th\u0103ng ti\u1ebfn c\u1ee7a qu\u00fd nh\u00e2n.<\/p>\n<p>\ud83d\udc8cCH\u00cdNH S\u00c1CH B\u1ea2O H\u00c0NH<\/p>\n<p>\u0110\u00e2y l\u00e0 s\u1ea3n ph\u1ea9m s\u00e1ng t\u1ea1o ch\u1ea5t l\u01b0\u1ee3ng cao c\u1ee7a th\u01b0\u01a1ng hi\u1ec7u PRIMA ART, \u0111\u01b0\u1ee3c thi\u1ebft k\u1ebf v\u00e0 ch\u1ebf t\u1ea1o quy tr\u00ecnh nghi\u00eam ng\u1eb7t c\u1ee7a Cty TNHH Pranda Vi\u1ec7t Nam, th\u00e0nh vi\u00ean c\u1ee7a T\u1eadp \u0111o\u00e0n Pranda, Th\u00e1i Lan. M\u1ed7i s\u1ea3n ph\u1ea9m PRIMA t\u00e1c ph\u1ea9m ngh\u1ec7 thu\u1eadt th\u1ee7 c\u00f4ng s\u1eed d\u1ee5ng v\u00e0ng 24K, ch\u1ebf t\u00e1c b\u1edfi c\u00e1c th\u1ee3 kim ho\u00e0n c\u00f3 tay ngh\u1ec1 cao v\u1edbi k\u1ef9 thu\u1eadt hi\u1ec7n \u0111\u1ea1i.<\/p>\n<p>\ud83d\udc8cQuy \u0111\u1ecbnh v\u00e0 \u0111i\u1ec1u ki\u1ec7n:<\/p>\n<p>Th\u1eddi h\u1ea1n b\u1ea3o h\u00e0nh 02 n\u0103m k\u1ec3 t\u1eeb ng\u00e0y mua ghi tr\u00ean phi\u1ebfu\/th\u1ebb b\u1ea3o h\u00e0nh.<\/p>\n<p>\u2714\ufe0fS\u1ea3n ph\u1ea9m \u0111\u01b0\u1ee3c b\u1ea3o h\u00e0nh trong c\u00e1c tr\u01b0\u1eddng h\u1ee3p sau:<\/p>\n<p>&#8211; L\u1ed7i k\u1ef9 thu\u1eadt s\u1ea3n ph\u1ea9m ph\u00e1t sinh trong qu\u00e1 tr\u00ecnh s\u1ea3n xu\u1ea5t, \u0111\u01b0\u1ee3c ki\u1ec3m tra b\u1edfi Cty TNHH Pranda Vi\u1ec7t Nam.<\/p>\n<p>&#8211; Th\u1eddi gian b\u1ea3o h\u00e0nh c\u00f2n hi\u1ec7u l\u1ef1c. Phi\u1ebfu\/th\u1ebb b\u1ea3o h\u00e0nh c\u00f2n nguy\u00ean v\u00e0 \u0111\u1ea7y \u0111\u1ee7 th\u00f4ng tin s\u1ea3n ph\u1ea9m.<\/p>\n<p>\ud83d\udc8cS\u1ea3n ph\u1ea9m kh\u00f4ng \u0111\u01b0\u1ee3c b\u1ea3o h\u00e0nh trong c\u00e1c tr\u01b0\u1eddng h\u1ee3p sau:<\/p>\n<p>&#8211; H\u01b0 h\u1ea1i do (i) s\u1eed d\u1ee5ng \/ v\u1eadn chuy\u1ec3n kh\u00f4ng \u0111\u00fang c\u00e1ch, sai m\u1ee5c \u0111\u00edch, t\u1ef1 \u00fd thay \u0111\u1ed5i \/ s\u1eeda ch\u1eefa c\u00e1c linh ki\u1ec7n v.v\u2026v\u00e0 s\u1ea3n ph\u1ea9m kh\u00f4ng c\u00f2n nguy\u00ean tr\u1ea1ng nh\u01b0 s\u1ea3n ph\u1ea9m ban \u0111\u1ea7u, (ii) b\u1ea5t kh\u1ea3 kh\u00e1ng (kh\u00ed h\u1eadu, chi\u1ebfn tranh, v.v).<\/p>\n<p>&#8211; Kh\u00e1ch h\u00e0ng c\u00f3 th\u1ec3 ph\u1ea3i tr\u1ea3 ph\u00ed b\u1ea3o h\u00e0nh ho\u1eb7c s\u1eeda ch\u1eefa.<\/p>\n<p>&#8211; Th\u1eddi gian b\u1ea3o h\u00e0nh ho\u1eb7c s\u1eeda ch\u1eefa t\u1eeb 10 ng\u00e0y t\u1ea1i H\u1ed3 Ch\u00ed Minh v\u00e0 t\u1eeb 14 ng\u00e0y t\u1ea1i H\u00e0 N\u1ed9i. C\u00e1c tr\u01b0\u1eddng h\u1ee3p s\u1ea3n ph\u1ea9m b\u1ecb h\u01b0 h\u1ecfng n\u1eb7ng \u0111\u01b0\u1ee3c quy\u1ebft \u0111\u1ecbnh b\u1edfi Cty TNHH Pranda Vi\u1ec7t Nam, th\u1eddi gian s\u1ebd m\u1ea5t kho\u1ea3ng t\u1eeb 25 \u0111\u1ebfn 30 ng\u00e0y t\u00f9y tr\u01b0\u1eddng h\u1ee3p.<\/p>\n<p>\u2714\ufe0fCH\u00cdNH S\u00c1CH TH\u00c2U \u0110\u1ed4I<\/p>\n<p>PRIMA Vi\u1ec7t Nam KH\u00d4NG NH\u1eacN TH\u00c2U \u0110\u1ed4I \u0110\u1ed0I V\u1edaI S\u1ea2N PH\u1ea8M TRANH &amp; QU\u00c0 T\u1eb6NG V\u00c0NG<\/p>\n<p>*L\u01afU \u00dd: GI\u00c1 S\u1ea2N PH\u1ea8M CH\u01afA BAO G\u1ed2M PH\u00cd V\u1eacN CHUY\u1ec2N<\/p>\n<p>\ud83d\udc8c MI\u1ec4N PH\u00cd V\u1eacN CHUY\u1ec2N khu v\u1ef1c n\u1ed9i th\u00e0nh H\u1ed2 CH\u00cd MINH v\u00e0 H\u00c0 N\u1ed8I<\/p>\n<p>Exquisite handcrafted gold-coated artwork:<\/p>\n<p>\u2022PRIMA ART is crafted using a unique technique: Pure 24K gold is processed into fine particles and carefully coated onto a special base material. Skilled artisans then meticulously cut, carve, and assemble each detail by hand, creating vivid, dimensional, and highly valuable works of art. <\/p>","protected":false},"excerpt":{"rendered":"<p>L\u00e0 m\u1ed9t trong T\u1ee9 Linh v\u00e0 bi\u1ec3u t\u01b0\u1ee3ng m\u1ea1nh m\u1ebd trong phong th\u1ee7y, Ph\u01b0\u1ee3ng Ho\u00e0ng g\u1eafn li\u1ec1n v\u1edbi truy\u1ec1n thuy\u1ebft h\u1ed3i sinh t\u1eeb tro t\u00e0n, \u0111\u1ea1i di\u1ec7n cho quy\u1ec1n n\u0103ng, s\u1ee9c s\u1ed1ng m\u00e3nh li\u1ec7t v\u00e0 s\u1ef1 b\u1ea5t b\u1ea1i. H\u00ecnh t\u01b0\u1ee3ng Ph\u01b0\u1ee3ng Ho\u00e0ng \u0111\u1eb7c bi\u1ec7t ph\u00f9 h\u1ee3p v\u1edbi ng\u01b0\u1eddi tu\u1ed5i Th\u00ecn, T\u1ef5, S\u1eedu, gi\u00fap thu h\u00fat v\u01b0\u1ee3ng kh\u00ed, mang l\u1ea1i may m\u1eafn v\u00e0 th\u1ecbnh v\u01b0\u1ee3ng cho gia \u0111\u00ecnh. Khi treo tranh Ph\u01b0\u1ee3ng Ho\u00e0ng, n\u00ean \u0111\u1eb7t \u1edf v\u1ecb tr\u00ed cao, t\u1ea1i c\u00e1c h\u01b0\u1edbng \u0110\u00f4ng Nam, \u0110\u00f4ng B\u1eafc ho\u1eb7c ch\u00ednh T\u00e2y \u0111\u1ec3 k\u00edch ho\u1ea1t n\u0103ng l\u01b0\u1ee3ng t\u00edch c\u1ef1c, m\u1edf ra nhi\u1ec1u c\u01a1 h\u1ed9i v\u00e0 thu\u1eadn l\u1ee3i tr\u00ean con \u0111\u01b0\u1eddng c\u00f4ng danh s\u1ef1 nghi\u1ec7p.<\/p>","protected":false},"featured_media":8548,"comment_status":"open","ping_status":"closed","template":"","meta":[],"product_cat":[134,372,373,247,335,374,375,127,259],"product_tag":[],"class_list":{"0":"post-10038","1":"product","2":"type-product","3":"status-publish","4":"has-post-thumbnail","6":"product_cat-phong-thuy-thinh-vuong","7":"product_cat-qua-mung-tan-gia","8":"product_cat-qua-mung-thang-tien","9":"product_cat-qua-tang-sinh-nhat","10":"product_cat-quyen-quy","11":"product_cat-trang-tri-nha-cua","12":"product_cat-trang-tri-van-phong","13":"product_cat-tranh-vang","14":"product_cat-vang-24k-metal-prima-art","16":"first","17":"instock","18":"shipping-taxable","19":"purchasable","20":"product-type-simple"},"acf":[],"_links":{"self":[{"href":"https:\/\/prima.com.vn\/en\/wp-json\/wp\/v2\/product\/10038","targetHints":{"allow":["GET"]}}],"collection":[{"href":"https:\/\/prima.com.vn\/en\/wp-json\/wp\/v2\/product"}],"about":[{"href":"https:\/\/prima.com.vn\/en\/wp-json\/wp\/v2\/types\/product"}],"replies":[{"embeddable":true,"href":"https:\/\/prima.com.vn\/en\/wp-json\/wp\/v2\/comments?post=10038"}],"version-history":[{"count":6,"href":"https:\/\/prima.com.vn\/en\/wp-json\/wp\/v2\/product\/10038\/revisions"}],"predecessor-version":[{"id":16160,"href":"https:\/\/prima.com.vn\/en\/wp-json\/wp\/v2\/product\/10038\/revisions\/16160"}],"wp:featuredmedia":[{"embeddable":true,"href":"https:\/\/prima.com.vn\/en\/wp-json\/wp\/v2\/media\/8548"}],"wp:attachment":[{"href":"https:\/\/prima.com.vn\/en\/wp-json\/wp\/v2\/media?parent=10038"}],"wp:term":[{"taxonomy":"product_cat","embeddable":true,"href":"https:\/\/prima.com.vn\/en\/wp-json\/wp\/v2\/product_cat?post=10038"},{"taxonomy":"product_tag","embeddable":true,"href":"https:\/\/prima.com.vn\/en\/wp-json\/wp\/v2\/product_tag?post=10038"}],"curies":[{"name":"wp","href":"https:\/\/api.w.org\/{rel}","templated":true}]}}