{"id":10035,"date":"2023-07-07T14:38:36","date_gmt":"2023-07-07T07:38:36","guid":{"rendered":"https:\/\/prima.com.vn\/product\/ch\u01b0a%20ph\u00e2n%20lo\u1ea1i\/tui-vang-chu-phuc\/"},"modified":"2026-01-02T14:15:57","modified_gmt":"2026-01-02T07:15:57","slug":"tui-vang-chu-phuc","status":"publish","type":"product","link":"https:\/\/prima.com.vn\/en\/product\/prima-art\/chu-de\/\/tui-vang-chu-phuc\/","title":{"rendered":"Tranh M\u1ef9 Ngh\u1ec7 Ph\u1ee7 V\u00e0ng 24K PRIMA ART -T\u00daI V\u00e0ng CH\u1eee PH\u00daC"},"content":{"rendered":"<p>S\u1edf h\u1eefu bi\u1ec3u t\u01b0\u1ee3ng t\u00fai v\u00e0ng s\u1ebd gi\u00fap mang \u0111\u1ebfn t\u00e0i l\u1ed9c d\u1ed3i d\u00e0o c\u00f9ng ngu\u1ed3n n\u0103ng l\u01b0\u1ee3ng m\u1ea1nh m\u1ebd, gi\u00fap thu gi\u1eef c\u1ee7a c\u1ea3i v\u1eefng ch\u1eafc. \u0110\u01b0\u1ee3c ch\u1ea1m kh\u1eafc b\u1eb1ng nguy\u00ean li\u1ec7u v\u00e0ng 24K qu\u00fd gi\u00e1,<br \/>\nTranh t\u00fai v\u00e0ng  l\u00e0 m\u00f3n qu\u00e0 \u00fd ngh\u0129a d\u00e0nh cho \u0111\u1ed1i t\u00e1c ho\u1eb7c cho ch\u00ednh m\u00ecnh \u0111\u1ec3 c\u00f9ng ch\u00fac nhau m\u1ed9t n\u0103m m\u1edbi th\u00eam nhi\u1ec1u may m\u1eafn, \u0111\u1ea1i v\u01b0\u1ee3ng t\u00e0i v\u1eadn.<\/p>\n<p>\ud83d\udc8cCH\u00cdNH S\u00c1CH B\u1ea2O H\u00c0NH<\/p>\n<p>\u0110\u00e2y l\u00e0 s\u1ea3n ph\u1ea9m s\u00e1ng t\u1ea1o ch\u1ea5t l\u01b0\u1ee3ng cao c\u1ee7a th\u01b0\u01a1ng hi\u1ec7u PRIMA ART, \u0111\u01b0\u1ee3c thi\u1ebft k\u1ebf v\u00e0 ch\u1ebf t\u1ea1o quy tr\u00ecnh nghi\u00eam ng\u1eb7t c\u1ee7a Cty TNHH Pranda Vi\u1ec7t Nam, th\u00e0nh vi\u00ean c\u1ee7a T\u1eadp \u0111o\u00e0n Pranda, Th\u00e1i Lan. M\u1ed7i s\u1ea3n ph\u1ea9m PRIMA t\u00e1c ph\u1ea9m ngh\u1ec7 thu\u1eadt th\u1ee7 c\u00f4ng s\u1eed d\u1ee5ng v\u00e0ng 24K, ch\u1ebf t\u00e1c b\u1edfi c\u00e1c th\u1ee3 kim ho\u00e0n c\u00f3 tay ngh\u1ec1 cao v\u1edbi k\u1ef9 thu\u1eadt hi\u1ec7n \u0111\u1ea1i.<\/p>\n<p>\ud83d\udc8cQuy \u0111\u1ecbnh v\u00e0 \u0111i\u1ec1u ki\u1ec7n:<\/p>\n<p>Th\u1eddi h\u1ea1n b\u1ea3o h\u00e0nh 02 n\u0103m k\u1ec3 t\u1eeb ng\u00e0y mua ghi tr\u00ean phi\u1ebfu\/th\u1ebb b\u1ea3o h\u00e0nh.<\/p>\n<p>\u2714\ufe0fS\u1ea3n ph\u1ea9m \u0111\u01b0\u1ee3c b\u1ea3o h\u00e0nh trong c\u00e1c tr\u01b0\u1eddng h\u1ee3p sau:<\/p>\n<p>&#8211; L\u1ed7i k\u1ef9 thu\u1eadt s\u1ea3n ph\u1ea9m ph\u00e1t sinh trong qu\u00e1 tr\u00ecnh s\u1ea3n xu\u1ea5t, \u0111\u01b0\u1ee3c ki\u1ec3m tra b\u1edfi Cty TNHH Pranda Vi\u1ec7t Nam.<\/p>\n<p>&#8211; Th\u1eddi gian b\u1ea3o h\u00e0nh c\u00f2n hi\u1ec7u l\u1ef1c. Phi\u1ebfu\/th\u1ebb b\u1ea3o h\u00e0nh c\u00f2n nguy\u00ean v\u00e0 \u0111\u1ea7y \u0111\u1ee7 th\u00f4ng tin s\u1ea3n ph\u1ea9m.<\/p>\n<p>\ud83d\udc8cS\u1ea3n ph\u1ea9m kh\u00f4ng \u0111\u01b0\u1ee3c b\u1ea3o h\u00e0nh trong c\u00e1c tr\u01b0\u1eddng h\u1ee3p sau:<\/p>\n<p>&#8211; H\u01b0 h\u1ea1i do (i) s\u1eed d\u1ee5ng \/ v\u1eadn chuy\u1ec3n kh\u00f4ng \u0111\u00fang c\u00e1ch, sai m\u1ee5c \u0111\u00edch, t\u1ef1 \u00fd thay \u0111\u1ed5i \/ s\u1eeda ch\u1eefa c\u00e1c linh ki\u1ec7n v.v\u2026v\u00e0 s\u1ea3n ph\u1ea9m kh\u00f4ng c\u00f2n nguy\u00ean tr\u1ea1ng nh\u01b0 s\u1ea3n ph\u1ea9m ban \u0111\u1ea7u, (ii) b\u1ea5t kh\u1ea3 kh\u00e1ng (kh\u00ed h\u1eadu, chi\u1ebfn tranh, v.v).<\/p>\n<p>&#8211; Kh\u00e1ch h\u00e0ng c\u00f3 th\u1ec3 ph\u1ea3i tr\u1ea3 ph\u00ed b\u1ea3o h\u00e0nh ho\u1eb7c s\u1eeda ch\u1eefa.<\/p>\n<p>&#8211; Th\u1eddi gian b\u1ea3o h\u00e0nh ho\u1eb7c s\u1eeda ch\u1eefa t\u1eeb 10 ng\u00e0y t\u1ea1i H\u1ed3 Ch\u00ed Minh v\u00e0 t\u1eeb 14 ng\u00e0y t\u1ea1i H\u00e0 N\u1ed9i. C\u00e1c tr\u01b0\u1eddng h\u1ee3p s\u1ea3n ph\u1ea9m b\u1ecb h\u01b0 h\u1ecfng n\u1eb7ng \u0111\u01b0\u1ee3c quy\u1ebft \u0111\u1ecbnh b\u1edfi Cty TNHH Pranda Vi\u1ec7t Nam, th\u1eddi gian s\u1ebd m\u1ea5t kho\u1ea3ng t\u1eeb 25 \u0111\u1ebfn 30 ng\u00e0y t\u00f9y tr\u01b0\u1eddng h\u1ee3p.<\/p>\n<p>\u2714\ufe0fCH\u00cdNH S\u00c1CH TH\u00c2U \u0110\u1ed4I<\/p>\n<p>PRIMA Vi\u1ec7t Nam KH\u00d4NG NH\u1eacN TH\u00c2U \u0110\u1ed4I \u0110\u1ed0I V\u1edaI S\u1ea2N PH\u1ea8M TRANH &amp; QU\u00c0 T\u1eb6NG V\u00c0NG<\/p>\n<p>*L\u01afU \u00dd: GI\u00c1 S\u1ea2N PH\u1ea8M CH\u01afA BAO G\u1ed2M PH\u00cd V\u1eacN CHUY\u1ec2N<\/p>\n<p>\ud83d\udc8c MI\u1ec4N PH\u00cd V\u1eacN CHUY\u1ec2N khu v\u1ef1c n\u1ed9i th\u00e0nh H\u1ed2 CH\u00cd MINH v\u00e0 H\u00c0 N\u1ed8I<\/p>\n<p>Exquisite handcrafted gold-coated artwork:<\/p>\n<p>\u2022PRIMA ART is crafted using a unique technique: Pure 24K gold is processed into fine particles and carefully coated onto a special base material. Skilled artisans then meticulously cut, carve, and assemble each detail by hand, creating vivid, dimensional, and highly valuable works of art. <\/p>","protected":false},"excerpt":{"rendered":"<p>Ch\u1eef \u201cPh\u00fac\u201d (hay c\u00f2n g\u1ecdi l\u00e0 \u201cPh\u01b0\u1edbc\u201d) t\u01b0\u1ee3ng tr\u01b0ng cho may m\u1eafn, h\u1ea1nh ph\u00fac v\u00e0 s\u1ef1 sung t\u00fac trong cu\u1ed9c s\u1ed1ng. Theo Kinh Thi, \u201cng\u0169 ph\u00fac\u201d g\u1ed3m: Gi\u00e0u sang, B\u00ecnh an, Tr\u01b0\u1eddng th\u1ecd, \u0110\u1ee9c h\u1ea1nh v\u00e0 Ni\u1ec1m vui tr\u1ecdn v\u1eb9n \u0111\u1ebfn cu\u1ed1i \u0111\u1eddi. M\u1ed9t s\u1ed1 t\u00e0i li\u1ec7u kh\u00e1c c\u0169ng nh\u1eafc \u0111\u1ebfn ng\u0169 ph\u00fac l\u00e0: Ph\u00fa (gi\u00e0u c\u00f3), Qu\u00fd (danh gi\u00e1), Th\u1ecd (s\u1ed1ng l\u00e2u), Khang (kh\u1ecfe m\u1ea1nh) v\u00e0 Ninh (b\u00ecnh y\u00ean). Ngo\u00e0i ra, ch\u1eef \u201cPh\u00fac\u201d c\u00f2n g\u1ea7n g\u0169i v\u1edbi ch\u1eef \u201cPh\u00fa\u201d, h\u00e0m \u00fd v\u1ec1 s\u1ef1 gi\u00e0u c\u00f3, d\u01b0 d\u1ea3 c\u1ee7a c\u1ea3i, ti\u1ec1n b\u1ea1c, t\u01b0\u1ee3ng tr\u01b0ng cho cu\u1ed9c s\u1ed1ng vi\u00ean m\u00e3n, \u0111\u1ea7y \u0111\u1ee7.<\/p>","protected":false},"featured_media":8496,"comment_status":"open","ping_status":"closed","template":"","meta":[],"product_cat":[382,134,372,379,247,381,378,375,127,259],"product_tag":[],"class_list":{"0":"post-10035","1":"product","2":"type-product","3":"status-publish","4":"has-post-thumbnail","6":"product_cat-may-man-chu-de","7":"product_cat-phong-thuy-thinh-vuong","8":"product_cat-qua-mung-tan-gia","9":"product_cat-qua-mung-thang-tien-qua-tang-tri-anqua-tang","10":"product_cat-qua-tang-sinh-nhat","11":"product_cat-sung-tuc-thinh-vuong","12":"product_cat-trang-tri-nha-cua-qua-tang-tri-anqua-tang","13":"product_cat-trang-tri-van-phong","14":"product_cat-tranh-vang","15":"product_cat-vang-24k-metal-prima-art","17":"first","18":"instock","19":"shipping-taxable","20":"purchasable","21":"product-type-simple"},"acf":[],"_links":{"self":[{"href":"https:\/\/prima.com.vn\/en\/wp-json\/wp\/v2\/product\/10035","targetHints":{"allow":["GET"]}}],"collection":[{"href":"https:\/\/prima.com.vn\/en\/wp-json\/wp\/v2\/product"}],"about":[{"href":"https:\/\/prima.com.vn\/en\/wp-json\/wp\/v2\/types\/product"}],"replies":[{"embeddable":true,"href":"https:\/\/prima.com.vn\/en\/wp-json\/wp\/v2\/comments?post=10035"}],"version-history":[{"count":7,"href":"https:\/\/prima.com.vn\/en\/wp-json\/wp\/v2\/product\/10035\/revisions"}],"predecessor-version":[{"id":16092,"href":"https:\/\/prima.com.vn\/en\/wp-json\/wp\/v2\/product\/10035\/revisions\/16092"}],"wp:featuredmedia":[{"embeddable":true,"href":"https:\/\/prima.com.vn\/en\/wp-json\/wp\/v2\/media\/8496"}],"wp:attachment":[{"href":"https:\/\/prima.com.vn\/en\/wp-json\/wp\/v2\/media?parent=10035"}],"wp:term":[{"taxonomy":"product_cat","embeddable":true,"href":"https:\/\/prima.com.vn\/en\/wp-json\/wp\/v2\/product_cat?post=10035"},{"taxonomy":"product_tag","embeddable":true,"href":"https:\/\/prima.com.vn\/en\/wp-json\/wp\/v2\/product_tag?post=10035"}],"curies":[{"name":"wp","href":"https:\/\/api.w.org\/{rel}","templated":true}]}}