{"id":10013,"date":"2023-07-07T14:38:17","date_gmt":"2023-07-07T07:38:17","guid":{"rendered":"https:\/\/prima.com.vn\/product\/ch\u01b0a%20ph\u00e2n%20lo\u1ea1i\/cap-ca-la-han\/"},"modified":"2026-01-02T14:20:06","modified_gmt":"2026-01-02T07:20:06","slug":"cap-ca-la-han","status":"publish","type":"product","link":"https:\/\/prima.com.vn\/en\/product\/prima-art\/chu-de\/\/cap-ca-la-han\/","title":{"rendered":"T\u01b0\u1ee3ng M\u1ef9 Ngh\u1ec7 M\u1ea1 V\u00e0ng 24K &#8211;  C\u1eb6P C\u00c1 LA H\u00c1N"},"content":{"rendered":"<p>H\u00ecnh \u1ea3nh lo\u00e0i c\u00e1 b\u00e9 nh\u1ecf s\u1ed1ng d\u01b0\u1edbi n\u01b0\u1edbc, sau khi v\u01b0\u1ee3t qua \u0111\u01b0\u1ee3c V\u0169 Long M\u00f4n, v\u1eaby, \u0111u\u00f4i, r\u00e2u, s\u1eebng t\u1ef1 nhi\u00ean m\u1ecdc \u0111\u1ee7, h\u00ecnh d\u1ea1ng l\u1ea1i ra v\u1ebb oai phong, r\u1ea1ng r\u1ee1, c\u0169ng t\u01b0\u1ee3ng tr\u01b0ng cho s\u1ef1 kh\u00e1t v\u1ecdng c\u1ee7a con ng\u01b0\u1eddi lu\u00f4n mu\u1ed1n v\u01b0\u01a1n l\u00ean \u0111\u1ebfn t\u1ea7m cao m\u1edbi. h\u00ecnh \u1ea3nh c\u00e1 ch\u00e9p v\u01b0\u1ee3t V\u0169 Long m\u00f4n c\u0169ng \u0111\u01b0\u1ee3c xem l\u00e0 bi\u1ec3u t\u01b0\u1ee3ng cho s\u1ef1 an l\u00e0nh v\u00e0 sung t\u00fac, th\u1ecbnh v\u01b0\u1ee3ng trong cu\u1ed9c s\u1ed1ng, may m\u1eafn v\u1ec1 t\u00e0i l\u1ed9c trong kinh doanh, v\u00e0 th\u00e0nh c\u00f4ng trong h\u1ecdc h\u00e0nh, thi c\u1eef.&#8221;<\/p>\n<p>\ud83d\udc8cCH\u00cdNH S\u00c1CH B\u1ea2O H\u00c0NH<\/p>\n<p>\u0110\u00e2y l\u00e0 s\u1ea3n ph\u1ea9m s\u00e1ng t\u1ea1o ch\u1ea5t l\u01b0\u1ee3ng cao c\u1ee7a th\u01b0\u01a1ng hi\u1ec7u PRIMA ART, \u0111\u01b0\u1ee3c thi\u1ebft k\u1ebf v\u00e0 ch\u1ebf t\u1ea1o quy tr\u00ecnh nghi\u00eam ng\u1eb7t c\u1ee7a Cty TNHH Pranda Vi\u1ec7t Nam, th\u00e0nh vi\u00ean c\u1ee7a T\u1eadp \u0111o\u00e0n Pranda, Th\u00e1i Lan. M\u1ed7i s\u1ea3n ph\u1ea9m PRIMA t\u00e1c ph\u1ea9m ngh\u1ec7 thu\u1eadt th\u1ee7 c\u00f4ng s\u1eed d\u1ee5ng v\u00e0ng 24K, ch\u1ebf t\u00e1c b\u1edfi c\u00e1c th\u1ee3 kim ho\u00e0n c\u00f3 tay ngh\u1ec1 cao v\u1edbi k\u1ef9 thu\u1eadt hi\u1ec7n \u0111\u1ea1i.<\/p>\n<p>\ud83d\udc8cQuy \u0111\u1ecbnh v\u00e0 \u0111i\u1ec1u ki\u1ec7n:<\/p>\n<p>Th\u1eddi h\u1ea1n b\u1ea3o h\u00e0nh 02 n\u0103m k\u1ec3 t\u1eeb ng\u00e0y mua ghi tr\u00ean phi\u1ebfu\/th\u1ebb b\u1ea3o h\u00e0nh.<\/p>\n<p>\u2714\ufe0fS\u1ea3n ph\u1ea9m \u0111\u01b0\u1ee3c b\u1ea3o h\u00e0nh trong c\u00e1c tr\u01b0\u1eddng h\u1ee3p sau:<\/p>\n<p>&#8211; L\u1ed7i k\u1ef9 thu\u1eadt s\u1ea3n ph\u1ea9m ph\u00e1t sinh trong qu\u00e1 tr\u00ecnh s\u1ea3n xu\u1ea5t, \u0111\u01b0\u1ee3c ki\u1ec3m tra b\u1edfi Cty TNHH Pranda Vi\u1ec7t Nam.<\/p>\n<p>&#8211; Th\u1eddi gian b\u1ea3o h\u00e0nh c\u00f2n hi\u1ec7u l\u1ef1c. Phi\u1ebfu\/th\u1ebb b\u1ea3o h\u00e0nh c\u00f2n nguy\u00ean v\u00e0 \u0111\u1ea7y \u0111\u1ee7 th\u00f4ng tin s\u1ea3n ph\u1ea9m.<\/p>\n<p>\ud83d\udc8cS\u1ea3n ph\u1ea9m kh\u00f4ng \u0111\u01b0\u1ee3c b\u1ea3o h\u00e0nh trong c\u00e1c tr\u01b0\u1eddng h\u1ee3p sau:<\/p>\n<p>&#8211; H\u01b0 h\u1ea1i do (i) s\u1eed d\u1ee5ng \/ v\u1eadn chuy\u1ec3n kh\u00f4ng \u0111\u00fang c\u00e1ch, sai m\u1ee5c \u0111\u00edch, t\u1ef1 \u00fd thay \u0111\u1ed5i \/ s\u1eeda ch\u1eefa c\u00e1c linh ki\u1ec7n v.v\u2026v\u00e0 s\u1ea3n ph\u1ea9m kh\u00f4ng c\u00f2n nguy\u00ean tr\u1ea1ng nh\u01b0 s\u1ea3n ph\u1ea9m ban \u0111\u1ea7u, (ii) b\u1ea5t kh\u1ea3 kh\u00e1ng (kh\u00ed h\u1eadu, chi\u1ebfn tranh, v.v).<\/p>\n<p>&#8211; Kh\u00e1ch h\u00e0ng c\u00f3 th\u1ec3 ph\u1ea3i tr\u1ea3 ph\u00ed b\u1ea3o h\u00e0nh ho\u1eb7c s\u1eeda ch\u1eefa.<\/p>\n<p>&#8211; Th\u1eddi gian b\u1ea3o h\u00e0nh ho\u1eb7c s\u1eeda ch\u1eefa t\u1eeb 10 ng\u00e0y t\u1ea1i H\u1ed3 Ch\u00ed Minh v\u00e0 t\u1eeb 14 ng\u00e0y t\u1ea1i H\u00e0 N\u1ed9i. C\u00e1c tr\u01b0\u1eddng h\u1ee3p s\u1ea3n ph\u1ea9m b\u1ecb h\u01b0 h\u1ecfng n\u1eb7ng \u0111\u01b0\u1ee3c quy\u1ebft \u0111\u1ecbnh b\u1edfi Cty TNHH Pranda Vi\u1ec7t Nam, th\u1eddi gian s\u1ebd m\u1ea5t kho\u1ea3ng t\u1eeb 25 \u0111\u1ebfn 30 ng\u00e0y t\u00f9y tr\u01b0\u1eddng h\u1ee3p.<\/p>\n<p>\u2714\ufe0fCH\u00cdNH S\u00c1CH TH\u00c2U \u0110\u1ed4I<\/p>\n<p>PRIMA Vi\u1ec7t Nam KH\u00d4NG NH\u1eacN TH\u00c2U \u0110\u1ed4I \u0110\u1ed0I V\u1edaI S\u1ea2N PH\u1ea8M TRANH &amp; QU\u00c0 T\u1eb6NG V\u00c0NG<\/p>\n<p>*L\u01afU \u00dd: GI\u00c1 S\u1ea2N PH\u1ea8M CH\u01afA BAO G\u1ed2M PH\u00cd V\u1eacN CHUY\u1ec2N<\/p>\n<p>\ud83d\udc8c MI\u1ec4N PH\u00cd V\u1eacN CHUY\u1ec2N khu v\u1ef1c n\u1ed9i th\u00e0nh H\u1ed2 CH\u00cd MINH v\u00e0 H\u00c0 N\u1ed8I<\/p>\n<p>Exquisite handcrafted gold-coated artwork:<\/p>\n<p>\u2022PRIMA ART is crafted using a unique technique: Pure 24K gold is processed into fine particles and carefully coated onto a special base material. Skilled artisans then meticulously cut, carve, and assemble each detail by hand, creating vivid, dimensional, and highly valuable works of art. <\/p>","protected":false},"excerpt":{"rendered":"<p>H\u00ecnh \u1ea3nh Song Ng\u01b0 kh\u00f4ng ch\u1ec9 \u0111\u01a1n thu\u1ea7n l\u00e0 m\u1ed9t chi ti\u1ebft ngh\u1ec7 thu\u1eadt trang tr\u00ed m\u00e0 c\u00f2n \u1ea9n ch\u1ee9a \u00fd ngh\u0129a phong th\u1ee7y s\u00e2u s\u1eafc. Trong v\u0103n h\u00f3a ph\u01b0\u01a1ng \u0110\u00f4ng, bi\u1ec3u t\u01b0\u1ee3ng n\u00e0y \u0111\u1ea1i di\u1ec7n cho s\u1ef1 h\u00e0i h\u00f2a, th\u1ecbnh v\u01b0\u1ee3ng v\u00e0 may m\u1eafn, gi\u00fap c\u00e2n b\u1eb1ng n\u0103ng l\u01b0\u1ee3ng, thu h\u00fat t\u00e0i l\u1ed9c v\u00e0 mang l\u1ea1i th\u00e0nh c\u00f4ng trong s\u1ef1 nghi\u1ec7p. Song Ng\u01b0 c\u00f2n t\u01b0\u1ee3ng tr\u01b0ng cho s\u1ef1 g\u1eafn k\u1ebft b\u1ec1n ch\u1eb7t trong c\u00e1c m\u1ed1i quan h\u1ec7, \u0111\u1eb7c bi\u1ec7t l\u00e0 t\u00ecnh c\u1ea3m gia \u0111\u00ecnh, t\u1eeb \u0111\u00f3 g\u00f3p ph\u1ea7n t\u1ea1o n\u00ean m\u1ed9t cu\u1ed9c s\u1ed1ng vi\u00ean m\u00e3n, sung t\u00fac v\u00e0 \u1ed5n \u0111\u1ecbnh.<\/p>","protected":false},"featured_media":8847,"comment_status":"open","ping_status":"closed","template":"","meta":[],"product_cat":[380,134,372,373,247,249,381,374,375,127,259],"product_tag":[],"class_list":{"0":"post-10013","1":"product","2":"type-product","3":"status-publish","4":"has-post-thumbnail","6":"product_cat-may-man","7":"product_cat-phong-thuy-thinh-vuong","8":"product_cat-qua-mung-tan-gia","9":"product_cat-qua-mung-thang-tien","10":"product_cat-qua-tang-sinh-nhat","11":"product_cat-qua-tang-tri-an","12":"product_cat-sung-tuc-thinh-vuong","13":"product_cat-trang-tri-nha-cua","14":"product_cat-trang-tri-van-phong","15":"product_cat-tranh-vang","16":"product_cat-vang-24k-metal-prima-art","18":"first","19":"instock","20":"shipping-taxable","21":"purchasable","22":"product-type-simple"},"acf":[],"_links":{"self":[{"href":"https:\/\/prima.com.vn\/en\/wp-json\/wp\/v2\/product\/10013","targetHints":{"allow":["GET"]}}],"collection":[{"href":"https:\/\/prima.com.vn\/en\/wp-json\/wp\/v2\/product"}],"about":[{"href":"https:\/\/prima.com.vn\/en\/wp-json\/wp\/v2\/types\/product"}],"replies":[{"embeddable":true,"href":"https:\/\/prima.com.vn\/en\/wp-json\/wp\/v2\/comments?post=10013"}],"version-history":[{"count":7,"href":"https:\/\/prima.com.vn\/en\/wp-json\/wp\/v2\/product\/10013\/revisions"}],"predecessor-version":[{"id":16142,"href":"https:\/\/prima.com.vn\/en\/wp-json\/wp\/v2\/product\/10013\/revisions\/16142"}],"wp:featuredmedia":[{"embeddable":true,"href":"https:\/\/prima.com.vn\/en\/wp-json\/wp\/v2\/media\/8847"}],"wp:attachment":[{"href":"https:\/\/prima.com.vn\/en\/wp-json\/wp\/v2\/media?parent=10013"}],"wp:term":[{"taxonomy":"product_cat","embeddable":true,"href":"https:\/\/prima.com.vn\/en\/wp-json\/wp\/v2\/product_cat?post=10013"},{"taxonomy":"product_tag","embeddable":true,"href":"https:\/\/prima.com.vn\/en\/wp-json\/wp\/v2\/product_tag?post=10013"}],"curies":[{"name":"wp","href":"https:\/\/api.w.org\/{rel}","templated":true}]}}