{"id":3435,"date":"2023-01-31T08:43:14","date_gmt":"2023-01-31T01:43:14","guid":{"rendered":"https:\/\/prima.jaysoft.asia\/?page_id=3435"},"modified":"2023-03-13T12:33:38","modified_gmt":"2023-03-13T05:33:38","slug":"chinh-sach-cookie","status":"publish","type":"page","link":"https:\/\/prima.com.vn\/en\/chinh-sach-cookie\/","title":{"rendered":"Ch\u00ednh s\u00e1ch cookie"},"content":{"rendered":"<div data-elementor-type=\"wp-page\" data-elementor-id=\"3435\" data-post-id=\"3435\" data-obj-id=\"3435\" class=\"elementor elementor-3435 dce-elementor-post-3435\" data-elementor-post-type=\"page\">\n\t\t\t\t\t\t\t\t\t<section class=\"elementor-section elementor-top-section elementor-element elementor-element-5a84e636 wd-section-stretch-content elementor-section-content-middle elementor-section-boxed elementor-section-height-default elementor-section-height-default\" data-id=\"5a84e636\" data-element_type=\"section\" data-settings=\"{&quot;background_background&quot;:&quot;classic&quot;}\">\n\t\t\t\t\t\t<div class=\"elementor-container elementor-column-gap-no\">\n\t\t\t\t\t<div class=\"elementor-column elementor-col-100 elementor-top-column elementor-element elementor-element-efb7ef5 banner-home\" data-id=\"efb7ef5\" data-element_type=\"column\">\n\t\t\t<div class=\"elementor-widget-wrap elementor-element-populated\">\n\t\t\t\t\t\t\t\t<div class=\"elementor-element elementor-element-65e11772 elementor-widget elementor-widget-heading\" data-id=\"65e11772\" data-element_type=\"widget\" data-widget_type=\"heading.default\">\n\t\t\t\t<div class=\"elementor-widget-container\">\n\t\t\t<style>\/*! elementor - v3.18.0 - 20-12-2023 *\/\n.elementor-heading-title{padding:0;margin:0;line-height:1}.elementor-widget-heading .elementor-heading-title[class*=elementor-size-]>a{color:inherit;font-size:inherit;line-height:inherit}.elementor-widget-heading .elementor-heading-title.elementor-size-small{font-size:15px}.elementor-widget-heading .elementor-heading-title.elementor-size-medium{font-size:19px}.elementor-widget-heading .elementor-heading-title.elementor-size-large{font-size:29px}.elementor-widget-heading .elementor-heading-title.elementor-size-xl{font-size:39px}.elementor-widget-heading .elementor-heading-title.elementor-size-xxl{font-size:59px}<\/style><h2 class=\"elementor-heading-title elementor-size-default\">Ch\u00ednh s\u00e1ch cookie<\/h2>\t\t<\/div>\n\t\t\t\t<\/div>\n\t\t\t\t<div class=\"elementor-element elementor-element-478bca7f elementor-align-center elementor-widget elementor-widget-breadcrumbs\" data-id=\"478bca7f\" data-element_type=\"widget\" data-widget_type=\"breadcrumbs.default\">\n\t\t\t\t<div class=\"elementor-widget-container\">\n\t\t\t<nav aria-label=\"PAYMENT &amp; DELIVERY\" class=\"rank-math-breadcrumb\"><p><span class=\"last\">HOME<\/span><\/p><\/nav>\t\t<\/div>\n\t\t\t\t<\/div>\n\t\t\t\t\t<\/div>\n\t\t<\/div>\n\t\t\t\t\t\t\t<\/div>\n\t\t<\/section>\n\t\t\t\t<section class=\"elementor-section elementor-top-section elementor-element elementor-element-6478b6c elementor-section-boxed elementor-section-height-default elementor-section-height-default wd-section-disabled\" data-id=\"6478b6c\" data-element_type=\"section\">\n\t\t\t\t\t\t<div class=\"elementor-container elementor-column-gap-default\">\n\t\t\t\t\t<div class=\"elementor-column elementor-col-100 elementor-top-column elementor-element elementor-element-ab6e89f\" data-id=\"ab6e89f\" data-element_type=\"column\">\n\t\t\t<div class=\"elementor-widget-wrap elementor-element-populated\">\n\t\t\t\t\t\t\t\t<div class=\"elementor-element elementor-element-5799cad color-scheme-inherit text-left elementor-widget elementor-widget-text-editor\" data-id=\"5799cad\" data-element_type=\"widget\" data-widget_type=\"text-editor.default\">\n\t\t\t\t<div class=\"elementor-widget-container\">\n\t\t\t<style>\/*! elementor - v3.18.0 - 20-12-2023 *\/\n.elementor-widget-text-editor.elementor-drop-cap-view-stacked .elementor-drop-cap{background-color:#69727d;color:#fff}.elementor-widget-text-editor.elementor-drop-cap-view-framed .elementor-drop-cap{color:#69727d;border:3px solid;background-color:transparent}.elementor-widget-text-editor:not(.elementor-drop-cap-view-default) .elementor-drop-cap{margin-top:8px}.elementor-widget-text-editor:not(.elementor-drop-cap-view-default) .elementor-drop-cap-letter{width:1em;height:1em}.elementor-widget-text-editor .elementor-drop-cap{float:left;text-align:center;line-height:1;font-size:50px}.elementor-widget-text-editor .elementor-drop-cap-letter{display:inline-block}<\/style>\t\t\t\t<h1 class=\"css-85mgdf\">C\u00f4ng Ty TNHH Qu\u1ed1c T\u1ebf Prima Gold<\/h1><h1>Ch\u00ednh s\u00e1ch cookie<\/h1><p>Ch\u00ednh s\u00e1ch cookie n\u00e0y gi\u1ea3i th\u00edch nh\u1eefng g\u00ec v\u00e0 c\u00e1ch ch\u00fang t\u00f4i s\u1eed d\u1ee5ng cookie tr\u00ean trang web n\u00e0y.\u00a0www.primagold.co.th\u00a0Vui l\u00f2ng tham kh\u1ea3o Ch\u00ednh s\u00e1ch cookie n\u00e0y \u0111\u1ec3 b\u1ea1n c\u00f3 th\u1ec3 hi\u1ec3u c\u00e1c th\u00f4ng l\u1ec7 c\u1ee7a ch\u00fang t\u00f4i v\u1ec1 vi\u1ec7c thu th\u1eadp, s\u1eed d\u1ee5ng ho\u1eb7c ti\u1ebft l\u1ed9 cookie.\u00a0bao g\u1ed3m c\u1ea3 s\u1ef1 l\u1ef1a ch\u1ecdn cookie c\u1ee7a ch\u00fang t\u00f4i.<\/p><h2>Cookie l\u00e0 g\u00ec?<\/h2><p>Cookie l\u00e0 c\u00e1c t\u1ec7p d\u1eef li\u1ec7u nh\u1ecf \u0111\u01b0\u1ee3c \u0111\u1eb7t tr\u00ean m\u00e1y t\u00ednh ho\u1eb7c thi\u1ebft b\u1ecb c\u1ee7a b\u1ea1n khi b\u1ea1n truy c\u1eadp m\u1ed9t trang web.\u00a0Sau \u0111\u00f3, cookie \u0111\u01b0\u1ee3c g\u1eedi tr\u1edf l\u1ea1i trang web ban \u0111\u1ea7u trong m\u1ed7i l\u1ea7n truy c\u1eadp ti\u1ebfp theo ho\u1eb7c \u0111\u1ebfn m\u1ed9t trang web kh\u00e1c nh\u1eadn ra cookie.\u00a0Nh\u1eefng cookie n\u00e0y \u0111\u01b0\u1ee3c s\u1eed d\u1ee5ng \u0111\u1ec3 l\u00e0m cho trang web ho\u1ea1t \u0111\u1ed9ng ho\u1eb7c ho\u1ea1t \u0111\u1ed9ng hi\u1ec7u qu\u1ea3.\u00a0bao g\u1ed3m c\u1ea3 vi\u1ec7c cung c\u1ea5p th\u00f4ng tin cho ch\u1ee7 s\u1edf h\u1eefu trang web\u00a0Cookie phi\u00ean l\u00e0 cookie c\u00f3 th\u1eddi l\u01b0\u1ee3ng t\u1ea1m th\u1eddi \u0111\u01b0\u1ee3c s\u1eed d\u1ee5ng trong qu\u00e1 tr\u00ecnh b\u1ea1n truy c\u1eadp v\u00e0 b\u1ecb ch\u1ea5m d\u1ee9t khi b\u1ea1n \u0111\u00f3ng tr\u00ecnh duy\u1ec7t c\u1ee7a m\u00ecnh.\u00a0Cookie li\u00ean t\u1ee5c l\u00e0 cookie t\u1ed3n t\u1ea1i cho \u0111\u1ebfn khi ch\u00fang h\u1ebft h\u1ea1n ho\u1eb7c b\u1ecb x\u00f3a.\u00a0\u0110\u01b0\u1ee3c s\u1eed d\u1ee5ng \u0111\u1ec3 ghi nh\u1edb c\u00e1c t\u00f9y ch\u1ecdn c\u1ee7a b\u1ea1n trong trang web.\u00a0v\u00e0 s\u1ebd v\u1eabn c\u00f2n tr\u00ean m\u00e1y t\u00ednh ho\u1eb7c \u0111i\u1ec7n tho\u1ea1i di \u0111\u1ed9ng c\u1ee7a b\u1ea1n ngay c\u1ea3 sau khi b\u1ea1n \u0111\u00f3ng trang web.\u00a0Nh\u1eefng cookie n\u00e0y gi\u00fap \u0111\u1ea3m b\u1ea3o t\u00ednh nh\u1ea5t qu\u00e1n c\u1ee7a d\u1eef li\u1ec7u v\u00e0 n\u00e2ng cao tr\u1ea3i nghi\u1ec7m c\u1ee7a b\u1ea1n khi b\u1ea1n truy c\u1eadp trang web ho\u1eb7c d\u1ecbch v\u1ee5.\u00a0Cookie c\u1ee7a b\u00ean th\u1ee9 nh\u1ea5t l\u00e0\u00a0Cookie \u0111\u01b0\u1ee3c \u0111\u1eb7t b\u1edfi trang web b\u1ea1n \u0111ang truy c\u1eadp.\u00a0Cookie c\u1ee7a b\u00ean th\u1ee9 ba l\u00e0 cookie \u0111\u01b0\u1ee3c thi\u1ebft l\u1eadp b\u1edfi trang web c\u1ee7a b\u00ean th\u1ee9 ba t\u00e1ch bi\u1ec7t v\u1edbi trang web b\u1ea1n \u0111ang truy c\u1eadp, ch\u1eb3ng h\u1ea1n nh\u01b0 nh\u00e0 cung c\u1ea5p d\u1eef li\u1ec7u, nh\u00e0 cung c\u1ea5p qu\u1ea3ng c\u00e1o ho\u1eb7c ph\u00e2n t\u00edch tr\u00ean trang web.\u00a0C\u00e1c c\u00f4ng ngh\u1ec7 t\u01b0\u01a1ng t\u1ef1 l\u00e0 c\u00e1c c\u00f4ng ngh\u1ec7 l\u01b0u tr\u1eef th\u00f4ng tin trong tr\u00ecnh duy\u1ec7t ho\u1eb7c thi\u1ebft b\u1ecb c\u1ee7a b\u1ea1n \u0111\u1ec3 chia s\u1ebb th\u00f4ng tin ho\u1eb7c l\u01b0u tr\u1eef th\u00f4ng tin, ch\u1eb3ng h\u1ea1n nh\u01b0 cookie flash, HTML 5 v\u00e0 c\u00e1c ph\u01b0\u01a1ng ph\u00e1p ph\u1ea7n m\u1ec1m \u1ee9ng d\u1ee5ng web kh\u00e1c.<\/p><h2>Ch\u00fang t\u00f4i s\u1eed d\u1ee5ng cookie nh\u01b0 th\u1ebf n\u00e0o?<\/h2><p>Ch\u00fang t\u00f4i thu th\u1eadp th\u00f4ng tin v\u1ec1 c\u00e1c l\u01b0\u1ee3t truy c\u1eadp c\u1ee7a b\u1ea1n v\u00e0o trang web c\u1ee7a ch\u00fang t\u00f4i th\u00f4ng qua cookie ho\u1eb7c c\u00e1c c\u00f4ng ngh\u1ec7 t\u01b0\u01a1ng t\u1ef1.\u00a0Ch\u00fang t\u00f4i s\u1ebd s\u1eed d\u1ee5ng n\u00f3 cho c\u00e1c m\u1ee5c \u0111\u00edch sau: \u0110\u1ec3 cung c\u1ea5p cho b\u1ea1n quy\u1ec1n truy c\u1eadp an to\u00e0n v\u00e0 kh\u00f4ng b\u1ecb gi\u00e1n \u0111o\u1ea1n v\u00e0o t\u00e0i kho\u1ea3n ng\u01b0\u1eddi d\u00f9ng c\u1ee7a b\u1ea1n tr\u00ean trang web c\u1ee7a ch\u00fang t\u00f4i.\u00a0\u0111\u1ec3 ghi l\u1ea1i d\u1eef li\u1ec7u s\u1eed d\u1ee5ng v\u00e0 s\u1edf th\u00edch c\u1ee7a b\u1ea1n tr\u00ean trang web c\u1ee7a ch\u00fang t\u00f4i;\u00a0\u0111\u1ec3 ph\u00e2n t\u00edch h\u00e0nh vi s\u1eed d\u1ee5ng c\u1ee7a b\u1ea1n tr\u00ean trang web c\u1ee7a ch\u00fang t\u00f4i;\u00a0\u0110\u1ec3 c\u1ea3i thi\u1ec7n hi\u1ec7u qu\u1ea3 v\u00e0 kh\u1ea3 n\u0103ng ti\u1ebfp c\u1eadn c\u00e1c d\u1ecbch v\u1ee5 c\u1ee7a ch\u00fang t\u00f4i.\u00a0thu h\u00fat s\u1ef1 ch\u00fa \u00fd\u00a0v\u00e0 t\u0103ng kh\u1ea3 n\u0103ng \u0111\u00e1p \u1ee9ng nhu c\u1ea7u s\u1eed d\u1ee5ng c\u1ee7a b\u1ea1n h\u01a1n<\/p><h2>C\u00e1c lo\u1ea1i cookie ch\u00fang t\u00f4i s\u1eed d\u1ee5ng<\/h2><p>C\u00e1c lo\u1ea1i cookie ch\u00fang t\u00f4i s\u1eed d\u1ee5ng tr\u00ean trang web\u00a0nh\u01b0 sau\u00a0<b>Cookie c\u1ea7n thi\u1ebft nghi\u00eam ng\u1eb7t<\/b>\u00a0: Nh\u1eefng cookie n\u00e0y r\u1ea5t c\u1ea7n thi\u1ebft \u0111\u1ec3 cung c\u1ea5p cho b\u1ea1n c\u00e1c d\u1ecbch v\u1ee5 tr\u00ean trang web v\u00e0 cho ph\u00e9p b\u1ea1n s\u1eed d\u1ee5ng m\u1ed9t s\u1ed1 t\u00ednh n\u0103ng nh\u1ea5t \u0111\u1ecbnh.\u00a0Nh\u1eefng cookie n\u00e0y gi\u00fap x\u00e1c th\u1ef1c ng\u01b0\u1eddi d\u00f9ng v\u00e0 gi\u00fap ng\u0103n ch\u1eb7n gi\u1ea3 m\u1ea1o t\u00e0i kho\u1ea3n.\u00a0N\u1ebfu kh\u00f4ng c\u00f3 nh\u1eefng cookie n\u00e0y, ch\u00fang t\u00f4i kh\u00f4ng th\u1ec3 cung c\u1ea5p d\u1ecbch v\u1ee5 cho b\u1ea1n.\u00a0Ch\u00fang t\u00f4i s\u1eed d\u1ee5ng nh\u1eefng cookie n\u00e0y \u0111\u1ec3 cung c\u1ea5p cho b\u1ea1n c\u00e1c d\u1ecbch v\u1ee5 c\u1ee7a ch\u00fang t\u00f4i.\u00a0<b>Cookie ch\u1ee9c n\u0103ng<\/b>Nh\u1eefng cookie n\u00e0y gi\u00fap ch\u00fang t\u00f4i ghi nh\u1edb c\u00e1c l\u1ef1a ch\u1ecdn b\u1ea1n \u0111\u01b0a ra khi s\u1eed d\u1ee5ng trang web, ch\u1eb3ng h\u1ea1n nh\u01b0 ghi nh\u1edb chi ti\u1ebft \u0111\u0103ng nh\u1eadp ho\u1eb7c t\u00f9y ch\u1ecdn ng\u00f4n ng\u1eef c\u1ee7a b\u1ea1n.\u00a0M\u1ee5c \u0111\u00edch c\u1ee7a nh\u1eefng cookie n\u00e0y l\u00e0 cung c\u1ea5p cho b\u1ea1n tr\u1ea3i nghi\u1ec7m \u0111\u01b0\u1ee3c c\u00e1 nh\u00e2n h\u00f3a h\u01a1n v\u00e0 \u0111\u1ec3 tr\u00e1nh ph\u1ea3i nh\u1eadp l\u1ea1i th\u00f4ng tin c\u1ee7a b\u1ea1n m\u1ed7i khi b\u1ea1n s\u1eed d\u1ee5ng trang web.\u00a0Nh\u1eefng cookie n\u00e0y t\u1ed3n t\u1ea1i l\u00e2u d\u00e0i v\u00ec ch\u00fang v\u1eabn c\u00f2n tr\u00ean thi\u1ebft b\u1ecb c\u1ee7a b\u1ea1n \u0111\u1ec3 ch\u00fang t\u00f4i s\u1eed d\u1ee5ng trong l\u1ea7n truy c\u1eadp trang web ti\u1ebfp theo c\u1ee7a b\u1ea1n.\u00a0B\u1ea1n c\u00f3 th\u1ec3 x\u00f3a c\u00e1c cookie n\u00e0y th\u00f4ng qua tr\u00ecnh duy\u1ec7t c\u1ee7a m\u00ecnh.\u00a0<b>Cookie ph\u00e2n t\u00edch\/hi\u1ec7u su\u1ea5t\u00a0(Cookie ph\u00e2n t\u00edch\/hi\u1ec7u su\u1ea5t)<\/b>\u00a0. Nh\u1eefng cookie n\u00e0y gi\u00fap ch\u00fang t\u00f4i ghi nh\u1edb v\u00e0 \u0111\u1ebfm s\u1ed1 l\u01b0\u1ee3ng ng\u01b0\u1eddi d\u00f9ng tr\u00ean trang web c\u1ee7a ch\u00fang t\u00f4i.\u00a0c\u0169ng nh\u01b0 cho ph\u00e9p ch\u00fang t\u00f4i hi\u1ec3u c\u00e1ch ng\u01b0\u1eddi d\u00f9ng s\u1eed d\u1ee5ng trang web c\u1ee7a ch\u00fang t\u00f4i.\u00a0Nh\u1eefng \u0111i\u1ec1u n\u00e0y gi\u00fap c\u1ea3i thi\u1ec7n c\u00e1ch trang web c\u1ee7a ch\u00fang t\u00f4i ho\u1ea1t \u0111\u1ed9ng, ch\u1eb3ng h\u1ea1n nh\u01b0 \u0111\u1ec3 \u0111\u1ea3m b\u1ea3o r\u1eb1ng ng\u01b0\u1eddi d\u00f9ng c\u00f3 th\u1ec3 t\u00ecm th\u1ea5y nh\u1eefng g\u00ec h\u1ecd \u0111ang t\u00ecm ki\u1ebfm d\u1ec5 d\u00e0ng h\u01a1n.<b>Cookie qu\u1ea3ng c\u00e1o<\/b>\u00a0Nh\u1eefng cookie n\u00e0y \u0111\u01b0\u1ee3c s\u1eed d\u1ee5ng \u0111\u1ec3 ph\u00e2n ph\u1ed1i c\u00e1c qu\u1ea3ng c\u00e1o c\u00f3 li\u00ean quan \u0111\u1ebfn b\u1ea1n.\u00a0Nh\u1eefng cookie n\u00e0y gi\u1edbi h\u1ea1n s\u1ed1 l\u1ea7n b\u1ea1n xem qu\u1ea3ng c\u00e1o v\u00e0 gi\u00fap ch\u00fang t\u00f4i \u0111o l\u01b0\u1eddng hi\u1ec7u qu\u1ea3 ti\u1ebfp th\u1ecb.\u00a0Ch\u00fang t\u00f4i c\u0169ng c\u00f3 th\u1ec3 s\u1eed d\u1ee5ng th\u00f4ng tin thu \u0111\u01b0\u1ee3c t\u1eeb c\u00e1c cookie n\u00e0y \u0111\u1ec3 cung c\u1ea5p qu\u1ea3ng c\u00e1o m\u00e0 b\u1ea1n c\u00f3 th\u1ec3 quan t\u00e2m d\u1ef1a tr\u00ean h\u00e0nh vi tr\u1ef1c tuy\u1ebfn tr\u01b0\u1edbc \u0111\u00e2y c\u1ee7a b\u1ea1n.\u00a0Nh\u1eefng cookie n\u00e0y l\u00e0 cookie li\u00ean t\u1ee5c.\u00a0Ch\u00fang t\u00f4i c\u00f3 th\u1ec3 chia s\u1ebb th\u00f4ng tin n\u00e0y v\u1edbi c\u00e1c b\u00ean th\u1ee9 ba, bao g\u1ed3m c\u1ea3 c\u00e1c \u0111\u1ed1i t\u00e1c kinh doanh c\u1ee7a ch\u00fang t\u00f4i.<\/p><h2>L\u1ef1a ch\u1ecdn cookie<\/h2><p>Trong tr\u01b0\u1eddng h\u1ee3p b\u1ea1n kh\u00f4ng mu\u1ed1n cookie \u0111\u01b0\u1ee3c s\u1eed d\u1ee5ng tr\u00ean trang web c\u1ee7a ch\u00fang t\u00f4i.\u00a0B\u1ea1n c\u00f3 th\u1ec3 thay \u0111\u1ed5i c\u00e0i \u0111\u1eb7t tr\u00ean tr\u00ecnh duy\u1ec7t c\u1ee7a m\u00ecnh \u0111\u1ec3 ch\u1ecdn c\u00e0i \u0111\u1eb7t ph\u00f9 h\u1ee3p nh\u1ea5t v\u1edbi m\u00ecnh.\u00a0N\u1ebfu b\u1ea1n t\u1eaft ho\u1eb7c x\u00f3a m\u1ed9t s\u1ed1 cookie nh\u1ea5t \u0111\u1ecbnh trong c\u00e0i \u0111\u1eb7t tr\u00ecnh duy\u1ec7t c\u1ee7a m\u00ecnh, th\u00ec vi\u1ec7c s\u1eed d\u1ee5ng m\u1ed9t s\u1ed1 trang web ho\u1eb7c t\u00ednh n\u0103ng nh\u1ea5t \u0111\u1ecbnh c\u00f3 th\u1ec3 kh\u00f4ng ho\u1ea1t \u0111\u1ed9ng nh\u01b0 d\u1ef1 ki\u1ebfn.\u00a0N\u1ebfu b\u1ea1n mu\u1ed1n t\u00ecm hi\u1ec3u th\u00eam v\u1ec1 vi\u1ec7c s\u1eed d\u1ee5ng cookie v\u00e0 c\u00e0i \u0111\u1eb7t c\u1ee7a ch\u00fang, vui l\u00f2ng truy c\u1eadp trang web c\u1ee7a ch\u00fang t\u00f4i.\u00a0B\u1ea1n c\u00f3 th\u1ec3 truy c\u1eadp trang web ch\u00ednh th\u1ee9c trong tr\u00ecnh duy\u1ec7t c\u1ee7a m\u00ecnh.\u00a0B\u1ea1n c\u00f3 th\u1ec3 t\u00ecm th\u1ea5y chi ti\u1ebft v\u1ec1 c\u00e1ch t\u1eeb ch\u1ed1i ho\u1eb7c x\u00f3a cookie.\u00a0C\u0169ng nh\u01b0 th\u00f4ng tin chung h\u01a1n v\u1ec1 cookie, vui l\u00f2ng truy c\u1eadp\u00a0<a href=\"https:\/\/www.allaboutcookies.org\/\" target=\"_blank\" rel=\"noopener\">www.allaboutcookies.org<\/a><\/p><h2>Thay \u0111\u1ed5i Ch\u00ednh s\u00e1ch Cookie<\/h2><p>\u0110\u00f4i khi, ch\u00fang t\u00f4i c\u00f3 th\u1ec3 thay \u0111\u1ed5i Ch\u00ednh s\u00e1ch cookie n\u00e0y.\u00a0B\u1ea1n c\u00f3 th\u1ec3 t\u00ecm hi\u1ec3u v\u1ec1 c\u00e1c \u0111i\u1ec1u kho\u1ea3n v\u00e0 \u0111i\u1ec1u ki\u1ec7n s\u1eeda \u0111\u1ed5i c\u1ee7a ch\u00ednh s\u00e1ch n\u00e0y th\u00f4ng qua trang web c\u1ee7a ch\u00fang t\u00f4i.\u00a0Ch\u00ednh s\u00e1ch n\u00e0y \u0111\u01b0\u1ee3c s\u1eeda \u0111\u1ed5i l\u1ea7n cu\u1ed1i v\u00e0 c\u00f3 hi\u1ec7u l\u1ef1c t\u1eeb ng\u00e0y 30 th\u00e1ng 5 n\u0103m 2022.<\/p><h2>Chi ti\u1ebft li\u00ean l\u1ea1c<\/h2><p>N\u1ebfu b\u1ea1n mu\u1ed1n h\u1ecfi v\u1ec1 ch\u00ednh s\u00e1ch cookie n\u00e0y\u00a0B\u1ea1n c\u00f3 th\u1ec3 li\u00ean h\u1ec7 v\u1edbi ch\u00fang t\u00f4i nh\u01b0 sau:\u00a0<b>B\u1ed9 \u0111i\u1ec1u khi\u1ec3n D\u1eef li\u1ec7u C\u00e1 nh\u00e2n<\/b>\u00a0C\u00f4ng ty TNHH Qu\u1ed1c t\u1ebf Prima Gold 589\/64 T\u00f2a nh\u00e0 Central City Bangna, T\u1ea7ng 12, Soi Bangna-Trad 42, Bangna Nuea, Bangna, Bangkok 10260 E-mail pdpa_admin@primagold.co .th Trang web https:\/\/www.primagold.co.th\u00a0S\u1ed1 \u0111i\u1ec7n tho\u1ea1i 02-745-6111\u00a0<b>C\u00e1n b\u1ed9 b\u1ea3o v\u1ec7 d\u1eef li\u1ec7u c\u00e1 nh\u00e2n<\/b>\u00a0T\u00ean Nh\u00f3m DPO \u0110\u1ecba ch\u1ec9 li\u00ean h\u1ec7 589\/64 T\u00f2a nh\u00e0 Central City Bangna, T\u1ea7ng 12, Soi Bangna-Trad 42, Bangna Nuea, Bangna, Bangkok 10260 E-mail pdpa_admin@primagold.co.th\u00a0S\u1ed1 \u0111i\u1ec7n tho\u1ea1i 02-745-6111<\/p>\t\t\t\t\t\t<\/div>\n\t\t\t\t<\/div>\n\t\t\t\t\t<\/div>\n\t\t<\/div>\n\t\t\t\t\t\t\t<\/div>\n\t\t<\/section>\n\t\t\t\t\t\t\t<\/div>","protected":false},"excerpt":{"rendered":"<p>Ch\u00ednh s\u00e1ch cookie C\u00f4ng Ty TNHH Qu\u1ed1c T\u1ebf Prima Gold Ch\u00ednh s\u00e1ch cookie Ch\u00ednh s\u00e1ch cookie n\u00e0y gi\u1ea3i th\u00edch nh\u1eefng<\/p>","protected":false},"author":1,"featured_media":0,"parent":0,"menu_order":0,"comment_status":"closed","ping_status":"closed","template":"","meta":{"footnotes":""},"class_list":["post-3435","page","type-page","status-publish","hentry"],"acf":[],"_links":{"self":[{"href":"https:\/\/prima.com.vn\/en\/wp-json\/wp\/v2\/pages\/3435","targetHints":{"allow":["GET"]}}],"collection":[{"href":"https:\/\/prima.com.vn\/en\/wp-json\/wp\/v2\/pages"}],"about":[{"href":"https:\/\/prima.com.vn\/en\/wp-json\/wp\/v2\/types\/page"}],"author":[{"embeddable":true,"href":"https:\/\/prima.com.vn\/en\/wp-json\/wp\/v2\/users\/1"}],"replies":[{"embeddable":true,"href":"https:\/\/prima.com.vn\/en\/wp-json\/wp\/v2\/comments?post=3435"}],"version-history":[{"count":16,"href":"https:\/\/prima.com.vn\/en\/wp-json\/wp\/v2\/pages\/3435\/revisions"}],"predecessor-version":[{"id":4729,"href":"https:\/\/prima.com.vn\/en\/wp-json\/wp\/v2\/pages\/3435\/revisions\/4729"}],"wp:attachment":[{"href":"https:\/\/prima.com.vn\/en\/wp-json\/wp\/v2\/media?parent=3435"}],"curies":[{"name":"wp","href":"https:\/\/api.w.org\/{rel}","templated":true}]}}