{"id":3412,"date":"2023-01-30T16:25:44","date_gmt":"2023-01-30T09:25:44","guid":{"rendered":"https:\/\/prima.jaysoft.asia\/?page_id=3412"},"modified":"2024-01-29T11:41:25","modified_gmt":"2024-01-29T04:41:25","slug":"dac-quyen-thanh-vien","status":"publish","type":"page","link":"https:\/\/prima.com.vn\/en\/dac-quyen-thanh-vien\/","title":{"rendered":"\u0110\u1eb7c quy\u1ec1n th\u00e0nh vi\u00ean"},"content":{"rendered":"<div data-elementor-type=\"wp-page\" data-elementor-id=\"3412\" data-post-id=\"3412\" data-obj-id=\"3412\" class=\"elementor elementor-3412 dce-elementor-post-3412\" data-elementor-post-type=\"page\">\n\t\t\t\t\t\t\t\t\t<section class=\"elementor-section elementor-top-section elementor-element elementor-element-5c5f0044 wd-section-stretch-content elementor-section-content-middle elementor-section-boxed elementor-section-height-default elementor-section-height-default\" data-id=\"5c5f0044\" data-element_type=\"section\" data-settings=\"{&quot;background_background&quot;:&quot;classic&quot;}\">\n\t\t\t\t\t\t<div class=\"elementor-container elementor-column-gap-no\">\n\t\t\t\t\t<div class=\"elementor-column elementor-col-100 elementor-top-column elementor-element elementor-element-5d87e46f banner-home\" data-id=\"5d87e46f\" data-element_type=\"column\">\n\t\t\t<div class=\"elementor-widget-wrap elementor-element-populated\">\n\t\t\t\t\t\t\t\t\t<\/div>\n\t\t<\/div>\n\t\t\t\t\t\t\t<\/div>\n\t\t<\/section>\n\t\t\t\t<section class=\"elementor-section elementor-top-section elementor-element elementor-element-6168e45 wd-section-stretch elementor-section-boxed elementor-section-height-default elementor-section-height-default\" data-id=\"6168e45\" data-element_type=\"section\" data-settings=\"{&quot;background_background&quot;:&quot;classic&quot;}\">\n\t\t\t\t\t\t<div class=\"elementor-container elementor-column-gap-default\">\n\t\t\t\t\t<div class=\"elementor-column elementor-col-100 elementor-top-column elementor-element elementor-element-0fc5584\" data-id=\"0fc5584\" data-element_type=\"column\">\n\t\t\t<div class=\"elementor-widget-wrap elementor-element-populated\">\n\t\t\t\t\t\t\t\t<div class=\"elementor-element elementor-element-1520fd8 color-scheme-inherit text-left elementor-widget elementor-widget-text-editor\" data-id=\"1520fd8\" data-element_type=\"widget\" data-widget_type=\"text-editor.default\">\n\t\t\t\t<div class=\"elementor-widget-container\">\n\t\t\t<style>\/*! elementor - v3.18.0 - 20-12-2023 *\/\n.elementor-widget-text-editor.elementor-drop-cap-view-stacked .elementor-drop-cap{background-color:#69727d;color:#fff}.elementor-widget-text-editor.elementor-drop-cap-view-framed .elementor-drop-cap{color:#69727d;border:3px solid;background-color:transparent}.elementor-widget-text-editor:not(.elementor-drop-cap-view-default) .elementor-drop-cap{margin-top:8px}.elementor-widget-text-editor:not(.elementor-drop-cap-view-default) .elementor-drop-cap-letter{width:1em;height:1em}.elementor-widget-text-editor .elementor-drop-cap{float:left;text-align:center;line-height:1;font-size:50px}.elementor-widget-text-editor .elementor-drop-cap-letter{display:inline-block}<\/style>\t\t\t\t<p style=\"text-align: center; font-size: 30px; color: #00184b; font-weight: bold;\">MEMBERSHIP PRIVILEGES<\/p><p>At PRIMA, we are dedicated to providing our valued members with exceptional benefits and rewards. With our membership program, we offer three distinctive tiers, each designed to offer a unique level of recognition and exclusive privileges. The more you shop and utilize our services, the more benefits you'll earn.<\/p><p><img fetchpriority=\"high\" decoding=\"async\" class=\"aligncenter\" src=\"https:\/\/prima.com.vn\/wp-content\/uploads\/2024\/01\/text-1.png\" alt=\"\" width=\"539\" height=\"126\" \/><\/p><p><b>How to Become a PRIMA Member?<\/b><\/p><p>Becoming a PRIMA member is effortless. Simply shop at any PRIMA store, whether online or in-store, and provide your full name, phone number, and date of birth during the registration process. Congratulations! You are now a loyal member of PRIMA!<\/p><p><img decoding=\"async\" class=\"aligncenter\" src=\"https:\/\/prima.com.vn\/wp-content\/uploads\/2024\/01\/three_logo.png\" alt=\"\" width=\"813\" height=\"171\" \/><\/p><table style=\"border-collapse: collapse;\" width=\"642\"><tbody><tr style=\"border: 1px solid black; font-weight: 800;\"><td style=\"border: 1px solid black; background-color: #f5ddb4;\" width=\"141\">Criteria<\/td><td style=\"border: 1px solid black; text-align: center; background-color: #f3eee1;\" width=\"170\">PRIME<\/td><td style=\"border: 1px solid black; text-align: center; background-color: #f5eabd;\" width=\"180\">PREMIER<\/td><td style=\"border: 1px solid black; text-align: center; background-color: #d6dbd7;\" width=\"151\">PRESTIGE<\/td><\/tr><tr style=\"border: 1px solid black;\"><td style=\"border: 1px solid black; font-weight: 800; background-color: #f5ddb4;\" width=\"141\">First Entry<\/td><td style=\"border: 1px solid black; text-align: center; background-color: #f3eee1;\" width=\"170\">Accumulated purchase of minimum VND 20 million in the same calendar year<\/td><td style=\"border: 1px solid black; text-align: center; background-color: #f5eabd;\" width=\"180\">Accumulated purchase of minimum VND 200 million in the same calendar year<\/td><td style=\"border: 1px solid black; text-align: center; background-color: #d6dbd7;\" width=\"151\">Accumulated purchase of minimum VND 500 million in the same calendar year<\/td><\/tr><tr style=\"border: 1px solid black;\"><td style=\"border: 1px solid black; font-weight: 800; background-color: #f5ddb4;\" width=\"141\">Validity<\/td><td style=\"border: 1px solid black; text-align: center; background-color: #f3eee1;\" width=\"170\">2 Years<\/td><td style=\"border: 1px solid black; text-align: center; background-color: #f5eabd;\" width=\"180\">2 Years<\/td><td style=\"border: 1px solid black; text-align: center; background-color: #d6dbd7;\" width=\"151\">2 Years<\/td><\/tr><tr><td style=\"border: 1px solid black; font-weight: 800; background-color: #f5ddb4;\" width=\"141\">Renewal<\/td><td style=\"border: 1px solid black; text-align: center; background-color: #f3eee1;\" width=\"170\">Automatically renew when purchase at least VND 15 million in the same calendar year<\/td><td style=\"border: 1px solid black; text-align: center; background-color: #f5eabd;\" width=\"180\">Automatically renew when purchase at least VND 150 million in the same calendar year<\/td><td style=\"border: 1px solid black; text-align: center; background-color: #d6dbd7;\" width=\"151\">Automatically renew when purchase at least VND 300 million in the same calendar year<\/td><\/tr><tr style=\"border: 1px solid black; background-color: #f5ddb4; color: #564d41; font-weight: 800;\"><td style=\"border: 1px solid black; text-align: center; font-style: italic;\" colspan=\"4\" width=\"642\">Remarks:  Valid for the purchase of PRIMA products within Vietnam only. Terms &amp; conditions applied.<\/td><\/tr><\/tbody><\/table><p><strong>Exclusive Privileges:<\/strong><\/p><p><strong>\u00a0<\/strong><\/p><table width=\"652\"><tbody><tr style=\"border: 1px solid black;\"><td style=\"border: 1px solid black; background-color: #f5ddb4;\" width=\"160\"><strong>\u00a0<\/strong><\/td><td style=\"border: 1px solid black; text-align: center; font-weight: 800; background-color: #f3eee1;\" width=\"151\">PRIME<\/td><td style=\"border: 1px solid black; text-align: center; font-weight: 800; background-color: #f5eabd;\" width=\"170\">PREMIER<\/td><td style=\"border: 1px solid black; text-align: center; font-weight: 800; background-color: #d6dbd7;\" width=\"170\">PRESTIGE<\/td><\/tr><tr style=\"border: 1px solid black;\"><td style=\"border: 1px solid black; font-weight: 800; background-color: #f5ddb4;\" width=\"160\">Welcome Voucher<\/td><td style=\"border: 1px solid black; text-align: center; background-color: #f3eee1;\" width=\"151\">\u2605<\/td><td style=\"border: 1px solid black; text-align: center; background-color: #f5eabd;\" width=\"170\">\u2605<\/td><td style=\"border: 1px solid black; text-align: center; background-color: #d6dbd7;\" width=\"170\">\u2605<\/td><\/tr><tr><td style=\"border: 1px solid black; font-weight: 800; background-color: #f5ddb4;\" width=\"160\">News &amp; Activities<\/td><td style=\"border: 1px solid black; text-align: center; background-color: #f3eee1;\" width=\"151\">\u2605<\/td><td style=\"border: 1px solid black; text-align: center; background-color: #f5eabd;\" width=\"170\">\u2605<\/td><td style=\"border: 1px solid black; text-align: center; background-color: #d6dbd7;\" width=\"170\">\u2605<\/td><\/tr><tr style=\"border: 1px solid black;\"><td style=\"border: 1px solid black; font-weight: 800; background-color: #f5ddb4;\" width=\"160\">On-top discount<\/td><td style=\"border: 1px solid black; text-align: center; background-color: #f3eee1;\" width=\"151\">1% on-top discount*<\/td><td style=\"border: 1px solid black; text-align: center; background-color: #f5eabd;\" width=\"170\">2% on-top discount*<\/td><td style=\"border: 1px solid black; text-align: center; background-color: #d6dbd7;\" width=\"170\">3% on-top discount*<\/td><\/tr><tr style=\"border: 1px solid black;\"><td style=\"border: 1px solid black; font-weight: 800; background-color: #f5ddb4;\" width=\"160\">Birthday Special<\/td><td style=\"border: 1px solid black; text-align: center; background-color: #f3eee1;\" width=\"151\"><p>SMS Greeting<\/p><p>Birthday Voucher<\/p><\/td><td style=\"border: 1px solid black; text-align: center; background-color: #f5eabd;\" width=\"170\">PRIMA Exclusive Birthday Gift<\/td><td style=\"border: 1px solid black; text-align: center; background-color: #d6dbd7;\" width=\"170\">PRIMA PRESTIGE's Exclusive Birthday Gift<\/td><\/tr><tr style=\"border: 1px solid black;\"><td style=\"border: 1px solid black; font-weight: 800; background-color: #f5ddb4;\" width=\"160\">TET New Year Gift<\/td><td style=\"border: 1px solid black; text-align: center; background-color: #f3eee1;\" width=\"151\">\u00a0<\/td><td style=\"border: 1px solid black; text-align: center; background-color: #f5eabd;\" width=\"170\">PRIMA Exclusive New Year Gift<\/td><td style=\"border: 1px solid black; text-align: center; background-color: #d6dbd7;\" width=\"170\">PRIMA PRESTIGE's Exclusive New Year Gift<\/td><\/tr><tr style=\"border: 1px solid black;\"><td style=\"border: 1px solid black; font-weight: 800; background-color: #f5ddb4;\" width=\"160\">Women\u2019s Day Gift<\/td><td style=\"border: 1px solid black; background-color: #f3eee1;\" width=\"151\">\u00a0<\/td><td style=\"border: 1px solid black; text-align: center; background-color: #f5eabd;\" width=\"170\">PRIMA Exclusive Women's Day Gift<\/td><td style=\"border: 1px solid black; text-align: center; background-color: #d6dbd7;\" width=\"170\">PRIMA PRESTIGE's Exclusive Women's Day Gift<\/td><\/tr><tr style=\"border: 1px solid black;\"><td style=\"border: 1px solid black; font-weight: 800; background-color: #f5ddb4;\" width=\"160\">Mid-Autumn Gift<\/td><td style=\"border: 1px solid black; text-align: center; background-color: #f3eee1;\" width=\"151\">\u00a0<\/td><td style=\"border: 1px solid black; text-align: center; background-color: #f5eabd;\" width=\"170\">PRIMA PREMIER\u2019s Mooncake<\/td><td style=\"border: 1px solid black; text-align: center; background-color: #d6dbd7;\" width=\"170\">PRIMA PRESTIGE\u2019s Mooncake<\/td><\/tr><tr style=\"border: 1px solid black;\"><td style=\"border: 1px solid black; font-weight: 800; background-color: #f5ddb4;\" width=\"160\">VIP Activity Invitation<\/td><td style=\"border: 1px solid black; background-color: #f3eee1;\" width=\"151\">\u00a0<\/td><td style=\"border: 1px solid black; text-align: center; background-color: #f5eabd;\" width=\"170\">\u2605<\/td><td style=\"border: 1px solid black; text-align: center; background-color: #d6dbd7;\" width=\"170\">\u2605<\/td><\/tr><tr style=\"border: 1px solid black;\"><td style=\"border: 1px solid black; font-weight: 800; background-color: #f5ddb4;\" width=\"160\">Exclusive Collection Preview<\/td><td style=\"border: 1px solid black; text-align: center; background-color: #f3eee1;\" width=\"151\">\u00a0<\/td><td style=\"border: 1px solid black; text-align: center; background-color: #f5eabd;\" width=\"170\">\u2605<\/td><td style=\"border: 1px solid black; text-align: center; background-color: #d6dbd7;\" width=\"170\">\u2605<\/td><\/tr><tr style=\"border: 1px solid black;\"><td style=\"border: 1px solid black; font-weight: 800; background-color: #f5ddb4;\" width=\"160\">Private Shopping Service<\/td><td style=\"border: 1px solid black; text-align: center; background-color: #f3eee1;\" width=\"151\">\u00a0<\/td><td style=\"border: 1px solid black; text-align: center; background-color: #f5eabd;\" width=\"170\">\u00a0<\/td><td style=\"border: 1px solid black; text-align: center; background-color: #d6dbd7;\" width=\"170\">\u2605<\/td><\/tr><tr style=\"border: 1px solid black;\"><td style=\"border: 1px solid black; font-weight: 800; background-color: #f5ddb4;\" width=\"160\">Personalized Design for High Jewelry &amp; Art Collection<\/td><td style=\"border: 1px solid black; text-align: center; background-color: #f3eee1;\" width=\"151\">\u00a0<\/td><td style=\"border: 1px solid black; text-align: center; background-color: #f5eabd;\" width=\"170\">\u00a0<\/td><td style=\"border: 1px solid black; text-align: center; background-color: #d6dbd7;\" width=\"170\">\u2605<\/td><\/tr><tr style=\"border: 1px solid black;\"><td style=\"border: 1px solid black; font-weight: 800; text-align: center; background-color: #f5ddb4; color: #51483e; font-style: italic;\" colspan=\"4\" width=\"652\">*Remarks: Valid for the purchase of PRIMA products within Vietnam only. Terms &amp; conditions applied.<\/td><\/tr><\/tbody><\/table><p>Experience the ultimate benefits of PRIMA membership and indulge in the finest shopping and services. Join us today!<\/p>\t\t\t\t\t\t<\/div>\n\t\t\t\t<\/div>\n\t\t\t\t\t<\/div>\n\t\t<\/div>\n\t\t\t\t\t\t\t<\/div>\n\t\t<\/section>\n\t\t\t\t\t\t\t<\/div>","protected":false},"excerpt":{"rendered":"<p>CH\u00cdNH S\u00c1CH TH\u00c0NH VI\u00caN PRIMA T\u1ea1i PRIMA, ch\u00fang t\u00f4i tr\u00e2n tr\u1ecdng mang \u0111\u1ebfn nh\u1eefng quy\u1ec1n l\u1ee3i \u0111\u1eb7c bi\u1ec7t cho c\u00e1c<\/p>","protected":false},"author":1,"featured_media":0,"parent":0,"menu_order":0,"comment_status":"closed","ping_status":"closed","template":"","meta":{"footnotes":""},"class_list":["post-3412","page","type-page","status-publish","hentry"],"acf":[],"_links":{"self":[{"href":"https:\/\/prima.com.vn\/en\/wp-json\/wp\/v2\/pages\/3412","targetHints":{"allow":["GET"]}}],"collection":[{"href":"https:\/\/prima.com.vn\/en\/wp-json\/wp\/v2\/pages"}],"about":[{"href":"https:\/\/prima.com.vn\/en\/wp-json\/wp\/v2\/types\/page"}],"author":[{"embeddable":true,"href":"https:\/\/prima.com.vn\/en\/wp-json\/wp\/v2\/users\/1"}],"replies":[{"embeddable":true,"href":"https:\/\/prima.com.vn\/en\/wp-json\/wp\/v2\/comments?post=3412"}],"version-history":[{"count":42,"href":"https:\/\/prima.com.vn\/en\/wp-json\/wp\/v2\/pages\/3412\/revisions"}],"predecessor-version":[{"id":11540,"href":"https:\/\/prima.com.vn\/en\/wp-json\/wp\/v2\/pages\/3412\/revisions\/11540"}],"wp:attachment":[{"href":"https:\/\/prima.com.vn\/en\/wp-json\/wp\/v2\/media?parent=3412"}],"curies":[{"name":"wp","href":"https:\/\/api.w.org\/{rel}","templated":true}]}}