{"id":16645,"date":"2026-02-02T10:13:37","date_gmt":"2026-02-02T03:13:37","guid":{"rendered":"https:\/\/prima.com.vn\/?page_id=16645"},"modified":"2026-02-02T13:57:12","modified_gmt":"2026-02-02T06:57:12","slug":"thanh-toan","status":"publish","type":"page","link":"https:\/\/prima.com.vn\/en\/thanh-toan\/","title":{"rendered":"Thanh To\u00e1n"},"content":{"rendered":"<div data-elementor-type=\"wp-page\" data-elementor-id=\"16645\" data-post-id=\"16645\" data-obj-id=\"16645\" class=\"elementor elementor-16645 dce-elementor-post-16645\" data-elementor-post-type=\"page\">\n\t\t\t\t\t\t\t\t\t<section class=\"elementor-section elementor-top-section elementor-element elementor-element-dedbc0a wd-section-stretch-content elementor-section-content-middle elementor-section-boxed elementor-section-height-default elementor-section-height-default\" data-id=\"dedbc0a\" data-element_type=\"section\" data-settings=\"{&quot;background_background&quot;:&quot;classic&quot;}\">\n\t\t\t\t\t\t<div class=\"elementor-container elementor-column-gap-no\">\n\t\t\t\t\t<div class=\"elementor-column elementor-col-100 elementor-top-column elementor-element elementor-element-7a2d00c banner-home\" data-id=\"7a2d00c\" data-element_type=\"column\">\n\t\t\t<div class=\"elementor-widget-wrap elementor-element-populated\">\n\t\t\t\t\t\t\t\t<div class=\"elementor-element elementor-element-eefd195 elementor-widget elementor-widget-heading\" data-id=\"eefd195\" data-element_type=\"widget\" data-widget_type=\"heading.default\">\n\t\t\t\t<div class=\"elementor-widget-container\">\n\t\t\t<style>\/*! elementor - v3.18.0 - 20-12-2023 *\/\n.elementor-heading-title{padding:0;margin:0;line-height:1}.elementor-widget-heading .elementor-heading-title[class*=elementor-size-]>a{color:inherit;font-size:inherit;line-height:inherit}.elementor-widget-heading .elementor-heading-title.elementor-size-small{font-size:15px}.elementor-widget-heading .elementor-heading-title.elementor-size-medium{font-size:19px}.elementor-widget-heading .elementor-heading-title.elementor-size-large{font-size:29px}.elementor-widget-heading .elementor-heading-title.elementor-size-xl{font-size:39px}.elementor-widget-heading .elementor-heading-title.elementor-size-xxl{font-size:59px}<\/style><h1 class=\"elementor-heading-title elementor-size-default\">THANH TO\u00c1N<\/h1>\t\t<\/div>\n\t\t\t\t<\/div>\n\t\t\t\t<div class=\"elementor-element elementor-element-b54847a elementor-align-center elementor-widget elementor-widget-breadcrumbs\" data-id=\"b54847a\" data-element_type=\"widget\" data-widget_type=\"breadcrumbs.default\">\n\t\t\t\t<div class=\"elementor-widget-container\">\n\t\t\t<nav aria-label=\"PAYMENT &amp; DELIVERY\" class=\"rank-math-breadcrumb\"><p><span class=\"last\">HOME<\/span><\/p><\/nav>\t\t<\/div>\n\t\t\t\t<\/div>\n\t\t\t\t\t<\/div>\n\t\t<\/div>\n\t\t\t\t\t\t\t<\/div>\n\t\t<\/section>\n\t\t\t\t<section class=\"elementor-section elementor-top-section elementor-element elementor-element-46da945 elementor-section-boxed elementor-section-height-default elementor-section-height-default wd-section-disabled\" data-id=\"46da945\" data-element_type=\"section\">\n\t\t\t\t\t\t<div class=\"elementor-container elementor-column-gap-default\">\n\t\t\t\t\t<div class=\"elementor-column elementor-col-100 elementor-top-column elementor-element elementor-element-0dfe450\" data-id=\"0dfe450\" data-element_type=\"column\">\n\t\t\t<div class=\"elementor-widget-wrap elementor-element-populated\">\n\t\t\t\t\t\t\t\t<div class=\"elementor-element elementor-element-e05d61b color-scheme-inherit text-left elementor-widget elementor-widget-text-editor\" data-id=\"e05d61b\" data-element_type=\"widget\" data-widget_type=\"text-editor.default\">\n\t\t\t\t<div class=\"elementor-widget-container\">\n\t\t\t<style>\/*! elementor - v3.18.0 - 20-12-2023 *\/\n.elementor-widget-text-editor.elementor-drop-cap-view-stacked .elementor-drop-cap{background-color:#69727d;color:#fff}.elementor-widget-text-editor.elementor-drop-cap-view-framed .elementor-drop-cap{color:#69727d;border:3px solid;background-color:transparent}.elementor-widget-text-editor:not(.elementor-drop-cap-view-default) .elementor-drop-cap{margin-top:8px}.elementor-widget-text-editor:not(.elementor-drop-cap-view-default) .elementor-drop-cap-letter{width:1em;height:1em}.elementor-widget-text-editor .elementor-drop-cap{float:left;text-align:center;line-height:1;font-size:50px}.elementor-widget-text-editor .elementor-drop-cap-letter{display:inline-block}<\/style>\t\t\t\t<p style=\"text-align: center;\"><strong class=\"text-align:center\">H\u01af\u1edaNG D\u1eaaN THANH TO\u00c1N<\/strong><\/p><p>\u0110\u1ec3 \u0111\u1ea3m b\u1ea3o c\u00e1c giao d\u1ecbch mua b\u00e1n v\u00e0ng \u0111\u01b0\u1ee3c th\u1ef1c hi\u1ec7n \u0111\u00fang quy \u0111\u1ecbnh c\u1ee7a Nh\u00e0 n\u01b0\u1edbc theo <strong>Ngh\u1ecb \u0111\u1ecbnh 232\/2025\/N\u0110-CP<\/strong>, PRIMA xin th\u00f4ng tin \u0111\u1ebfn Qu\u00fd kh\u00e1ch c\u00e1c quy \u0111\u1ecbnh thanh to\u00e1n nh\u01b0 sau:<\/p><ol start=\"1\"><li><strong> H\u00ccNH TH\u1ee8C THANH TO\u00c1N<\/strong><\/li><\/ol><table style=\"border-collapse: collapse; border: 1px solid #000;\" width=\"633\"><tbody><tr><td style=\"border: 1px solid #000;\" width=\"160\">\u00a0<\/td><td style=\"border: 1px solid #000;\" width=\"170\">Giao d\u1ecbch d\u01b0\u1edbi 20.000.000 \u0111\u1ed3ng (01 ng\u00e0y\/ 01 kh\u00e1ch h\u00e0ng)<\/td><td style=\"border: 1px solid #000;\" width=\"189\">Giao d\u1ecbch t\u1eeb 20.000.000 \u0111\u1ed3ng tr\u1edf l\u00ean (01 ng\u00e0y\/ 01 kh\u00e1ch h\u00e0ng)<\/td><td style=\"border: 1px solid #000;\" width=\"113\">Ghi ch\u00fa<\/td><\/tr><tr><td style=\"border: 1px solid #000;\" width=\"160\">Chuy\u1ec3n kho\u1ea3n tr\u1ef1c ti\u1ebfp t\u1eeb t\u00e0i kho\u1ea3n ng\u00e2n h\u00e0ng ch\u00ednh ch\u1ee7 th\u00f4ng qua \u1ee9ng d\u1ee5ng ng\u00e2n h\u00e0ng ho\u1eb7c \u1ee7y nhi\u1ec7m chi<\/td><td style=\"border: 1px solid #000;\" width=\"170\">\u00c1p d\u1ee5ng<\/td><td style=\"border: 1px solid #000;\" width=\"189\">\u00c1p d\u1ee5ng<\/td><td style=\"border: 1px solid #000;\" width=\"113\">\u00a0<\/td><\/tr><tr><td style=\"border: 1px solid #000;\" width=\"160\">Th\u1ebb ghi n\u1ee3 (Debit Card\/ATM)<\/td><td style=\"border: 1px solid #000;\" width=\"170\">\u00c1p d\u1ee5ng<\/td><td style=\"border: 1px solid #000;\" width=\"189\">Kh\u00f4ng \u00c1p d\u1ee5ng<\/td><td style=\"border: 1px solid #000;\" width=\"113\">\u00a0<\/td><\/tr><tr><td style=\"border: 1px solid #000;\" width=\"160\">Th\u1ebb t\u00edn d\u1ee5ng, th\u1ebb tr\u1ea3 tr\u01b0\u1edbc<\/td><td style=\"border: 1px solid #000;\" width=\"170\">\u00c1p d\u1ee5ng<\/td><td style=\"border: 1px solid #000;\" width=\"189\">Kh\u00f4ng \u00c1p d\u1ee5ng<\/td><td style=\"border: 1px solid #000;\" width=\"113\">\u00a0<\/td><\/tr><tr><td style=\"border: 1px solid #000;\" width=\"160\">V\u00ed \u0111i\u1ec7n t\u1eed (VNPay)<\/td><td style=\"border: 1px solid #000;\" width=\"170\">\u00c1p d\u1ee5ng<\/td><td style=\"border: 1px solid #000;\" width=\"189\">Kh\u00f4ng \u00c1p d\u1ee5ng<\/td><td style=\"border: 1px solid #000;\" width=\"113\"><a href=\"https:\/\/prima.com.vn\/en\/huong-dan-thanh-toan-vnpay\/\">H\u01b0\u1edbng d\u1eabn thanh to\u00e1n<\/a>\u00a0<\/td><\/tr><tr><td style=\"border: 1px solid #000;\" width=\"160\">V\u00ed \u0111i\u1ec7n t\u1eed (Payoo)<\/td><td style=\"border: 1px solid #000;\" width=\"170\">\u00c1p d\u1ee5ng<\/td><td style=\"border: 1px solid #000;\" width=\"189\">Kh\u00f4ng \u00c1p d\u1ee5ng<\/td><td style=\"border: 1px solid #000;\" width=\"113\">H\u1ed7 tr\u1ee3 thanh to\u00e1n tr\u1ea3 tr\u01b0\u1edbc<\/td><\/tr><tr><td style=\"border: 1px solid #000;\" width=\"160\">Thanh to\u00e1n qua \u0111\u01a1n v\u1ecb trung gian<\/td><td style=\"border: 1px solid #000;\" width=\"170\">\u00a0<\/td><td style=\"border: 1px solid #000;\" width=\"189\">\u00a0<\/td><td style=\"border: 1px solid #000;\" width=\"113\">Ch\u01b0a kh\u1ea3 d\u1ee5ng<\/td><\/tr><tr><td style=\"border: 1px solid #000;\" width=\"160\">Phi\u1ebfu qu\u00e0 t\u1eb7ng (voucher ti\u1ec1n m\u1eb7t ho\u1eb7c e-voucher)<\/td><td style=\"border: 1px solid #000;\" width=\"170\">\u00a0<\/td><td style=\"border: 1px solid #000;\" width=\"189\">\u00a0<\/td><td style=\"border: 1px solid #000;\" width=\"113\">Ch\u01b0a kh\u1ea3 d\u1ee5ng<\/td><\/tr><\/tbody><\/table><ol start=\"2\"><li><strong> QUY \u0110\u1ecaNH V\u1ec0 T\u00c0I KHO\u1ea2N THANH TO\u00c1N<\/strong><\/li><\/ol><ul><li>T\u00e0i kho\u1ea3n s\u1eed d\u1ee5ng \u0111\u1ec3 thanh to\u00e1n c\u1ea7n l\u00e0 t\u00e0i kho\u1ea3n ng\u00e2n h\u00e0ng ch\u00ednh ch\u1ee7, tr\u00f9ng kh\u1edbp v\u1edbi th\u00f4ng tin ng\u01b0\u1eddi \u0111\u1eb7t h\u00e0ng v\u00e0 th\u00f4ng tin xu\u1ea5t h\u00f3a \u0111\u01a1n.<\/li><li>Trong tr\u01b0\u1eddng h\u1ee3p thanh to\u00e1n t\u1eeb t\u00e0i kho\u1ea3n kh\u00f4ng ch\u00ednh ch\u1ee7, PRIMA s\u1ebd th\u1ef1c hi\u1ec7n ho\u00e0n ti\u1ec1n theo quy \u0111\u1ecbnh, trong th\u1eddi gian 07\u201315 ng\u00e0y l\u00e0m vi\u1ec7c k\u1ec3 t\u1eeb khi ti\u1ebfp nh\u1eadn y\u00eau c\u1ea7u.<\/li><li>Th\u00f4ng tin t\u00e0i kho\u1ea3n PRIMA<\/li><\/ul><ul><li style=\"list-style-type: none;\"><ul><li>S\u1ed1 t\u00e0i kho\u1ea3n: 0121000697962<\/li><li>Ch\u1ee7 t\u00e0i kho\u1ea3n: Chi nh\u00e1nh C\u00f4ng Ty TNHH Pranda Vi\u1ec7t Nam<\/li><li>Ng\u00e2n h\u00e0ng: Vietcombank Chi nh\u00e1nh \u0110\u1ed3ng Nai<\/li><\/ul><\/li><\/ul><ol start=\"3\"><li><strong> QUY \u0110\u1ecaNH THANH TO\u00c1N CHO \u0110\u01a0N H\u00c0NG GIAO T\u1eacN N\u01a0I<\/strong><\/li><\/ol><ul><li>V\u1edbi <strong>s\u1ea3n ph\u1ea9m v\u00e0ng t\u1eeb 20.000.000 \u0111\u1ed3ng tr\u1edf l\u00ean<\/strong> ho\u1eb7c <strong>\u0111\u01a1n h\u00e0ng v\u00e0ng c\u00f3 t\u1ed5ng gi\u00e1 tr\u1ecb t\u1eeb 20.000.000 \u0111\u1ed3ng tr\u1edf l\u00ean<\/strong>, theo Ngh\u1ecb \u0111\u1ecbnh 232\/2025\/N\u0110-CP, Qu\u00fd kh\u00e1ch vui l\u00f2ng <strong>thanh to\u00e1n tr\u01b0\u1edbc 100% gi\u00e1 tr\u1ecb \u0111\u01a1n h\u00e0ng<\/strong>.<\/li><li>H\u00ecnh th\u1ee9c \u00e1p d\u1ee5ng: chuy\u1ec3n kho\u1ea3n t\u1eeb t\u00e0i kho\u1ea3n ng\u00e2n h\u00e0ng ch\u00ednh ch\u1ee7, tr\u00f9ng kh\u1edbp th\u00f4ng tin ng\u01b0\u1eddi \u0111\u1eb7t h\u00e0ng v\u00e0 xu\u1ea5t h\u00f3a \u0111\u01a1n, \u0111\u1ebfn t\u00e0i kho\u1ea3n c\u1ee7a PRIMA.<\/li><\/ul>\t\t\t\t\t\t<\/div>\n\t\t\t\t<\/div>\n\t\t\t\t\t<\/div>\n\t\t<\/div>\n\t\t\t\t\t\t\t<\/div>\n\t\t<\/section>\n\t\t\t\t\t\t\t<\/div>","protected":false},"excerpt":{"rendered":"<p>THANH TO\u00c1N TRANG CH\u1ee6 H\u01af\u1edaNG D\u1eaaN THANH TO\u00c1N \u0110\u1ec3 \u0111\u1ea3m b\u1ea3o c\u00e1c giao d\u1ecbch mua b\u00e1n v\u00e0ng \u0111\u01b0\u1ee3c th\u1ef1c hi\u1ec7n<\/p>","protected":false},"author":12,"featured_media":0,"parent":0,"menu_order":0,"comment_status":"closed","ping_status":"closed","template":"","meta":{"footnotes":""},"class_list":["post-16645","page","type-page","status-publish","hentry"],"acf":[],"_links":{"self":[{"href":"https:\/\/prima.com.vn\/en\/wp-json\/wp\/v2\/pages\/16645","targetHints":{"allow":["GET"]}}],"collection":[{"href":"https:\/\/prima.com.vn\/en\/wp-json\/wp\/v2\/pages"}],"about":[{"href":"https:\/\/prima.com.vn\/en\/wp-json\/wp\/v2\/types\/page"}],"author":[{"embeddable":true,"href":"https:\/\/prima.com.vn\/en\/wp-json\/wp\/v2\/users\/12"}],"replies":[{"embeddable":true,"href":"https:\/\/prima.com.vn\/en\/wp-json\/wp\/v2\/comments?post=16645"}],"version-history":[{"count":9,"href":"https:\/\/prima.com.vn\/en\/wp-json\/wp\/v2\/pages\/16645\/revisions"}],"predecessor-version":[{"id":16658,"href":"https:\/\/prima.com.vn\/en\/wp-json\/wp\/v2\/pages\/16645\/revisions\/16658"}],"wp:attachment":[{"href":"https:\/\/prima.com.vn\/en\/wp-json\/wp\/v2\/media?parent=16645"}],"curies":[{"name":"wp","href":"https:\/\/api.w.org\/{rel}","templated":true}]}}