{"id":15902,"date":"2025-08-07T10:04:41","date_gmt":"2025-08-07T03:04:41","guid":{"rendered":"https:\/\/prima.com.vn\/?page_id=15902"},"modified":"2025-08-07T10:04:41","modified_gmt":"2025-08-07T03:04:41","slug":"huong-dan-thanh-toan-vnpay","status":"publish","type":"page","link":"https:\/\/prima.com.vn\/en\/huong-dan-thanh-toan-vnpay\/","title":{"rendered":"H\u01b0\u1edbng d\u1eabn thanh to\u00e1n VNPAY"},"content":{"rendered":"<h3 style=\"text-align: center;\"><b>H\u01af\u1edaNG D\u1eaaN THANH TO\u00c1N VNPAY TR\u00caN WEBSITE<\/b><\/h3>\n<p style=\"text-align: left;\"><b>C\u1ed5ng thanh to\u00e1n VNPAY<\/b><span style=\"font-weight: 400;\"> l\u00e0 gi\u1ea3i ph\u00e1p thanh to\u00e1n do C\u00f4ng ty C\u1ed5 ph\u1ea7n Gi\u1ea3i ph\u00e1p Thanh to\u00e1n Vi\u1ec7t Nam (VNPAY) ph\u00e1t tri\u1ec3n. Kh\u00e1ch h\u00e0ng s\u1eed d\u1ee5ng th\u1ebb, t\u00e0i kho\u1ea3n ng\u00e2n h\u00e0ng, t\u00ednh n\u0103ng QR Pay\/VNPAY-QR \u0111\u01b0\u1ee3c t\u00edch h\u1ee3p s\u1eb5n tr\u00ean \u1ee9ng d\u1ee5ng Mobile Banking c\u1ee7a c\u00e1c ng\u00e2n h\u00e0ng ho\u1eb7c V\u00ed \u0111i\u1ec7n t\u1eed li\u00ean k\u1ebft \u0111\u1ec3 thanh to\u00e1n c\u00e1c giao d\u1ecbch v\u00e0 nh\u1eadp m\u00e3 gi\u1ea3m gi\u00e1 (n\u1ebfu c\u00f3)<br \/>\n<\/span><\/p>\n<p style=\"text-align: center;\"><b>Qu\u00e9t m\u00e3 VNPAY-QR tr\u00ean 40+ \u1ee8ng d\u1ee5ng Mobile Banking v\u00e0 15+ V\u00ed \u0111i\u1ec7n t\u1eed li\u00ean k\u1ebft<\/b><span style=\"font-weight: 400;\"><img fetchpriority=\"high\" decoding=\"async\" class=\"size-full wp-image-15910 aligncenter\" src=\"https:\/\/prima.com.vn\/wp-content\/uploads\/2025\/08\/1.-Danh-sach-ngan-hang-va-the-VNPAY-QR.png\" alt=\"\" width=\"1280\" height=\"1235\" srcset=\"https:\/\/prima.com.vn\/wp-content\/uploads\/2025\/08\/1.-Danh-sach-ngan-hang-va-the-VNPAY-QR.png 1280w, https:\/\/prima.com.vn\/wp-content\/uploads\/2025\/08\/1.-Danh-sach-ngan-hang-va-the-VNPAY-QR-300x289.png 300w, https:\/\/prima.com.vn\/wp-content\/uploads\/2025\/08\/1.-Danh-sach-ngan-hang-va-the-VNPAY-QR-1024x988.png 1024w, https:\/\/prima.com.vn\/wp-content\/uploads\/2025\/08\/1.-Danh-sach-ngan-hang-va-the-VNPAY-QR-768x741.png 768w, https:\/\/prima.com.vn\/wp-content\/uploads\/2025\/08\/1.-Danh-sach-ngan-hang-va-the-VNPAY-QR-12x12.png 12w, https:\/\/prima.com.vn\/wp-content\/uploads\/2025\/08\/1.-Danh-sach-ngan-hang-va-the-VNPAY-QR-600x579.png 600w, https:\/\/prima.com.vn\/wp-content\/uploads\/2025\/08\/1.-Danh-sach-ngan-hang-va-the-VNPAY-QR-100x96.png 100w\" sizes=\"(max-width: 1280px) 100vw, 1280px\" \/><\/span><\/p>\n<p style=\"text-align: center;\"><b>40+ Th\u1ebb ATM v\u00e0 t\u00e0i kho\u1ea3n ng\u00e2n h\u00e0ng n\u1ed9i \u0111\u1ecba<\/b><\/p>\n<p><img decoding=\"async\" class=\"size-full wp-image-15909 aligncenter\" src=\"https:\/\/prima.com.vn\/wp-content\/uploads\/2025\/08\/3.-ATM-va-tai-khoan-noi-dia.png\" alt=\"\" width=\"1724\" height=\"648\" srcset=\"https:\/\/prima.com.vn\/wp-content\/uploads\/2025\/08\/3.-ATM-va-tai-khoan-noi-dia.png 1724w, https:\/\/prima.com.vn\/wp-content\/uploads\/2025\/08\/3.-ATM-va-tai-khoan-noi-dia-300x113.png 300w, https:\/\/prima.com.vn\/wp-content\/uploads\/2025\/08\/3.-ATM-va-tai-khoan-noi-dia-1024x385.png 1024w, https:\/\/prima.com.vn\/wp-content\/uploads\/2025\/08\/3.-ATM-va-tai-khoan-noi-dia-768x289.png 768w, https:\/\/prima.com.vn\/wp-content\/uploads\/2025\/08\/3.-ATM-va-tai-khoan-noi-dia-1536x577.png 1536w, https:\/\/prima.com.vn\/wp-content\/uploads\/2025\/08\/3.-ATM-va-tai-khoan-noi-dia-18x7.png 18w, https:\/\/prima.com.vn\/wp-content\/uploads\/2025\/08\/3.-ATM-va-tai-khoan-noi-dia-600x226.png 600w, https:\/\/prima.com.vn\/wp-content\/uploads\/2025\/08\/3.-ATM-va-tai-khoan-noi-dia-100x38.png 100w\" sizes=\"(max-width: 1724px) 100vw, 1724px\" \/><\/p>\n<p style=\"text-align: center;\"><b>5 Th\u1ebb thanh to\u00e1n qu\u1ed1c t\u1ebf<\/b><\/p>\n<p><img decoding=\"async\" class=\"size-full wp-image-15907 aligncenter\" src=\"https:\/\/prima.com.vn\/wp-content\/uploads\/2025\/08\/4.-The-quoc-te.png\" alt=\"\" width=\"642\" height=\"78\" srcset=\"https:\/\/prima.com.vn\/wp-content\/uploads\/2025\/08\/4.-The-quoc-te.png 642w, https:\/\/prima.com.vn\/wp-content\/uploads\/2025\/08\/4.-The-quoc-te-300x36.png 300w, https:\/\/prima.com.vn\/wp-content\/uploads\/2025\/08\/4.-The-quoc-te-18x2.png 18w, https:\/\/prima.com.vn\/wp-content\/uploads\/2025\/08\/4.-The-quoc-te-600x73.png 600w, https:\/\/prima.com.vn\/wp-content\/uploads\/2025\/08\/4.-The-quoc-te-100x12.png 100w\" sizes=\"(max-width: 642px) 100vw, 642px\" \/><\/p>\n<p style=\"text-align: center;\"><b>Apple Pay<\/b><\/p>\n<p><img loading=\"lazy\" decoding=\"async\" class=\"size-full wp-image-15908 aligncenter\" src=\"https:\/\/prima.com.vn\/wp-content\/uploads\/2025\/08\/5.-Apple-pay.png\" alt=\"\" width=\"388\" height=\"82\" srcset=\"https:\/\/prima.com.vn\/wp-content\/uploads\/2025\/08\/5.-Apple-pay.png 388w, https:\/\/prima.com.vn\/wp-content\/uploads\/2025\/08\/5.-Apple-pay-300x63.png 300w, https:\/\/prima.com.vn\/wp-content\/uploads\/2025\/08\/5.-Apple-pay-18x4.png 18w, https:\/\/prima.com.vn\/wp-content\/uploads\/2025\/08\/5.-Apple-pay-100x21.png 100w\" sizes=\"(max-width: 388px) 100vw, 388px\" \/><\/p>\n<p style=\"text-align: center;\"><span style=\"font-weight: 400;\">(Ph\u1ee5 thu\u1ed9c v\u00e0o t\u1ed5 ch\u1ee9c th\u1ebb v\u00e0 ng\u00e2n h\u00e0ng ph\u00e1t h\u00e0nh th\u1ebb. Chi ti\u1ebft danh s\u00e1ch <\/span><a href=\"https:\/\/support.apple.com\/en-us\/102897\" target=\"_blank\" rel=\"noopener\"><b>t\u1ea1i \u0111\u00e2y<\/b><\/a><b>)<\/b><\/p>\n<p>&nbsp;<\/p>\n<p style=\"text-align: center;\"><b>C\u00e1c ph\u01b0\u01a1ng th\u1ee9c thanh to\u00e1n qua VNPAY<\/b><\/p>\n<p><img loading=\"lazy\" decoding=\"async\" class=\"wp-image-15906 aligncenter\" src=\"https:\/\/prima.com.vn\/wp-content\/uploads\/2025\/08\/5.-Cac-phuong-thuc-thanh-toan.jpg\" alt=\"\" width=\"748\" height=\"969\" srcset=\"https:\/\/prima.com.vn\/wp-content\/uploads\/2025\/08\/5.-Cac-phuong-thuc-thanh-toan.jpg 1170w, https:\/\/prima.com.vn\/wp-content\/uploads\/2025\/08\/5.-Cac-phuong-thuc-thanh-toan-232x300.jpg 232w, https:\/\/prima.com.vn\/wp-content\/uploads\/2025\/08\/5.-Cac-phuong-thuc-thanh-toan-791x1024.jpg 791w, https:\/\/prima.com.vn\/wp-content\/uploads\/2025\/08\/5.-Cac-phuong-thuc-thanh-toan-768x994.jpg 768w, https:\/\/prima.com.vn\/wp-content\/uploads\/2025\/08\/5.-Cac-phuong-thuc-thanh-toan-9x12.jpg 9w, https:\/\/prima.com.vn\/wp-content\/uploads\/2025\/08\/5.-Cac-phuong-thuc-thanh-toan-600x777.jpg 600w, https:\/\/prima.com.vn\/wp-content\/uploads\/2025\/08\/5.-Cac-phuong-thuc-thanh-toan-100x129.jpg 100w\" sizes=\"(max-width: 748px) 100vw, 748px\" \/><\/p>\n<p><b>1. Ph\u01b0\u01a1ng th\u1ee9c thanh to\u00e1n qua \u201c\u1ee8ng d\u1ee5ng thanh to\u00e1n h\u1ed7 tr\u1ee3 VNPAY-QR\u201d<\/b><\/p>\n<p>&nbsp;<\/p>\n<p><b>B\u01b0\u1edbc 1<\/b><span style=\"font-weight: 400;\">: Qu\u00fd kh\u00e1ch l\u1ef1a ch\u1ecdn s\u1ea3n ph\u1ea9m, d\u1ecbch v\u1ee5 v\u00e0 ch\u1ecdn Thanh to\u00e1n ngay ho\u1eb7c \u0110\u1eb7t h\u00e0ng <\/span><span style=\"font-weight: 400;\"><br \/>\n<\/span><span style=\"font-weight: 400;\">T\u1ea1i trang thanh to\u00e1n, vui l\u00f2ng ki\u1ec3m tra l\u1ea1i s\u1ea3n ph\u1ea9m \u0111\u00e3 \u0111\u1eb7t, \u0111i\u1ec1n \u0111\u1ea7y \u0111\u1ee7 th\u00f4ng tin ng\u01b0\u1eddi nh\u1eadn h\u00e0ng, ch\u1ecdn ph\u01b0\u01a1ng th\u1ee9c thanh to\u00e1n VNPAY v\u00e0 nh\u1ea5n n\u00fat \u201c\u0110\u1eb7t h\u00e0ng ngay\u201d.<\/span><span style=\"font-weight: 400;\"><\/p>\n<p><\/span><\/p>\n<p><b>B\u01b0\u1edbc 2<\/b><span style=\"font-weight: 400;\">: M\u00e0n h\u00ecnh thanh to\u00e1n chuy\u1ec3n sang giao di\u1ec7n c\u1ed5ng thanh to\u00e1n VNPAY. Ch\u1ecdn ph\u01b0\u01a1ng th\u1ee9c\u00a0 \u201c\u1ee8ng d\u1ee5ng thanh to\u00e1n h\u1ed7 tr\u1ee3 VNPAY-QR\u201d<\/span><\/p>\n<p>&nbsp;<\/p>\n<p><b>B\u01b0\u1edbc 3<\/b><span style=\"font-weight: 400;\">: H\u1ec7 th\u1ed1ng hi\u1ec3n th\u1ecb m\u00e3 QR c\u00f9ng v\u1edbi s\u1ed1 ti\u1ec1n c\u1ea7n thanh to\u00e1n, Qu\u00fd kh\u00e1ch ki\u1ec3m tra l\u1ea1i s\u1ed1 ti\u1ec1n. S\u1eed d\u1ee5ng \u1ee9ng d\u1ee5ng ng\u00e2n h\u00e0ng (theo danh s\u00e1ch li\u1ec7t k\u00ea), ch\u1ecdn <\/span><b>\u201cQu\u00e9t M\u00e3\u201d<\/b><span style=\"font-weight: 400;\"> v\u00e0 ti\u1ebfn h\u00e0nh qu\u00e9t m\u00e3 QR tr\u00ean m\u00e0n h\u00ecnh thanh to\u00e1n website<\/span><\/p>\n<p><i><span style=\"font-weight: 400;\">*L\u01b0u \u00fd: M\u00e3 QR c\u00f3 hi\u1ec7u l\u1ef1c trong 15 ph\u00fat\u00a0<\/span><\/i><\/p>\n<p><i><span style=\"font-weight: 400;\"><br \/>\n<\/span><\/i><i><span style=\"font-weight: 400;\">\u0110\u1ec3 qu\u00e1 tr\u00ecnh thanh to\u00e1n th\u00e0nh c\u00f4ng, kh\u00e1ch h\u00e0ng vui l\u00f2ng tham kh\u1ea3o tr\u01b0\u1edbc c\u00e1c \u0111i\u1ec1u ki\u1ec7n v\u00e0 thao t\u00e1c qu\u00e9t m\u00e3 tr\u00ean \u0111i\u1ec7n tho\u1ea1i \u0111\u1ec3 s\u1eb5n s\u00e0ng, tr\u00e1nh s\u1ef1 c\u1ed1 h\u1ebft th\u1eddi gian \u1ea3nh h\u01b0\u1edfng \u0111\u1ebfn thanh to\u00e1n v\u00e0 m\u00e3 khuy\u1ebfn m\u1ea1i c\u1ee7a qu\u00fd kh\u00e1ch.<\/span><\/i><\/p>\n<p>&nbsp;<\/p>\n<p><b>B\u01b0\u1edbc 4<\/b><span style=\"font-weight: 400;\">: Ki\u1ec3m tra th\u00f4ng tin, nh\u1eadp m\u00e3 gi\u1ea3m gi\u00e1 (n\u1ebfu c\u00f3) v\u00e0 ho\u00e0n t\u1ea5t thanh to\u00e1n<\/span><span style=\"font-weight: 400;\"><\/p>\n<p><\/span><\/p>\n<p><span style=\"font-weight: 400;\">Khi th\u1ef1c hi\u1ec7n thanh to\u00e1n ho\u00e0n t\u1ea5t Qu\u00fd kh\u00e1ch s\u1ebd nh\u1eadn \u0111\u01b0\u1ee3c th\u00f4ng b\u00e1o x\u00e1c nh\u1eadn \u0111\u01a1n h\u00e0ng \u0111\u1eb7t h\u00e0ng th\u00e0nh c\u00f4ng t\u1ea1i website<\/span><span style=\"font-weight: 400;\"><br \/>\n<\/span><\/p>\n<p>&nbsp;<\/p>\n<p><img loading=\"lazy\" decoding=\"async\" class=\"wp-image-15905 aligncenter\" src=\"https:\/\/prima.com.vn\/wp-content\/uploads\/2025\/08\/6.-HDTT-VNPAY-QR.png\" alt=\"\" width=\"1101\" height=\"510\" srcset=\"https:\/\/prima.com.vn\/wp-content\/uploads\/2025\/08\/6.-HDTT-VNPAY-QR.png 1442w, https:\/\/prima.com.vn\/wp-content\/uploads\/2025\/08\/6.-HDTT-VNPAY-QR-300x139.png 300w, https:\/\/prima.com.vn\/wp-content\/uploads\/2025\/08\/6.-HDTT-VNPAY-QR-1024x474.png 1024w, https:\/\/prima.com.vn\/wp-content\/uploads\/2025\/08\/6.-HDTT-VNPAY-QR-768x356.png 768w, https:\/\/prima.com.vn\/wp-content\/uploads\/2025\/08\/6.-HDTT-VNPAY-QR-18x8.png 18w, https:\/\/prima.com.vn\/wp-content\/uploads\/2025\/08\/6.-HDTT-VNPAY-QR-600x278.png 600w, https:\/\/prima.com.vn\/wp-content\/uploads\/2025\/08\/6.-HDTT-VNPAY-QR-100x46.png 100w\" sizes=\"(max-width: 1101px) 100vw, 1101px\" \/><\/p>\n<p>&nbsp;<\/p>\n<p style=\"text-align: center;\"><i><span style=\"font-weight: 400;\">H\u01b0\u1edbng d\u1eabn thanh to\u00e1n qua t\u00ednh n\u0103ng QR Pay\/VNPAY-QR<\/span><\/i><\/p>\n<p><b>2. Ph\u01b0\u01a1ng th\u1ee9c thanh to\u00e1n qua \u201cTh\u1ebb n\u1ed9i \u0111\u1ecba v\u00e0 t\u00e0i kho\u1ea3n ng\u00e2n h\u00e0ng\u201d<\/b><\/p>\n<p><b><br \/>\n<\/b><b>B\u01b0\u1edbc 1<\/b><span style=\"font-weight: 400;\">: Qu\u00fd kh\u00e1ch l\u1ef1a ch\u1ecdn s\u1ea3n ph\u1ea9m, d\u1ecbch v\u1ee5 v\u00e0 ch\u1ecdn Thanh to\u00e1n ngay ho\u1eb7c \u0110\u1eb7t h\u00e0ng <\/span><span style=\"font-weight: 400;\"><br \/>\n<\/span><span style=\"font-weight: 400;\">T\u1ea1i trang thanh to\u00e1n, vui l\u00f2ng ki\u1ec3m tra l\u1ea1i s\u1ea3n ph\u1ea9m \u0111\u00e3 \u0111\u1eb7t, \u0111i\u1ec1n \u0111\u1ea7y \u0111\u1ee7 th\u00f4ng tin ng\u01b0\u1eddi nh\u1eadn h\u00e0ng, ch\u1ecdn ph\u01b0\u01a1ng th\u1ee9c thanh to\u00e1n VNPAY v\u00e0 nh\u1ea5n n\u00fat \u201c\u0110\u1eb7t h\u00e0ng ngay\u201d.<\/span><\/p>\n<p><span style=\"font-weight: 400;\"><br \/>\n<\/span><b>B\u01b0\u1edbc 2<\/b><span style=\"font-weight: 400;\">: M\u00e0n h\u00ecnh thanh to\u00e1n chuy\u1ec3n sang giao di\u1ec7n c\u1ed5ng thanh to\u00e1n VNPAY. Ch\u1ecdn ph\u01b0\u01a1ng th\u1ee9c\u00a0 \u201cTh\u1ebb n\u1ed9i \u0111\u1ecba v\u00e0 t\u00e0i kho\u1ea3n ng\u00e2n h\u00e0ng\u201d v\u00e0 ch\u1ecdn ng\u00e2n h\u00e0ng mu\u1ed1n thanh to\u00e1n th\u1ebb trong danh s\u00e1ch\u00a0<\/span><\/p>\n<p><span style=\"font-weight: 400;\"><br \/>\n<\/span><b>B\u01b0\u1edbc 3<\/b><span style=\"font-weight: 400;\">: Qu\u00fd kh\u00e1ch vui l\u00f2ng th\u1ef1c hi\u1ec7n nh\u1eadp c\u00e1c th\u00f4ng tin th\u1ebb\/t\u00e0i kho\u1ea3n theo y\u00eau c\u1ea7u v\u00e0 ch\u1ecdn \u201cTi\u1ebfp t\u1ee5c\u201d. M\u00e3 OTP s\u1ebd \u0111\u01b0\u1ee3c g\u1eedi v\u1ec1 \u0111i\u1ec7n tho\u1ea1i \u0111\u0103ng k\u00fd, nh\u1eadp m\u00e3 OTP \u0111\u1ec3 ho\u00e0n t\u1ea5t giao d\u1ecbch\u00a0<\/span><\/p>\n<p><i><span style=\"font-weight: 400;\">*L\u01b0u \u00fd: Giao d\u1ecbch s\u1ebd h\u1ebft h\u1ea1n sau 15 ph\u00fat\u00a0<\/span><\/i><\/p>\n<p><b>B\u01b0\u1edbc 4<\/b><span style=\"font-weight: 400;\">: Khi th\u1ef1c hi\u1ec7n thanh to\u00e1n ho\u00e0n t\u1ea5t Qu\u00fd kh\u00e1ch s\u1ebd nh\u1eadn \u0111\u01b0\u1ee3c th\u00f4ng b\u00e1o x\u00e1c nh\u1eadn \u0111\u01a1n h\u00e0ng \u0111\u1eb7t h\u00e0ng th\u00e0nh c\u00f4ng t\u1ea1i website<\/span><\/p>\n<p><img loading=\"lazy\" decoding=\"async\" class=\"alignnone size-full wp-image-15904\" src=\"https:\/\/prima.com.vn\/wp-content\/uploads\/2025\/08\/7.-Giao-dien-TT-The-noi-dia-va-TK-ngan-hang.png\" alt=\"\" width=\"1999\" height=\"677\" srcset=\"https:\/\/prima.com.vn\/wp-content\/uploads\/2025\/08\/7.-Giao-dien-TT-The-noi-dia-va-TK-ngan-hang.png 1999w, https:\/\/prima.com.vn\/wp-content\/uploads\/2025\/08\/7.-Giao-dien-TT-The-noi-dia-va-TK-ngan-hang-300x102.png 300w, https:\/\/prima.com.vn\/wp-content\/uploads\/2025\/08\/7.-Giao-dien-TT-The-noi-dia-va-TK-ngan-hang-1024x347.png 1024w, https:\/\/prima.com.vn\/wp-content\/uploads\/2025\/08\/7.-Giao-dien-TT-The-noi-dia-va-TK-ngan-hang-768x260.png 768w, https:\/\/prima.com.vn\/wp-content\/uploads\/2025\/08\/7.-Giao-dien-TT-The-noi-dia-va-TK-ngan-hang-1536x520.png 1536w, https:\/\/prima.com.vn\/wp-content\/uploads\/2025\/08\/7.-Giao-dien-TT-The-noi-dia-va-TK-ngan-hang-18x6.png 18w, https:\/\/prima.com.vn\/wp-content\/uploads\/2025\/08\/7.-Giao-dien-TT-The-noi-dia-va-TK-ngan-hang-600x203.png 600w, https:\/\/prima.com.vn\/wp-content\/uploads\/2025\/08\/7.-Giao-dien-TT-The-noi-dia-va-TK-ngan-hang-100x34.png 100w\" sizes=\"(max-width: 1999px) 100vw, 1999px\" \/><\/p>\n<p style=\"text-align: center;\"><i><span style=\"font-weight: 400;\">Giao di\u1ec7n thanh to\u00e1n qua \u201cTh\u1ebb n\u1ed9i \u0111\u1ecba v\u00e0 t\u00e0i kho\u1ea3n ng\u00e2n h\u00e0ng\u201d<\/span><\/i><\/p>\n<p><b>3.Ph\u01b0\u01a1ng th\u1ee9c thanh to\u00e1n qua \u201cTh\u1ebb thanh to\u00e1n qu\u1ed1c t\u1ebf (Visa, MasterCard, JCB, UnionPay)\u201d<\/b><b><br \/>\n<\/b><span style=\"font-weight: 400;\">T\u01b0\u01a1ng t\u1ef1 nh\u01b0 ph\u01b0\u01a1ng th\u1ee9c thanh to\u00e1n \u201cTh\u1ebb n\u1ed9i \u0111\u1ecba v\u00e0 t\u00e0i kho\u1ea3n ng\u00e2n h\u00e0ng\u201d<\/span><\/p>\n<p><b>4.Ph\u01b0\u01a1ng th\u1ee9c thanh to\u00e1n qua \u201cV\u00ed \u0111i\u1ec7n t\u1eed VNPAY\u201d<\/b><\/p>\n<p><span style=\"font-weight: 400;\">T\u01b0\u01a1ng t\u1ef1 nh\u01b0 ph\u01b0\u01a1ng th\u1ee9c thanh to\u00e1n \u201c\u1ee8ng d\u1ee5ng thanh to\u00e1n h\u1ed7 tr\u1ee3 VNPAY-QR<\/span><\/p>\n<p><b>5.Ph\u01b0\u01a1ng th\u1ee9c thanh to\u00e1n qua \u201cApple pay\u201d<\/b><\/p>\n<p><b>B\u01b0\u1edbc 1<\/b><span style=\"font-weight: 400;\">: Truy c\u1eadp website b\u1eb1ng tr\u00ecnh duy\u1ec7t Safari, l\u1ef1a ch\u1ecdn s\u1ea3n ph\u1ea9m, d\u1ecbch v\u1ee5 v\u00e0 ch\u1ecdn Thanh to\u00e1n ngay ho\u1eb7c \u0110\u1eb7t h\u00e0ng <\/span><span style=\"font-weight: 400;\"><br \/>\n<\/span><span style=\"font-weight: 400;\">T\u1ea1i trang thanh to\u00e1n, vui l\u00f2ng ki\u1ec3m tra l\u1ea1i s\u1ea3n ph\u1ea9m \u0111\u00e3 \u0111\u1eb7t, \u0111i\u1ec1n \u0111\u1ea7y \u0111\u1ee7 th\u00f4ng tin ng\u01b0\u1eddi nh\u1eadn h\u00e0ng, ch\u1ecdn ph\u01b0\u01a1ng th\u1ee9c thanh to\u00e1n VNPAY v\u00e0 nh\u1ea5n n\u00fat \u201c\u0110\u1eb7t h\u00e0ng ngay\u201d.<\/span><span style=\"font-weight: 400;\"><\/p>\n<p><\/span><\/p>\n<p><b>B\u01b0\u1edbc 2<\/b><span style=\"font-weight: 400;\">: M\u00e0n h\u00ecnh thanh to\u00e1n chuy\u1ec3n sang giao di\u1ec7n c\u1ed5ng thanh to\u00e1n VNPAY. Ch\u1ecdn ph\u01b0\u01a1ng th\u1ee9c\u00a0 \u201cApple Pay\u201d\u00a0<\/span><\/p>\n<p><i><span style=\"font-weight: 400;\">*L\u01b0u \u00fd: Giao d\u1ecbch s\u1ebd h\u1ebft h\u1ea1n sau 15 ph\u00fat\u00a0<\/span><\/i><\/p>\n<p><span style=\"font-weight: 400;\"><br \/>\n<\/span><b>B\u01b0\u1edbc 3<\/b><span style=\"font-weight: 400;\">: S\u1eed d\u1ee5ng Face ID ho\u1eb7c Touch ID \u0111\u1ec3 thanh to\u00e1n<\/span><\/p>\n<p><b>B\u01b0\u1edbc 4<\/b><span style=\"font-weight: 400;\">: Khi th\u1ef1c hi\u1ec7n thanh to\u00e1n ho\u00e0n t\u1ea5t Qu\u00fd kh\u00e1ch s\u1ebd nh\u1eadn \u0111\u01b0\u1ee3c th\u00f4ng b\u00e1o x\u00e1c nh\u1eadn \u0111\u01a1n h\u00e0ng \u0111\u1eb7t h\u00e0ng th\u00e0nh c\u00f4ng t\u1ea1i app.<\/span><\/p>\n<p><img loading=\"lazy\" decoding=\"async\" class=\"wp-image-15903 aligncenter\" src=\"https:\/\/prima.com.vn\/wp-content\/uploads\/2025\/08\/8.-HDTT-Apple-pay-website.png\" alt=\"\" width=\"869\" height=\"666\" srcset=\"https:\/\/prima.com.vn\/wp-content\/uploads\/2025\/08\/8.-HDTT-Apple-pay-website.png 2160w, https:\/\/prima.com.vn\/wp-content\/uploads\/2025\/08\/8.-HDTT-Apple-pay-website-300x230.png 300w, https:\/\/prima.com.vn\/wp-content\/uploads\/2025\/08\/8.-HDTT-Apple-pay-website-1024x785.png 1024w, https:\/\/prima.com.vn\/wp-content\/uploads\/2025\/08\/8.-HDTT-Apple-pay-website-768x589.png 768w, https:\/\/prima.com.vn\/wp-content\/uploads\/2025\/08\/8.-HDTT-Apple-pay-website-1536x1178.png 1536w, https:\/\/prima.com.vn\/wp-content\/uploads\/2025\/08\/8.-HDTT-Apple-pay-website-2048x1570.png 2048w, https:\/\/prima.com.vn\/wp-content\/uploads\/2025\/08\/8.-HDTT-Apple-pay-website-16x12.png 16w, https:\/\/prima.com.vn\/wp-content\/uploads\/2025\/08\/8.-HDTT-Apple-pay-website-600x460.png 600w, https:\/\/prima.com.vn\/wp-content\/uploads\/2025\/08\/8.-HDTT-Apple-pay-website-100x77.png 100w\" sizes=\"(max-width: 869px) 100vw, 869px\" \/><\/p>\n<p>&nbsp;<\/p>\n<p style=\"text-align: center;\"><i><span style=\"font-weight: 400;\">H\u01b0\u1edbng d\u1eabn thanh to\u00e1n qua Apple Pay<\/span><\/i><\/p>\n<p>&nbsp;<\/p>\n<p><b>&#8212;&#8212;&#8212;&#8212;&#8212;&#8212;&#8212;<\/b><\/p>\n<p><b>K\u00caNH H\u1ed6 TR\u1ee2 VNPAY<\/b><\/p>\n<p><span style=\"font-weight: 400;\">&#8211; T\u1ed5ng \u0111\u00e0i: *3388 ho\u1eb7c 1900 55 55 77<\/span><\/p>\n<p><span style=\"font-weight: 400;\">&#8211; Zalo OA: <\/span><a href=\"https:\/\/zalo.me\/4134983655549474109\" target=\"_blank\" rel=\"noopener\"><span style=\"font-weight: 400;\">zalo.me\/4134983655549474109<\/span><\/a><\/p>\n<p><span style=\"font-weight: 400;\">&#8211; Email: <\/span><a href=\"mailto:hotro@vnpay.vn\"><span style=\"font-weight: 400;\">hotro@vnpay.vn<\/span><\/a><\/p>\n<p><span style=\"font-weight: 400;\">&#8211; Fanpage: <\/span><a href=\"http:\/\/facebook.com\/VNPAYQR.vn\" target=\"_blank\" rel=\"noopener\"><span style=\"font-weight: 400;\">facebook.com\/VNPAYQR.vn<\/span><\/a><\/p>","protected":false},"excerpt":{"rendered":"<p>H\u01af\u1edaNG D\u1eaaN THANH TO\u00c1N VNPAY TR\u00caN WEBSITE C\u1ed5ng thanh to\u00e1n VNPAY l\u00e0 gi\u1ea3i ph\u00e1p thanh to\u00e1n do C\u00f4ng ty C\u1ed5<\/p>","protected":false},"author":12,"featured_media":0,"parent":0,"menu_order":0,"comment_status":"closed","ping_status":"closed","template":"","meta":{"footnotes":""},"class_list":["post-15902","page","type-page","status-publish","hentry"],"acf":[],"_links":{"self":[{"href":"https:\/\/prima.com.vn\/en\/wp-json\/wp\/v2\/pages\/15902","targetHints":{"allow":["GET"]}}],"collection":[{"href":"https:\/\/prima.com.vn\/en\/wp-json\/wp\/v2\/pages"}],"about":[{"href":"https:\/\/prima.com.vn\/en\/wp-json\/wp\/v2\/types\/page"}],"author":[{"embeddable":true,"href":"https:\/\/prima.com.vn\/en\/wp-json\/wp\/v2\/users\/12"}],"replies":[{"embeddable":true,"href":"https:\/\/prima.com.vn\/en\/wp-json\/wp\/v2\/comments?post=15902"}],"version-history":[{"count":1,"href":"https:\/\/prima.com.vn\/en\/wp-json\/wp\/v2\/pages\/15902\/revisions"}],"predecessor-version":[{"id":15911,"href":"https:\/\/prima.com.vn\/en\/wp-json\/wp\/v2\/pages\/15902\/revisions\/15911"}],"wp:attachment":[{"href":"https:\/\/prima.com.vn\/en\/wp-json\/wp\/v2\/media?parent=15902"}],"curies":[{"name":"wp","href":"https:\/\/api.w.org\/{rel}","templated":true}]}}