{"id":101,"date":"2022-01-19T03:15:31","date_gmt":"2022-01-18T20:15:31","guid":{"rendered":"https:\/\/prima.jaysoft.asia\/?page_id=101"},"modified":"2023-03-13T11:27:02","modified_gmt":"2023-03-13T04:27:02","slug":"tin-tuc","status":"publish","type":"page","link":"https:\/\/prima.com.vn\/en\/tin-tuc\/","title":{"rendered":"Tin t\u1ee9c"},"content":{"rendered":"<div data-elementor-type=\"wp-page\" data-elementor-id=\"101\" data-post-id=\"16729\" data-obj-id=\"16729\" class=\"elementor elementor-101 dce-elementor-post-16729\" data-elementor-post-type=\"page\">\n\t\t\t\t\t\t\t\t\t<section class=\"elementor-section elementor-top-section elementor-element elementor-element-6098f1b2 wd-section-stretch-content elementor-section-content-middle elementor-section-boxed elementor-section-height-default elementor-section-height-default\" data-id=\"6098f1b2\" data-element_type=\"section\" data-settings=\"{&quot;background_background&quot;:&quot;classic&quot;}\">\n\t\t\t\t\t\t<div class=\"elementor-container elementor-column-gap-no\">\n\t\t\t\t\t<div class=\"elementor-column elementor-col-100 elementor-top-column elementor-element elementor-element-1024bd6e banner-home\" data-id=\"1024bd6e\" data-element_type=\"column\">\n\t\t\t<div class=\"elementor-widget-wrap elementor-element-populated\">\n\t\t\t\t\t\t\t\t<div class=\"elementor-element elementor-element-48b60ef7 elementor-widget elementor-widget-heading\" data-id=\"48b60ef7\" data-element_type=\"widget\" data-widget_type=\"heading.default\">\n\t\t\t\t<div class=\"elementor-widget-container\">\n\t\t\t<style>\/*! elementor - v3.18.0 - 20-12-2023 *\/\n.elementor-heading-title{padding:0;margin:0;line-height:1}.elementor-widget-heading .elementor-heading-title[class*=elementor-size-]>a{color:inherit;font-size:inherit;line-height:inherit}.elementor-widget-heading .elementor-heading-title.elementor-size-small{font-size:15px}.elementor-widget-heading .elementor-heading-title.elementor-size-medium{font-size:19px}.elementor-widget-heading .elementor-heading-title.elementor-size-large{font-size:29px}.elementor-widget-heading .elementor-heading-title.elementor-size-xl{font-size:39px}.elementor-widget-heading .elementor-heading-title.elementor-size-xxl{font-size:59px}<\/style><h2 class=\"elementor-heading-title elementor-size-default\">NEWS<\/h2>\t\t<\/div>\n\t\t\t\t<\/div>\n\t\t\t\t<div class=\"elementor-element elementor-element-947097a elementor-align-center elementor-widget elementor-widget-breadcrumbs\" data-id=\"947097a\" data-element_type=\"widget\" data-widget_type=\"breadcrumbs.default\">\n\t\t\t\t<div class=\"elementor-widget-container\">\n\t\t\t<nav aria-label=\"PAYMENT &amp; DELIVERY\" class=\"rank-math-breadcrumb\"><p><span class=\"last\">HOME<\/span><\/p><\/nav>\t\t<\/div>\n\t\t\t\t<\/div>\n\t\t\t\t\t<\/div>\n\t\t<\/div>\n\t\t\t\t\t\t\t<\/div>\n\t\t<\/section>\n\t\t\t\t<section class=\"elementor-section elementor-top-section elementor-element elementor-element-5affcd2 wd-section-stretch elementor-section-boxed elementor-section-height-default elementor-section-height-default\" data-id=\"5affcd2\" data-element_type=\"section\">\n\t\t\t\t\t\t<div class=\"elementor-container elementor-column-gap-default\">\n\t\t\t\t\t<div class=\"elementor-column elementor-col-100 elementor-top-column elementor-element elementor-element-6e65e65\" data-id=\"6e65e65\" data-element_type=\"column\">\n\t\t\t<div class=\"elementor-widget-wrap elementor-element-populated\">\n\t\t\t\t\t\t\t\t<div class=\"elementor-element elementor-element-d4dd849 elementor-grid-1 elementor-posts--thumbnail-left elementor-grid-tablet-1 elementor-grid-mobile-1 elementor-widget elementor-widget-posts\" data-id=\"d4dd849\" data-element_type=\"widget\" data-settings=\"{&quot;classic_columns&quot;:&quot;1&quot;,&quot;pagination_type&quot;:&quot;numbers&quot;,&quot;classic_columns_tablet&quot;:&quot;1&quot;,&quot;classic_row_gap&quot;:{&quot;unit&quot;:&quot;px&quot;,&quot;size&quot;:100,&quot;sizes&quot;:[]},&quot;classic_row_gap_tablet&quot;:{&quot;unit&quot;:&quot;px&quot;,&quot;size&quot;:60,&quot;sizes&quot;:[]},&quot;classic_row_gap_mobile&quot;:{&quot;unit&quot;:&quot;px&quot;,&quot;size&quot;:30,&quot;sizes&quot;:[]},&quot;classic_columns_mobile&quot;:&quot;1&quot;}\" data-widget_type=\"posts.classic\">\n\t\t\t\t<div class=\"elementor-widget-container\">\n\t\t\t<link rel=\"stylesheet\" href=\"https:\/\/prima.com.vn\/wp-content\/plugins\/elementor-pro\/assets\/css\/widget-posts.min.css\">\t\t<div class=\"elementor-posts-container elementor-posts elementor-posts--skin-classic elementor-grid\">\n\t\t\t\t<article class=\"elementor-post elementor-grid-item post-16735 post type-post status-publish format-standard hentry category-uncategorized\">\n\t\t\t\t<div class=\"elementor-post__text\">\n\t\t\t\t<h3 class=\"elementor-post__title\">\n\t\t\t<a href=\"https:\/\/prima.com.vn\/en\/kinh-nghiem-choi-ca-cuoc-tai-11uu-de-thang\/\">\n\t\t\t\tKinh nghi\u1ec7m ch\u01a1i c\u00e1 c\u01b0\u1ee3c t\u1ea1i 11UU d\u1ec5 th\u1eafng\t\t\t<\/a>\n\t\t<\/h3>\n\t\t\t\t<div class=\"elementor-post__meta-data\">\n\t\t\t\t\t<span class=\"elementor-post-author\">\n\t\t\tadmin\t\t<\/span>\n\t\t\t\t<span class=\"elementor-post-date\">\n\t\t\tApril 29, 2026\t\t<\/span>\n\t\t\t\t<\/div>\n\t\t\t\t<div class=\"elementor-post__excerpt\">\n\t\t\t<p>Kinh nghi\u1ec7m ch\u01a1i c\u00e1 c\u01b0\u1ee3c t\u1ea1i 11UU d\u1ec5 th\u1eafng Kinh nghi\u1ec7m ch\u01a1i c\u00e1 c\u01b0\u1ee3c t\u1ea1i 11UU d\u1ec5 th\u1eafng Kinh nghi\u1ec7m<\/p>\n\t\t<\/div>\n\t\t\n\t\t<a class=\"elementor-post__read-more\" href=\"https:\/\/prima.com.vn\/en\/kinh-nghiem-choi-ca-cuoc-tai-11uu-de-thang\/\" aria-label=\"Read more about Kinh nghi\u1ec7m ch\u01a1i c\u00e1 c\u01b0\u1ee3c t\u1ea1i 11UU d\u1ec5 th\u1eafng\" tabindex=\"-1\">\n\t\t\tRead More \t\t<\/a>\n\n\t\t\t\t<\/div>\n\t\t\t\t<\/article>\n\t\t\t\t<article class=\"elementor-post elementor-grid-item post-16733 post type-post status-publish format-standard hentry category-uncategorized\">\n\t\t\t\t<div class=\"elementor-post__text\">\n\t\t\t\t<h3 class=\"elementor-post__title\">\n\t\t\t<a href=\"https:\/\/prima.com.vn\/en\/555win-co-toc-do-xu-ly-nhanh-khong\/\">\n\t\t\t\t555WIN c\u00f3 t\u1ed1c \u0111\u1ed9 x\u1eed l\u00fd nhanh kh\u00f4ng\t\t\t<\/a>\n\t\t<\/h3>\n\t\t\t\t<div class=\"elementor-post__meta-data\">\n\t\t\t\t\t<span class=\"elementor-post-author\">\n\t\t\tadmin\t\t<\/span>\n\t\t\t\t<span class=\"elementor-post-date\">\n\t\t\tApril 29, 2026\t\t<\/span>\n\t\t\t\t<\/div>\n\t\t\t\t<div class=\"elementor-post__excerpt\">\n\t\t\t<p>555WIN c\u00f3 t\u1ed1c \u0111\u1ed9 x\u1eed l\u00fd nhanh kh\u00f4ng 555WIN c\u00f3 t\u1ed1c \u0111\u1ed9 x\u1eed l\u00fd nhanh kh\u00f4ng \u0110\u00e2y l\u00e0 c\u00e2u h\u1ecfi<\/p>\n\t\t<\/div>\n\t\t\n\t\t<a class=\"elementor-post__read-more\" href=\"https:\/\/prima.com.vn\/en\/555win-co-toc-do-xu-ly-nhanh-khong\/\" aria-label=\"Read more about 555WIN c\u00f3 t\u1ed1c \u0111\u1ed9 x\u1eed l\u00fd nhanh kh\u00f4ng\" tabindex=\"-1\">\n\t\t\tRead More \t\t<\/a>\n\n\t\t\t\t<\/div>\n\t\t\t\t<\/article>\n\t\t\t\t<article class=\"elementor-post elementor-grid-item post-16731 post type-post status-publish format-standard hentry category-uncategorized\">\n\t\t\t\t<div class=\"elementor-post__text\">\n\t\t\t\t<h3 class=\"elementor-post__title\">\n\t\t\t<a href=\"https:\/\/prima.com.vn\/en\/huong-dan-choi-tai-555win-cho-nguoi-moi-bat-dau\/\">\n\t\t\t\tH\u01b0\u1edbng d\u1eabn ch\u01a1i t\u1ea1i 555WIN cho ng\u01b0\u1eddi m\u1edbi b\u1eaft \u0111\u1ea7u\t\t\t<\/a>\n\t\t<\/h3>\n\t\t\t\t<div class=\"elementor-post__meta-data\">\n\t\t\t\t\t<span class=\"elementor-post-author\">\n\t\t\tadmin\t\t<\/span>\n\t\t\t\t<span class=\"elementor-post-date\">\n\t\t\tApril 29, 2026\t\t<\/span>\n\t\t\t\t<\/div>\n\t\t\t\t<div class=\"elementor-post__excerpt\">\n\t\t\t<p>H\u01b0\u1edbng d\u1eabn ch\u01a1i t\u1ea1i 555WIN cho ng\u01b0\u1eddi m\u1edbi b\u1eaft \u0111\u1ea7u H\u01b0\u1edbng d\u1eabn ch\u01a1i t\u1ea1i 555WIN cho ng\u01b0\u1eddi m\u1edbi b\u1eaft \u0111\u1ea7u<\/p>\n\t\t<\/div>\n\t\t\n\t\t<a class=\"elementor-post__read-more\" href=\"https:\/\/prima.com.vn\/en\/huong-dan-choi-tai-555win-cho-nguoi-moi-bat-dau\/\" aria-label=\"Read more about H\u01b0\u1edbng d\u1eabn ch\u01a1i t\u1ea1i 555WIN cho ng\u01b0\u1eddi m\u1edbi b\u1eaft \u0111\u1ea7u\" tabindex=\"-1\">\n\t\t\tRead More \t\t<\/a>\n\n\t\t\t\t<\/div>\n\t\t\t\t<\/article>\n\t\t\t\t<article class=\"elementor-post elementor-grid-item post-16729 post type-post status-publish format-standard hentry category-uncategorized\">\n\t\t\t\t<div class=\"elementor-post__text\">\n\t\t\t\t<h3 class=\"elementor-post__title\">\n\t\t\t<a href=\"https:\/\/prima.com.vn\/en\/555win-trai-nghiem-ca-cuoc-dinh-cao\/\">\n\t\t\t\t555WIN \u2013 Tr\u1ea3i nghi\u1ec7m c\u00e1 c\u01b0\u1ee3c \u0111\u1ec9nh cao\t\t\t<\/a>\n\t\t<\/h3>\n\t\t\t\t<div class=\"elementor-post__meta-data\">\n\t\t\t\t\t<span class=\"elementor-post-author\">\n\t\t\tadmin\t\t<\/span>\n\t\t\t\t<span class=\"elementor-post-date\">\n\t\t\tApril 29, 2026\t\t<\/span>\n\t\t\t\t<\/div>\n\t\t\t\t<div class=\"elementor-post__excerpt\">\n\t\t\t<p>555WIN \u2013 Tr\u1ea3i nghi\u1ec7m c\u00e1 c\u01b0\u1ee3c \u0111\u1ec9nh cao 555WIN \u2013 Tr\u1ea3i nghi\u1ec7m c\u00e1 c\u01b0\u1ee3c \u0111\u1ec9nh cao 555WIN \u2013 Tr\u1ea3i nghi\u1ec7m<\/p>\n\t\t<\/div>\n\t\t\n\t\t<a class=\"elementor-post__read-more\" href=\"https:\/\/prima.com.vn\/en\/555win-trai-nghiem-ca-cuoc-dinh-cao\/\" aria-label=\"Read more about 555WIN \u2013 Tr\u1ea3i nghi\u1ec7m c\u00e1 c\u01b0\u1ee3c \u0111\u1ec9nh cao\" tabindex=\"-1\">\n\t\t\tRead More \t\t<\/a>\n\n\t\t\t\t<\/div>\n\t\t\t\t<\/article>\n\t\t\t\t<\/div>\n\t\t\n\t\t\t\t<div class=\"e-load-more-anchor\" data-page=\"1\" data-max-page=\"9\" data-next-page=\"https:\/\/prima.com.vn\/en\/wp-json\/wp\/v2\/pages\/101\/page\/2\/\"><\/div>\n\t\t\t\t<nav class=\"elementor-pagination\" aria-label=\"Pagination\">\n\t\t\t<span aria-current=\"page\" class=\"page-numbers current\"><span class=\"elementor-screen-only\">Page<\/span>1<\/span>\n<a class=\"page-numbers\" href=\"https:\/\/prima.com.vn\/en\/wp-json\/wp\/v2\/pages\/101\/page\/2\/\"><span class=\"elementor-screen-only\">Page<\/span>2<\/a>\n<a class=\"page-numbers\" href=\"https:\/\/prima.com.vn\/en\/wp-json\/wp\/v2\/pages\/101\/page\/3\/\"><span class=\"elementor-screen-only\">Page<\/span>3<\/a>\n<a class=\"page-numbers\" href=\"https:\/\/prima.com.vn\/en\/wp-json\/wp\/v2\/pages\/101\/page\/4\/\"><span class=\"elementor-screen-only\">Page<\/span>4<\/a>\t\t<\/nav>\n\t\t\t\t<\/div>\n\t\t\t\t<\/div>\n\t\t\t\t\t<\/div>\n\t\t<\/div>\n\t\t\t\t\t\t\t<\/div>\n\t\t<\/section>\n\t\t\t\t<section class=\"elementor-section elementor-top-section elementor-element elementor-element-fb3e7d5 wd-section-stretch elementor-section-boxed elementor-section-height-default elementor-section-height-default\" data-id=\"fb3e7d5\" data-element_type=\"section\">\n\t\t\t\t\t\t<div class=\"elementor-container elementor-column-gap-default\">\n\t\t\t\t\t<div class=\"elementor-column elementor-col-100 elementor-top-column elementor-element elementor-element-7306659\" data-id=\"7306659\" data-element_type=\"column\">\n\t\t\t<div class=\"elementor-widget-wrap elementor-element-populated\">\n\t\t\t\t\t\t\t\t<div class=\"elementor-element elementor-element-bd16066 elementor-invisible elementor-widget elementor-widget-heading\" data-id=\"bd16066\" data-element_type=\"widget\" data-settings=\"{&quot;_animation&quot;:&quot;fadeInDown&quot;}\" data-widget_type=\"heading.default\">\n\t\t\t\t<div class=\"elementor-widget-container\">\n\t\t\t<h2 class=\"elementor-heading-title elementor-size-default\">OUR COLLECTIONS<\/h2>\t\t<\/div>\n\t\t\t\t<\/div>\n\t\t\t\t<section class=\"elementor-section elementor-inner-section elementor-element elementor-element-9a69d8a elementor-section-boxed elementor-section-height-default elementor-section-height-default wd-section-disabled\" data-id=\"9a69d8a\" data-element_type=\"section\">\n\t\t\t\t\t\t<div class=\"elementor-container elementor-column-gap-default\">\n\t\t\t\t\t<div class=\"elementor-column elementor-col-33 elementor-inner-column elementor-element elementor-element-16daa66\" data-id=\"16daa66\" data-element_type=\"column\">\n\t\t\t<div class=\"elementor-widget-wrap elementor-element-populated\">\n\t\t\t\t\t\t\t\t<div class=\"elementor-element elementor-element-f0e53ef animated-slow dce_masking-none elementor-invisible elementor-widget elementor-widget-image\" data-id=\"f0e53ef\" data-element_type=\"widget\" data-settings=\"{&quot;_animation&quot;:&quot;fadeIn&quot;}\" data-widget_type=\"image.default\">\n\t\t\t\t<div class=\"elementor-widget-container\">\n\t\t\t<style>\/*! elementor - v3.18.0 - 20-12-2023 *\/\n.elementor-widget-image{text-align:center}.elementor-widget-image a{display:inline-block}.elementor-widget-image a img[src$=\".svg\"]{width:48px}.elementor-widget-image img{vertical-align:middle;display:inline-block}<\/style>\t\t\t\t\t\t\t\t\t\t\t\t<img fetchpriority=\"high\" decoding=\"async\" width=\"750\" height=\"750\" src=\"https:\/\/prima.com.vn\/wp-content\/uploads\/2022\/02\/gold.jpg\" class=\"attachment-large size-large wp-image-1509\" alt=\"\" srcset=\"https:\/\/prima.com.vn\/wp-content\/uploads\/2022\/02\/gold.jpg 750w, https:\/\/prima.com.vn\/wp-content\/uploads\/2022\/02\/gold-300x300.jpg 300w, https:\/\/prima.com.vn\/wp-content\/uploads\/2022\/02\/gold-100x100.jpg 100w, https:\/\/prima.com.vn\/wp-content\/uploads\/2022\/02\/gold-600x600.jpg 600w, https:\/\/prima.com.vn\/wp-content\/uploads\/2022\/02\/gold-150x150.jpg 150w, https:\/\/prima.com.vn\/wp-content\/uploads\/2022\/02\/gold-12x12.jpg 12w\" sizes=\"(max-width: 750px) 100vw, 750px\" \/>\t\t\t\t\t\t\t\t\t\t\t\t\t\t\t<\/div>\n\t\t\t\t<\/div>\n\t\t\t\t<div class=\"elementor-element elementor-element-7b3a4f3 elementor-invisible elementor-widget elementor-widget-heading\" data-id=\"7b3a4f3\" data-element_type=\"widget\" data-settings=\"{&quot;_animation&quot;:&quot;fadeInDown&quot;}\" data-widget_type=\"heading.default\">\n\t\t\t\t<div class=\"elementor-widget-container\">\n\t\t\t<h3 class=\"elementor-heading-title elementor-size-default\">PRIMA GOLD<\/h3>\t\t<\/div>\n\t\t\t\t<\/div>\n\t\t\t\t\t<\/div>\n\t\t<\/div>\n\t\t\t\t<div class=\"elementor-column elementor-col-33 elementor-inner-column elementor-element elementor-element-6970d3c\" data-id=\"6970d3c\" data-element_type=\"column\">\n\t\t\t<div class=\"elementor-widget-wrap elementor-element-populated\">\n\t\t\t\t\t\t\t\t<div class=\"elementor-element elementor-element-7c32bcd animated-slow dce_masking-none elementor-invisible elementor-widget elementor-widget-image\" data-id=\"7c32bcd\" data-element_type=\"widget\" data-settings=\"{&quot;_animation&quot;:&quot;fadeIn&quot;}\" data-widget_type=\"image.default\">\n\t\t\t\t<div class=\"elementor-widget-container\">\n\t\t\t\t\t\t\t\t\t\t\t\t\t\t\t<img decoding=\"async\" width=\"751\" height=\"750\" src=\"https:\/\/prima.com.vn\/wp-content\/uploads\/2022\/02\/art.jpg\" class=\"attachment-large size-large wp-image-1508\" alt=\"\" srcset=\"https:\/\/prima.com.vn\/wp-content\/uploads\/2022\/02\/art.jpg 751w, https:\/\/prima.com.vn\/wp-content\/uploads\/2022\/02\/art-300x300.jpg 300w, https:\/\/prima.com.vn\/wp-content\/uploads\/2022\/02\/art-100x100.jpg 100w, https:\/\/prima.com.vn\/wp-content\/uploads\/2022\/02\/art-600x599.jpg 600w, https:\/\/prima.com.vn\/wp-content\/uploads\/2022\/02\/art-150x150.jpg 150w, https:\/\/prima.com.vn\/wp-content\/uploads\/2022\/02\/art-12x12.jpg 12w\" sizes=\"(max-width: 751px) 100vw, 751px\" \/>\t\t\t\t\t\t\t\t\t\t\t\t\t\t\t<\/div>\n\t\t\t\t<\/div>\n\t\t\t\t<div class=\"elementor-element elementor-element-8c76953 elementor-invisible elementor-widget elementor-widget-heading\" data-id=\"8c76953\" data-element_type=\"widget\" data-settings=\"{&quot;_animation&quot;:&quot;fadeInDown&quot;}\" data-widget_type=\"heading.default\">\n\t\t\t\t<div class=\"elementor-widget-container\">\n\t\t\t<h3 class=\"elementor-heading-title elementor-size-default\">PRIME ART<\/h3>\t\t<\/div>\n\t\t\t\t<\/div>\n\t\t\t\t\t<\/div>\n\t\t<\/div>\n\t\t\t\t<div class=\"elementor-column elementor-col-33 elementor-inner-column elementor-element elementor-element-658da12\" data-id=\"658da12\" data-element_type=\"column\">\n\t\t\t<div class=\"elementor-widget-wrap elementor-element-populated\">\n\t\t\t\t\t\t\t\t<div class=\"elementor-element elementor-element-0a1f8bc animated-slow dce_masking-none elementor-invisible elementor-widget elementor-widget-image\" data-id=\"0a1f8bc\" data-element_type=\"widget\" data-settings=\"{&quot;_animation&quot;:&quot;fadeIn&quot;}\" data-widget_type=\"image.default\">\n\t\t\t\t<div class=\"elementor-widget-container\">\n\t\t\t\t\t\t\t\t\t\t\t\t\t\t\t<img decoding=\"async\" width=\"751\" height=\"750\" src=\"https:\/\/prima.com.vn\/wp-content\/uploads\/2022\/02\/9k.jpg\" class=\"attachment-large size-large wp-image-1510\" alt=\"\" srcset=\"https:\/\/prima.com.vn\/wp-content\/uploads\/2022\/02\/9k.jpg 751w, https:\/\/prima.com.vn\/wp-content\/uploads\/2022\/02\/9k-300x300.jpg 300w, https:\/\/prima.com.vn\/wp-content\/uploads\/2022\/02\/9k-100x100.jpg 100w, https:\/\/prima.com.vn\/wp-content\/uploads\/2022\/02\/9k-600x599.jpg 600w, https:\/\/prima.com.vn\/wp-content\/uploads\/2022\/02\/9k-150x150.jpg 150w, https:\/\/prima.com.vn\/wp-content\/uploads\/2022\/02\/9k-12x12.jpg 12w\" sizes=\"(max-width: 751px) 100vw, 751px\" \/>\t\t\t\t\t\t\t\t\t\t\t\t\t\t\t<\/div>\n\t\t\t\t<\/div>\n\t\t\t\t<div class=\"elementor-element elementor-element-45001e5 elementor-invisible elementor-widget elementor-widget-heading\" data-id=\"45001e5\" data-element_type=\"widget\" data-settings=\"{&quot;_animation&quot;:&quot;fadeInDown&quot;}\" data-widget_type=\"heading.default\">\n\t\t\t\t<div class=\"elementor-widget-container\">\n\t\t\t<h3 class=\"elementor-heading-title elementor-size-default\">9K<\/h3>\t\t<\/div>\n\t\t\t\t<\/div>\n\t\t\t\t\t<\/div>\n\t\t<\/div>\n\t\t\t\t\t\t\t<\/div>\n\t\t<\/section>\n\t\t\t\t\t<\/div>\n\t\t<\/div>\n\t\t\t\t\t\t\t<\/div>\n\t\t<\/section>\n\t\t\t\t\t\t\t<\/div>","protected":false},"excerpt":{"rendered":"<p>TIN T\u1ee8C OUR COLLECTIONS PRIMA GOLD PRIME ART 9K<\/p>","protected":false},"author":1,"featured_media":0,"parent":0,"menu_order":0,"comment_status":"closed","ping_status":"closed","template":"","meta":{"footnotes":""},"class_list":["post-101","page","type-page","status-publish","hentry"],"acf":[],"_links":{"self":[{"href":"https:\/\/prima.com.vn\/en\/wp-json\/wp\/v2\/pages\/101","targetHints":{"allow":["GET"]}}],"collection":[{"href":"https:\/\/prima.com.vn\/en\/wp-json\/wp\/v2\/pages"}],"about":[{"href":"https:\/\/prima.com.vn\/en\/wp-json\/wp\/v2\/types\/page"}],"author":[{"embeddable":true,"href":"https:\/\/prima.com.vn\/en\/wp-json\/wp\/v2\/users\/1"}],"replies":[{"embeddable":true,"href":"https:\/\/prima.com.vn\/en\/wp-json\/wp\/v2\/comments?post=101"}],"version-history":[{"count":107,"href":"https:\/\/prima.com.vn\/en\/wp-json\/wp\/v2\/pages\/101\/revisions"}],"predecessor-version":[{"id":4699,"href":"https:\/\/prima.com.vn\/en\/wp-json\/wp\/v2\/pages\/101\/revisions\/4699"}],"wp:attachment":[{"href":"https:\/\/prima.com.vn\/en\/wp-json\/wp\/v2\/media?parent=101"}],"curies":[{"name":"wp","href":"https:\/\/api.w.org\/{rel}","templated":true}]}}